{"id":43,"date":"2022-11-23T10:14:11","date_gmt":"2022-11-23T09:14:11","guid":{"rendered":"http:\/\/wordpress-elisabeth.p604061.webspaceconfig.de\/?page_id=43"},"modified":"2026-02-18T13:54:04","modified_gmt":"2026-02-18T12:54:04","slug":"bildungsangebote","status":"publish","type":"page","link":"https:\/\/familienzentrum-st-elisabeth.info\/?page_id=43","title":{"rendered":"Veranstaltungskalender"},"content":{"rendered":"<div class=\"n2-section-smartslider fitvidsignore  n2_clear\" data-ssid=\"12\"><div id=\"n2-ss-12-align\" class=\"n2-ss-align\"><div class=\"n2-padding\"><div id=\"n2-ss-12\" data-creator=\"Smart Slider 3\" data-responsive=\"auto\" class=\"n2-ss-slider n2-ow n2-has-hover n2notransition  \">\n        <div class=\"n2-ss-slider-1 n2_ss__touch_element n2-ow\">\n            <div class=\"n2-ss-slider-2 n2-ow\">\n                                                <div class=\"n2-ss-slider-3 n2-ow\">\n\n                    <div class=\"n2-ss-slide-backgrounds n2-ow-all\"><div class=\"n2-ss-slide-background\" data-public-id=\"1\" data-mode=\"fill\"><div class=\"n2-ss-slide-background-image\" data-blur=\"0\" data-opacity=\"100\" data-x=\"50\" data-y=\"50\" data-alt=\"\" data-title=\"\"><picture class=\"skip-lazy\" data-skip-lazy=\"1\"><img decoding=\"async\" src=\"\/\/familienzentrum-st-elisabeth.info\/wp-content\/uploads\/2023\/09\/Kita_Webseite_neu.png\" alt=\"\" title=\"\" loading=\"lazy\" class=\"skip-lazy\" data-skip-lazy=\"1\"><\/picture><\/div><div data-color=\"RGBA(255,255,255,0)\" style=\"background-color: RGBA(255,255,255,0);\" class=\"n2-ss-slide-background-color\"><\/div><\/div><\/div>                    <div class=\"n2-ss-slider-4 n2-ow\">\n                        <svg xmlns=\"http:\/\/www.w3.org\/2000\/svg\" viewBox=\"0 0 1200 400\" data-related-device=\"desktopPortrait\" class=\"n2-ow n2-ss-preserve-size n2-ss-preserve-size--slider n2-ss-slide-limiter\"><\/svg><div data-first=\"1\" data-slide-duration=\"0\" data-id=\"162\" data-slide-public-id=\"1\" data-title=\"Kita_Webseite_neu\" class=\"n2-ss-slide n2-ow  n2-ss-slide-162\"><div role=\"note\" class=\"n2-ss-slide--focus\" tabindex=\"-1\">Kita_Webseite_neu<\/div><div class=\"n2-ss-layers-container n2-ss-slide-limiter n2-ow\"><div class=\"n2-ss-layer n2-ow n-uc-jTtuTzgP85Df\" data-sstype=\"slide\" data-pm=\"default\"><\/div><\/div><\/div>                    <\/div>\n\n                                    <\/div>\n            <\/div>\n        <\/div>\n        <\/div><ss3-loader><\/ss3-loader><\/div><\/div><div class=\"n2_clear\"><\/div><\/div>\n\n\n<p><\/p>\n\n\n\n<h3 class=\"wp-block-heading\"><\/h3>\n\n\n\n<div class=\"wp-block-columns is-layout-flex wp-container-core-columns-is-layout-9d6595d7 wp-block-columns-is-layout-flex\">\n<div class=\"wp-block-column is-layout-flow wp-block-column-is-layout-flow\" style=\"flex-basis:100%\">\n<div class=\"wp-block-file\"><a id=\"wp-block-file--media-0beff79a-3208-4f20-b132-5b349d862fab\" href=\"https:\/\/familienzentrum-st-elisabeth.info\/wp-content\/uploads\/2026\/02\/Veranstaltungskalender-2026-FZ.pdf\" target=\"_blank\" rel=\"noreferrer noopener\">Veranstaltungskalender 2026 <\/a><a href=\"https:\/\/familienzentrum-st-elisabeth.info\/wp-content\/uploads\/2026\/02\/Veranstaltungskalender-2026-FZ.pdf\" class=\"wp-block-file__button wp-element-button\" download aria-describedby=\"wp-block-file--media-0beff79a-3208-4f20-b132-5b349d862fab\">Herunterladen<\/a><\/div>\n<\/div>\n<\/div>\n\n\n\n<div class=\"wp-block-columns is-layout-flex wp-container-core-columns-is-layout-9d6595d7 wp-block-columns-is-layout-flex\"><\/div>\n\n\n<h3><strong>Januar<\/strong><\/h3>\n<p><strong>07.01. offene Sprechstunde Caritas-Beratungsstelle <br \/><\/strong>Ort: St. Elisabeth Kindergarten | Uhrzeit: 8:30 \u2013 9:30 Uhr<\/p>\n<p><strong>23.01. Still \u2013 Cafe<\/strong><br \/>Ort: JFB Stadtlohn |Uhrzeit: 09:30 Uhr \u2013 11:00 Uhr<\/p>\n<p><strong>25.01.<\/strong> <strong>Mini-Gottesdienst<br \/><\/strong>Ort: St. Joseph Kirche Stadtlohn |Uhrzeit: 11:00 Uhr<\/p>\n<h3><strong>Februar<\/strong><\/h3>\n<p><strong>06.02. Still \u2013 Cafe<\/strong><br \/>Ort: JFB Stadtlohn |Uhrzeit: 09:30 Uhr \u2013 11:00 Uhr<\/p>\n<p><strong>20.02. Still \u2013 Cafe<\/strong><br \/>Ort: JFB Stadtlohn |Uhrzeit: 09:30 Uhr \u2013 11:00 Uhr<\/p>\n<p><strong>22.02.<\/strong> <strong>Mini-Gottesdienst<br \/><\/strong>Ort: St. Joseph Kirche Stadtlohn |Uhrzeit: 11:00\u00a0 Uhr<\/p>\n<p><strong>24.02<\/strong>. <strong>Elterninformationsabend <br \/>\u201eVorsorgevollmacht und Patientenverf\u00fcgung f\u00fcr junge Familien\u201c (JFB)<br \/><\/strong>Ort: Otgerus \u2013 Haus |Uhrzeit: 18:00 Uhr<\/p>\n<p><strong>25.02. offene Sprechstunde Caritas-Beratungsstelle <br \/><\/strong>Ort: St. Nikolaus Kindergarten | Uhrzeit: 8:30 \u2013 9:30 Uhr<\/p>\n<p><strong>25.02. Fachvortrag: Pers\u00f6nlichkeitsmerkmale und Temperamente von Kindern erkennen und richtig begleiten (JFB)<br \/><\/strong>Ort: Otgerus \u2013 Haus | Uhrzeit: 19:00 Uhr \u2013 21:00 Uhr <br \/>Anmeldung \u00fcber die Homepage der Kirchengemeinde St. Otger<\/p>\n<p><strong>28.02. Bewegungsbaustelle (DJK)<br \/><\/strong>Ort: Drei-Fach Sporthalle am Gymnasium | Uhrzeit: 9:30 \u2013 11:00 Uhr<\/p>\n<h3><strong>M\u00e4rz<\/strong><\/h3>\n<p><strong>04.03. Stillvorbereitung<\/strong><br \/>Ort: JFB Stadtlohn oder online |Uhrzeit: 18:00 Uhr \u2013 19:30 Uhr<\/p>\n<p><strong>06.03. Still \u2013 Cafe<\/strong><br \/>Ort: JFB Stadtlohn |Uhrzeit: 09:30 Uhr \u2013 11:00 Uhr<\/p>\n<p><strong>11.03. Stillvorbereitung<\/strong><br \/>Ort: JFB Stadtlohn oder online |Uhrzeit: 18:00 Uhr \u2013 19:30 Uhr<\/p>\n<p><strong>12.03. kulinarische Weltreise <br \/><\/strong>Ort: Otgerus-Haus\u00a0 |Uhrzeit: 14:30 \u2013 18:00 Uhr<\/p>\n<p><strong>18.03. offene Sprechstunde Caritas-Beratungsstelle <br \/><\/strong>Ort: Otgerus-Haus | Uhrzeit: 8:30 \u2013 9:30 Uhr<\/p>\n<p><strong>20.03. Still \u2013 Cafe<\/strong><br \/>Ort: JFB Stadtlohn |Uhrzeit: 09:30 Uhr \u2013 11:00 Uhr<\/p>\n<p><strong>29.03.<\/strong> <strong>Mini-Gottesdienst \/ Palmsonntag<br \/><\/strong>Ort: St. Joseph Kirche Stadtlohn | Uhrzeit: 11:00 Uhr<\/p>\n<h3><strong>April<\/strong><\/h3>\n<p><strong>15.04. offene Sprechstunde Caritas-Beratungsstelle <br \/><\/strong>Ort: St. Elisabeth Kindergarten| Uhrzeit: 8:30 \u2013 9:30 Uhr<\/p>\n<p><strong>26.04.<\/strong> <strong>Mini-Gottesdienst<br \/><\/strong>Ort: St. Joseph Kirche Stadtlohn |Uhrzeit: 11:00 Uhr<\/p>\n<h3><strong>Mai<\/strong><\/h3>\n<p><strong>06.05. offene Sprechstunde Caritas-Beratungsstelle <br \/><\/strong>Ort: St.Nikolaus Kindergarten |Uhrzeit: 8:30 \u2013 9:30 Uhr<\/p>\n<p><strong>31.05.<\/strong><strong> Mini-Gottesdienst<br \/><\/strong>Ort: Hilgenbergkapelle |Uhrzeit: 11:00 Uhr<\/p>\n<h3><strong>Juni<\/strong><\/h3>\n<p><strong>10.06. Elterninformationsabend \u201eZwischen Handy und H\u00f6rspiel \/ Medien und\u00a0 Sprache\u201c (JFB)<br \/><\/strong>Ort: online<\/p>\n<p><strong>24.06. offene Sprechstunde Caritas-Beratungsstelle <br \/><\/strong>Ort: Otgerus-Haus | Uhrzeit: 8:30 \u2013 9:30 Uhr<\/p>\n<p><strong>25.06. kulinarische Weltreise <br \/><\/strong>Ort: Otgerus-Haus |Uhrzeit: 14:30 \u2013 18:00 Uhr<\/p>\n<p><strong>28.06.<\/strong> <strong>Mini-Gottesdienst<br \/><\/strong>Ort: St. Joseph Kirche Stadtlohn |Uhrzeit: 11:00 \u2013 12:00 Uhr<\/p>\n<h3><strong>Juli<\/strong><\/h3>\n<p><strong>07.07.<\/strong> <strong>Elterninformationsabend <br \/>\u201eVorsorgevollmacht und Patientenverf\u00fcgung f\u00fcr junge Familien\u201c\u00a0\u00a0 (Zusatztermin)\u201c (JFB)<br \/><\/strong>Ort: JFB, Weststra\u00dfe | Uhrzeit: 18:00 Uhr<\/p>\n<h3><strong>August<\/strong><\/h3>\n<p><strong>30.08. Mini-Gottesdienst<br \/><\/strong>Ort: St. Joseph Kirche Stadtlohn |Uhrzeit: 11:00 Uhr<\/p>\n<h3><strong>September<\/strong><\/h3>\n<p><strong>19.09.-20.09.2026 Stadtlohner Herbst mit Spiel und Spa\u00df und vielen interkulturellen Aktionen<br \/><\/strong>Ort: Innenstadt |Uhrzeit: 13:00 Uhr \u2013 18:00 Uhr<\/p>\n<p><strong>27.09.<\/strong> <strong>Mini-Gottesdienst<br \/><\/strong>Ort: St. Joseph Kirche Stadtlohn |Uhrzeit: 11:00 Uhr<\/p>\n<p><strong>23.09. offene Sprechstunde Caritas-Beratungsstelle <br \/><\/strong>Ort: St. Elisabeth Kindergarten| Uhrzeit: 8:30 \u2013 9:30 Uhr<\/p>\n<h3><strong>Oktober<\/strong><\/h3>\n<p><strong>06.10. Elterninformationsabend \u201eFit f\u00fcr den Schulhof\u201c (JFB)<br \/><\/strong>Ort: Otgerus-Haus |Uhrzeit: 19:00 Uhr<\/p>\n<p><strong>07.10. offene Sprechstunde Caritas-Beratungsstelle <br \/><\/strong>Ort: St. Nikolaus Kindergarten| Uhrzeit: 8:30 \u2013 9:30 Uhr<\/p>\n<p><strong>25.10.<\/strong> <strong>Mini-Gottesdienst<br \/><\/strong>Ort: St. Joseph Kirche Stadtlohn |Uhrzeit: 11:00 Uhr<\/p>\n<h3><strong>November<\/strong><\/h3>\n<p><strong>J\u00e4hrliche Bedarfsabfrage zu den Schlie\u00dfungstagen, \u00d6ffnungszeiten und der Ferienbetreuung<\/strong><\/p>\n<p><strong>18.11. offene Sprechstunde Caritas-Beratungsstelle <br \/><\/strong>Ort: Otgerus-Haus | Uhrzeit: 8:30 \u2013 9:30 Uhr<\/p>\n<p><strong>24.11. Elterninformationsabend \u201eHerausforderndes Verhalten im Kleinkindalter\u201c (JFB)<br \/><\/strong>Ort: Otgerus-Haus |Uhrzeit: 19:00 Uhr<\/p>\n<p><strong>?.11. Mini \u2013 Gottesdienst \/ voraussichtlich beim Lichterfest<\/strong><\/p>\n<h3><strong>Dezember<\/strong><\/h3>\n<p><strong>02.12. offene Sprechstunde Caritas-Beratungsstelle <br \/><\/strong>Ort: Otgerus-Haus | Uhrzeit: 8:30 \u2013 9:30 Uhr<\/p>\n<p><strong>27.12.<\/strong> <strong>Mini-Gottesdienst<br \/><\/strong>Ort: St. Joseph Kirche Stadtlohn |Uhrzeit: 11:00\u00a0 Uhr<\/p>\n<h3><strong>Weitere Infos<\/strong><\/h3>\n<h4><strong>Kosten<\/strong><strong>:<\/strong> die Kosten f\u00fcr alle Angebote \u00fcbernehmen die Familienzentren<\/h4>\n<h4><strong>Kulinarische Weltreise:<\/strong> Anmeldung im Familienzentrum St.Otger unter 02563 \/ 8126 oder per E-Mail an <a href=\"mailto:kita.stotger-stadtlohn@bistum-muenster.de\">kita.stotger-stadtlohn@bistum-muenster.de<\/a><\/h4>\n<h4><strong>Veranstaltungen JFB:<\/strong> Anmeldung \u00fcber die JFB Homepage <br \/>oder unter 02563 \/ 96970<\/h4>\n<h4><strong>Bewegungsangebot:<\/strong> Anmeldung beim DJK Stadtlohn unter 02563 \/ 6054 o<br \/>der in den Kindertageseinrichtungen aus dem Verbund St.Otger<\/h4>\n<h4><strong>Offene Sprechstunde:<\/strong> keine Anmeldung n\u00f6tig, auf Wunsch k\u00f6nnen Sie auch gerne individuelle Termine unter 02561 \/ 42910 vereinbaren.<\/h4>\n\n\n<p><\/p>\n\n\n\n<p><\/p>\n","protected":false},"excerpt":{"rendered":"<p>Januar 07.01. offene Sprechstunde Caritas-Beratungsstelle Ort: St. Elisabeth Kindergarten | Uhrzeit: 8:30 \u2013 9:30 Uhr 23.01. Still \u2013 CafeOrt: JFB Stadtlohn |Uhrzeit: 09:30 Uhr \u2013 11:00 Uhr 25.01. Mini-GottesdienstOrt: St. Joseph Kirche Stadtlohn |Uhrzeit: 11:00 Uhr Februar 06.02. Still \u2013 CafeOrt: JFB Stadtlohn |Uhrzeit: 09:30 Uhr \u2013 11:00 Uhr 20.02. Still \u2013 CafeOrt: JFB Stadtlohn <a class=\"read-more\" href=\"https:\/\/familienzentrum-st-elisabeth.info\/?page_id=43\">Read More<\/a><\/p>\n","protected":false},"author":1,"featured_media":0,"parent":0,"menu_order":0,"comment_status":"closed","ping_status":"closed","template":"template-full-width.php","meta":{"footnotes":""},"class_list":["post-43","page","type-page","status-publish","hentry"],"yoast_head":"<!-- This site is optimized with the Yoast SEO plugin v27.3 - https:\/\/yoast.com\/product\/yoast-seo-wordpress\/ -->\n<title>Veranstaltungskalender - Familienzentrum St. Elisabeth<\/title>\n<meta name=\"robots\" content=\"index, follow, max-snippet:-1, max-image-preview:large, max-video-preview:-1\" \/>\n<link rel=\"canonical\" href=\"https:\/\/familienzentrum-st-elisabeth.info\/?page_id=43\" \/>\n<meta property=\"og:locale\" content=\"de_DE\" \/>\n<meta property=\"og:type\" content=\"article\" \/>\n<meta property=\"og:title\" content=\"Veranstaltungskalender - Familienzentrum St. Elisabeth\" \/>\n<meta property=\"og:description\" content=\"Januar 07.01. offene Sprechstunde Caritas-Beratungsstelle Ort: St. Elisabeth Kindergarten | Uhrzeit: 8:30 \u2013 9:30 Uhr 23.01. Still \u2013 CafeOrt: JFB Stadtlohn |Uhrzeit: 09:30 Uhr \u2013 11:00 Uhr 25.01. Mini-GottesdienstOrt: St. Joseph Kirche Stadtlohn |Uhrzeit: 11:00 Uhr Februar 06.02. Still \u2013 CafeOrt: JFB Stadtlohn |Uhrzeit: 09:30 Uhr \u2013 11:00 Uhr 20.02. Still \u2013 CafeOrt: JFB Stadtlohn Read More\" \/>\n<meta property=\"og:url\" content=\"https:\/\/familienzentrum-st-elisabeth.info\/?page_id=43\" \/>\n<meta property=\"og:site_name\" content=\"Familienzentrum St. Elisabeth\" \/>\n<meta property=\"article:modified_time\" content=\"2026-02-18T12:54:04+00:00\" \/>\n<meta name=\"twitter:card\" content=\"summary_large_image\" \/>\n<meta name=\"twitter:label1\" content=\"Gesch\u00e4tzte Lesezeit\" \/>\n\t<meta name=\"twitter:data1\" content=\"4\u00a0Minuten\" \/>\n<script type=\"application\/ld+json\" class=\"yoast-schema-graph\">{\"@context\":\"https:\\\/\\\/schema.org\",\"@graph\":[{\"@type\":\"WebPage\",\"@id\":\"https:\\\/\\\/familienzentrum-st-elisabeth.info\\\/?page_id=43\",\"url\":\"https:\\\/\\\/familienzentrum-st-elisabeth.info\\\/?page_id=43\",\"name\":\"Veranstaltungskalender - Familienzentrum St. Elisabeth\",\"isPartOf\":{\"@id\":\"https:\\\/\\\/familienzentrum-st-elisabeth.info\\\/#website\"},\"datePublished\":\"2022-11-23T09:14:11+00:00\",\"dateModified\":\"2026-02-18T12:54:04+00:00\",\"breadcrumb\":{\"@id\":\"https:\\\/\\\/familienzentrum-st-elisabeth.info\\\/?page_id=43#breadcrumb\"},\"inLanguage\":\"de\",\"potentialAction\":[{\"@type\":\"ReadAction\",\"target\":[\"https:\\\/\\\/familienzentrum-st-elisabeth.info\\\/?page_id=43\"]}]},{\"@type\":\"BreadcrumbList\",\"@id\":\"https:\\\/\\\/familienzentrum-st-elisabeth.info\\\/?page_id=43#breadcrumb\",\"itemListElement\":[{\"@type\":\"ListItem\",\"position\":1,\"name\":\"Startseite\",\"item\":\"https:\\\/\\\/familienzentrum-st-elisabeth.info\\\/\"},{\"@type\":\"ListItem\",\"position\":2,\"name\":\"Veranstaltungskalender\"}]},{\"@type\":\"WebSite\",\"@id\":\"https:\\\/\\\/familienzentrum-st-elisabeth.info\\\/#website\",\"url\":\"https:\\\/\\\/familienzentrum-st-elisabeth.info\\\/\",\"name\":\"Familienzentrum St. Elisabeth\",\"description\":\"Stadtlohn\",\"publisher\":{\"@id\":\"https:\\\/\\\/familienzentrum-st-elisabeth.info\\\/#organization\"},\"potentialAction\":[{\"@type\":\"SearchAction\",\"target\":{\"@type\":\"EntryPoint\",\"urlTemplate\":\"https:\\\/\\\/familienzentrum-st-elisabeth.info\\\/?s={search_term_string}\"},\"query-input\":{\"@type\":\"PropertyValueSpecification\",\"valueRequired\":true,\"valueName\":\"search_term_string\"}}],\"inLanguage\":\"de\"},{\"@type\":\"Organization\",\"@id\":\"https:\\\/\\\/familienzentrum-st-elisabeth.info\\\/#organization\",\"name\":\"Familienzentrum St. Elisabeth\",\"url\":\"https:\\\/\\\/familienzentrum-st-elisabeth.info\\\/\",\"logo\":{\"@type\":\"ImageObject\",\"inLanguage\":\"de\",\"@id\":\"https:\\\/\\\/familienzentrum-st-elisabeth.info\\\/#\\\/schema\\\/logo\\\/image\\\/\",\"url\":\"https:\\\/\\\/familienzentrum-st-elisabeth.info\\\/wp-content\\\/uploads\\\/2022\\\/11\\\/cropped-image008-1-e1669193012284.png\",\"contentUrl\":\"https:\\\/\\\/familienzentrum-st-elisabeth.info\\\/wp-content\\\/uploads\\\/2022\\\/11\\\/cropped-image008-1-e1669193012284.png\",\"width\":100,\"height\":100,\"caption\":\"Familienzentrum St. Elisabeth\"},\"image\":{\"@id\":\"https:\\\/\\\/familienzentrum-st-elisabeth.info\\\/#\\\/schema\\\/logo\\\/image\\\/\"}}]}<\/script>\n<!-- \/ Yoast SEO plugin. -->","yoast_head_json":{"title":"Veranstaltungskalender - Familienzentrum St. Elisabeth","robots":{"index":"index","follow":"follow","max-snippet":"max-snippet:-1","max-image-preview":"max-image-preview:large","max-video-preview":"max-video-preview:-1"},"canonical":"https:\/\/familienzentrum-st-elisabeth.info\/?page_id=43","og_locale":"de_DE","og_type":"article","og_title":"Veranstaltungskalender - Familienzentrum St. Elisabeth","og_description":"Januar 07.01. offene Sprechstunde Caritas-Beratungsstelle Ort: St. Elisabeth Kindergarten | Uhrzeit: 8:30 \u2013 9:30 Uhr 23.01. Still \u2013 CafeOrt: JFB Stadtlohn |Uhrzeit: 09:30 Uhr \u2013 11:00 Uhr 25.01. Mini-GottesdienstOrt: St. Joseph Kirche Stadtlohn |Uhrzeit: 11:00 Uhr Februar 06.02. Still \u2013 CafeOrt: JFB Stadtlohn |Uhrzeit: 09:30 Uhr \u2013 11:00 Uhr 20.02. Still \u2013 CafeOrt: JFB Stadtlohn Read More","og_url":"https:\/\/familienzentrum-st-elisabeth.info\/?page_id=43","og_site_name":"Familienzentrum St. Elisabeth","article_modified_time":"2026-02-18T12:54:04+00:00","twitter_card":"summary_large_image","twitter_misc":{"Gesch\u00e4tzte Lesezeit":"4\u00a0Minuten"},"schema":{"@context":"https:\/\/schema.org","@graph":[{"@type":"WebPage","@id":"https:\/\/familienzentrum-st-elisabeth.info\/?page_id=43","url":"https:\/\/familienzentrum-st-elisabeth.info\/?page_id=43","name":"Veranstaltungskalender - Familienzentrum St. Elisabeth","isPartOf":{"@id":"https:\/\/familienzentrum-st-elisabeth.info\/#website"},"datePublished":"2022-11-23T09:14:11+00:00","dateModified":"2026-02-18T12:54:04+00:00","breadcrumb":{"@id":"https:\/\/familienzentrum-st-elisabeth.info\/?page_id=43#breadcrumb"},"inLanguage":"de","potentialAction":[{"@type":"ReadAction","target":["https:\/\/familienzentrum-st-elisabeth.info\/?page_id=43"]}]},{"@type":"BreadcrumbList","@id":"https:\/\/familienzentrum-st-elisabeth.info\/?page_id=43#breadcrumb","itemListElement":[{"@type":"ListItem","position":1,"name":"Startseite","item":"https:\/\/familienzentrum-st-elisabeth.info\/"},{"@type":"ListItem","position":2,"name":"Veranstaltungskalender"}]},{"@type":"WebSite","@id":"https:\/\/familienzentrum-st-elisabeth.info\/#website","url":"https:\/\/familienzentrum-st-elisabeth.info\/","name":"Familienzentrum St. Elisabeth","description":"Stadtlohn","publisher":{"@id":"https:\/\/familienzentrum-st-elisabeth.info\/#organization"},"potentialAction":[{"@type":"SearchAction","target":{"@type":"EntryPoint","urlTemplate":"https:\/\/familienzentrum-st-elisabeth.info\/?s={search_term_string}"},"query-input":{"@type":"PropertyValueSpecification","valueRequired":true,"valueName":"search_term_string"}}],"inLanguage":"de"},{"@type":"Organization","@id":"https:\/\/familienzentrum-st-elisabeth.info\/#organization","name":"Familienzentrum St. Elisabeth","url":"https:\/\/familienzentrum-st-elisabeth.info\/","logo":{"@type":"ImageObject","inLanguage":"de","@id":"https:\/\/familienzentrum-st-elisabeth.info\/#\/schema\/logo\/image\/","url":"https:\/\/familienzentrum-st-elisabeth.info\/wp-content\/uploads\/2022\/11\/cropped-image008-1-e1669193012284.png","contentUrl":"https:\/\/familienzentrum-st-elisabeth.info\/wp-content\/uploads\/2022\/11\/cropped-image008-1-e1669193012284.png","width":100,"height":100,"caption":"Familienzentrum St. Elisabeth"},"image":{"@id":"https:\/\/familienzentrum-st-elisabeth.info\/#\/schema\/logo\/image\/"}}]}},"_links":{"self":[{"href":"https:\/\/familienzentrum-st-elisabeth.info\/index.php?rest_route=\/wp\/v2\/pages\/43","targetHints":{"allow":["GET"]}}],"collection":[{"href":"https:\/\/familienzentrum-st-elisabeth.info\/index.php?rest_route=\/wp\/v2\/pages"}],"about":[{"href":"https:\/\/familienzentrum-st-elisabeth.info\/index.php?rest_route=\/wp\/v2\/types\/page"}],"author":[{"embeddable":true,"href":"https:\/\/familienzentrum-st-elisabeth.info\/index.php?rest_route=\/wp\/v2\/users\/1"}],"replies":[{"embeddable":true,"href":"https:\/\/familienzentrum-st-elisabeth.info\/index.php?rest_route=%2Fwp%2Fv2%2Fcomments&post=43"}],"version-history":[{"count":25,"href":"https:\/\/familienzentrum-st-elisabeth.info\/index.php?rest_route=\/wp\/v2\/pages\/43\/revisions"}],"predecessor-version":[{"id":991,"href":"https:\/\/familienzentrum-st-elisabeth.info\/index.php?rest_route=\/wp\/v2\/pages\/43\/revisions\/991"}],"wp:attachment":[{"href":"https:\/\/familienzentrum-st-elisabeth.info\/index.php?rest_route=%2Fwp%2Fv2%2Fmedia&parent=43"}],"curies":[{"name":"wp","href":"https:\/\/api.w.org\/{rel}","templated":true}]}}