{"id":41,"date":"2022-11-23T10:13:28","date_gmt":"2022-11-23T09:13:28","guid":{"rendered":"http:\/\/wordpress-elisabeth.p604061.webspaceconfig.de\/?page_id=41"},"modified":"2025-02-12T12:25:53","modified_gmt":"2025-02-12T11:25:53","slug":"beratungsangebote","status":"publish","type":"page","link":"https:\/\/familienzentrum-st-elisabeth.info\/?page_id=41","title":{"rendered":"Beratungsangebote"},"content":{"rendered":"<div class=\"n2-section-smartslider fitvidsignore  n2_clear\" data-ssid=\"11\"><div id=\"n2-ss-11-align\" class=\"n2-ss-align\"><div class=\"n2-padding\"><div id=\"n2-ss-11\" data-creator=\"Smart Slider 3\" data-responsive=\"auto\" class=\"n2-ss-slider n2-ow n2-has-hover n2notransition  \">\n        <div class=\"n2-ss-slider-1 n2_ss__touch_element n2-ow\">\n            <div class=\"n2-ss-slider-2 n2-ow\">\n                                                <div class=\"n2-ss-slider-3 n2-ow\">\n\n                    <div class=\"n2-ss-slide-backgrounds n2-ow-all\"><div class=\"n2-ss-slide-background\" data-public-id=\"1\" data-mode=\"fill\"><div class=\"n2-ss-slide-background-image\" data-blur=\"0\" data-opacity=\"100\" data-x=\"48\" data-y=\"35\" data-alt=\"\" data-title=\"\" style=\"--ss-o-pos-x:48%;--ss-o-pos-y:35%\"><picture class=\"skip-lazy\" data-skip-lazy=\"1\"><img decoding=\"async\" src=\"\/\/familienzentrum-st-elisabeth.info\/wp-content\/uploads\/2023\/01\/haus.jpg\" alt=\"\" title=\"\" loading=\"lazy\" class=\"skip-lazy\" data-skip-lazy=\"1\"><\/picture><\/div><div data-color=\"RGBA(255,255,255,0)\" style=\"background-color: RGBA(255,255,255,0);\" class=\"n2-ss-slide-background-color\"><\/div><\/div><\/div>                    <div class=\"n2-ss-slider-4 n2-ow\">\n                        <svg xmlns=\"http:\/\/www.w3.org\/2000\/svg\" viewBox=\"0 0 1200 400\" data-related-device=\"desktopPortrait\" class=\"n2-ow n2-ss-preserve-size n2-ss-preserve-size--slider n2-ss-slide-limiter\"><\/svg><div data-first=\"1\" data-slide-duration=\"0\" data-id=\"141\" data-slide-public-id=\"1\" data-title=\"haus\" class=\"n2-ss-slide n2-ow  n2-ss-slide-141\"><div role=\"note\" class=\"n2-ss-slide--focus\" tabindex=\"-1\">haus<\/div><div class=\"n2-ss-layers-container n2-ss-slide-limiter n2-ow\"><div class=\"n2-ss-layer n2-ow n-uc-qmaqlfaqhGf5\" data-sstype=\"slide\" data-pm=\"default\"><\/div><\/div><\/div>                    <\/div>\n\n                                    <\/div>\n            <\/div>\n        <\/div>\n        <\/div><ss3-loader><\/ss3-loader><\/div><\/div><div class=\"n2_clear\"><\/div><\/div>\n\n\n<p><\/p>\n\n\n\n<h3 class=\"wp-block-heading\">Beratungsangebote in Zusammenarbeit mit dem Caritas-Verband<\/h3>\n\n\n\n<div class=\"wp-block-columns is-layout-flex wp-container-core-columns-is-layout-9d6595d7 wp-block-columns-is-layout-flex\">\n<div class=\"wp-block-column is-layout-flow wp-block-column-is-layout-flow\" style=\"flex-basis:100%\">\n<p>Unser Beratungsangebot in Zusammenarbeit mit dem Caritas-Verband ist vertraulich und kostenlos.<br>Es richtet sich nicht nur an Familien aus den Kindertageseinrichtungen, sondern ist auch offen f\u00fcr Familien im n\u00e4heren Umfeld.<\/p>\n<\/div>\n<\/div>\n\n\n\n<div class=\"wp-block-columns is-layout-flex wp-container-core-columns-is-layout-9d6595d7 wp-block-columns-is-layout-flex\">\n<div class=\"wp-block-column is-layout-flow wp-block-column-is-layout-flow\" style=\"flex-basis:50%\">\n<div class=\"wp-block-group is-layout-constrained wp-block-group-is-layout-constrained\">\n<p>Hier bekommen Sie Hilfe und Unterst\u00fctzung<\/p>\n\n\n\n<ul class=\"wp-block-list\">\n<li>bei allen Fragen zur Erziehung<\/li>\n\n\n\n<li>bei der Gestaltung famili\u00e4ren Zusammenlebens<\/li>\n\n\n\n<li>in Krisensituationen \u2026<\/li>\n<\/ul>\n<\/div>\n<\/div>\n\n\n\n<div class=\"wp-block-column is-layout-flow wp-block-column-is-layout-flow\" style=\"flex-basis:50%\">\n<figure class=\"wp-block-image\"><img decoding=\"async\" src=\"https:\/\/familienzentrum-st-otger.de\/wp-content\/uploads\/2022\/09\/Caritas.png\" alt=\"\" class=\"wp-image-455\"\/><\/figure>\n<\/div>\n<\/div>\n\n\n\n<p>\u00a0<\/p>\n<table style=\"border-collapse: collapse; width: 100%; height: 247px;\">\n<tbody>\n<tr style=\"height: 19px;\">\n<td style=\"width: 12.3587%; height: 19px;\"><strong>2025<\/strong><\/td>\n<td style=\"width: 87.5445%; height: 19px;\"><strong>Ort<\/strong><\/td>\n<\/tr>\n<tr style=\"height: 19px;\">\n<td style=\"width: 12.3587%; height: 19px;\">8. Januar<\/td>\n<td style=\"width: 87.5445%; height: 19px;\">St. Elisabeth-Kindergarten<\/td>\n<\/tr>\n<tr style=\"height: 19px;\">\n<td style=\"width: 12.3587%; height: 19px;\">7. Februar<\/td>\n<td style=\"width: 87.5445%; height: 19px;\">St. Nikolaus-Kindergarten<\/td>\n<\/tr>\n<tr style=\"height: 19px;\">\n<td style=\"width: 12.3587%; height: 19px;\">5. M\u00e4rz<\/td>\n<td style=\"width: 87.5445%; height: 19px;\">Otgerushaus<\/td>\n<\/tr>\n<tr style=\"height: 19px;\">\n<td style=\"width: 12.3587%; height: 19px;\">7. Mai<\/td>\n<td style=\"width: 87.5445%; height: 19px;\">St. Elisabeth-Kindergarten<\/td>\n<\/tr>\n<tr style=\"height: 19px;\">\n<td style=\"width: 12.3587%; height: 19px;\">4. Juni<\/td>\n<td style=\"width: 87.5445%; height: 19px;\">St. Nikolaus-Kindergarten<\/td>\n<\/tr>\n<tr style=\"height: 19px;\">\n<td style=\"width: 12.3587%; height: 19px;\">2. Juli<\/td>\n<td style=\"width: 87.5445%; height: 19px;\">Otgerushaus<\/td>\n<\/tr>\n<tr style=\"height: 19px;\">\n<td style=\"width: 12.3587%; height: 19px;\">10. September<\/td>\n<td style=\"width: 87.5445%; height: 19px;\">St. Elisabeth-Kindergarten<\/td>\n<\/tr>\n<tr style=\"height: 19px;\">\n<td style=\"width: 12.3587%; height: 19px;\">8. Oktober<\/td>\n<td style=\"width: 87.5445%; height: 19px;\">St. Nikolaus-Kindergarten<\/td>\n<\/tr>\n<tr style=\"height: 19px;\">\n<td style=\"width: 12.3587%; height: 19px;\">12. November<\/td>\n<td style=\"width: 87.5445%; height: 19px;\">Otgerushaus<\/td>\n<\/tr>\n<tr style=\"height: 19px;\">\n<td style=\"width: 12.3587%; height: 19px;\">3. Dezember<\/td>\n<td style=\"width: 87.5445%; height: 19px;\">St. Elisabeth-Kindergarten<\/td>\n<\/tr>\n<\/tbody>\n<\/table>\n<p>\u00a0Sie k\u00f6nnen die offene Sprechstunde jeweils in der Zeit von\u00a0<strong>8.30-9.30 Uhr\u00a0<\/strong>besuchen.<br \/>Bei Fragen stehen wir Ihnen gerne zur Verf\u00fcgung \u2013 sprechen Sie uns einfach an. Individuelle Termine vereinbaren Sie direkt unter:<\/p>\n\n\n\n<h4 class=\"wp-block-heading\">Matthias Wahl<\/h4>\n\n\n\n<p>Bachelor of social work<br>Systemischer Familientherapeut<br>Systemischer Kinder und Jugendlichentherapeut<br>NLP Master, DVNLP<\/p>\n\n\n\n<h4 class=\"wp-block-heading\">Caritasverband im Dekanat Ahaus-Vreden e.V.<br>Beratungsstelle f\u00fcr Kinder, Jugendliche und Eltern<\/h4>\n\n\n\n<p>W\u00fcllener Str. 80<br>48683 Ahaus<br>Tel.: 0 25 61 \/4291-0<br>Fax: 0 25 61\/4291-79<br><a href=\"mailto:m.wahl@caritas-ahaus-vreden.de\" target=\"_blank\" rel=\"noreferrer noopener\">m.wahl(at)caritas-ahaus-vreden.de<\/a><br><a href=\"http:\/\/www.caritas-ahaus-vreden.de\/\" target=\"_blank\" rel=\"noreferrer noopener\">www.caritas-ahaus-vreden.de<\/a><\/p>\n\n\n\n<h3 class=\"wp-block-heading\">Erst- und Verweisberatung in den Einrichtungen des Familienzentrums<\/h3>\n\n\n\n<p>Wenn Sie Fragen zu den folgenden Themen haben, dann helfen Ihnen die Einrichtungsleitungen gerne weiter oder vermitteln Sie an die passenden Stellen. <br>Fragen zu Leistungen aus dem Bildungs- und Teilhabepaket (M\u00fcnsterlandkarte)<\/p>\n\n\n\n<ul class=\"wp-block-list\">\n<li>Fragen zur Randzeitenbetreuung<\/li>\n\n\n\n<li>Fragen zur inklusiven Betreuung<\/li>\n\n\n\n<li>Fragen zum Anmeldeportal WebKita und zum Verpflegungsportal KitaPlus<\/li>\n\n\n\n<li>Fragen zu familienunterst\u00fctzenden Hilfsangeboten<\/li>\n\n\n\n<li>wenn Sie einen Sprachmittler ben\u00f6tigen<\/li>\n\n\n\n<li>\u2026<\/li>\n<\/ul>\n","protected":false},"excerpt":{"rendered":"<p>Beratungsangebote in Zusammenarbeit mit dem Caritas-Verband Unser Beratungsangebot in Zusammenarbeit mit dem Caritas-Verband ist vertraulich und kostenlos.Es richtet sich nicht nur an Familien aus den Kindertageseinrichtungen, sondern ist auch offen f\u00fcr Familien im n\u00e4heren Umfeld. Hier bekommen Sie Hilfe und Unterst\u00fctzung \u00a0 2025 Ort 8. Januar St. Elisabeth-Kindergarten 7. Februar St. Nikolaus-Kindergarten 5. M\u00e4rz Otgerushaus <a class=\"read-more\" href=\"https:\/\/familienzentrum-st-elisabeth.info\/?page_id=41\">Read More<\/a><\/p>\n","protected":false},"author":1,"featured_media":0,"parent":0,"menu_order":0,"comment_status":"closed","ping_status":"closed","template":"template-full-width.php","meta":{"footnotes":""},"class_list":["post-41","page","type-page","status-publish","hentry"],"yoast_head":"<!-- This site is optimized with the Yoast SEO plugin v27.4 - https:\/\/yoast.com\/product\/yoast-seo-wordpress\/ -->\n<title>Beratungsangebote - Familienzentrum St. Elisabeth<\/title>\n<meta name=\"robots\" content=\"index, follow, max-snippet:-1, max-image-preview:large, max-video-preview:-1\" \/>\n<link rel=\"canonical\" href=\"https:\/\/familienzentrum-st-elisabeth.info\/?page_id=41\" \/>\n<meta property=\"og:locale\" content=\"de_DE\" \/>\n<meta property=\"og:type\" content=\"article\" \/>\n<meta property=\"og:title\" content=\"Beratungsangebote - Familienzentrum St. Elisabeth\" \/>\n<meta property=\"og:description\" content=\"Beratungsangebote in Zusammenarbeit mit dem Caritas-Verband Unser Beratungsangebot in Zusammenarbeit mit dem Caritas-Verband ist vertraulich und kostenlos.Es richtet sich nicht nur an Familien aus den Kindertageseinrichtungen, sondern ist auch offen f\u00fcr Familien im n\u00e4heren Umfeld. Hier bekommen Sie Hilfe und Unterst\u00fctzung \u00a0 2025 Ort 8. Januar St. Elisabeth-Kindergarten 7. Februar St. Nikolaus-Kindergarten 5. M\u00e4rz Otgerushaus Read More\" \/>\n<meta property=\"og:url\" content=\"https:\/\/familienzentrum-st-elisabeth.info\/?page_id=41\" \/>\n<meta property=\"og:site_name\" content=\"Familienzentrum St. Elisabeth\" \/>\n<meta property=\"article:modified_time\" content=\"2025-02-12T11:25:53+00:00\" \/>\n<meta property=\"og:image\" content=\"https:\/\/familienzentrum-st-otger.de\/wp-content\/uploads\/2022\/09\/Caritas.png\" \/>\n<meta name=\"twitter:card\" content=\"summary_large_image\" \/>\n<meta name=\"twitter:label1\" content=\"Gesch\u00e4tzte Lesezeit\" \/>\n\t<meta name=\"twitter:data1\" content=\"2\u00a0Minuten\" \/>\n<script type=\"application\/ld+json\" class=\"yoast-schema-graph\">{\"@context\":\"https:\\\/\\\/schema.org\",\"@graph\":[{\"@type\":\"WebPage\",\"@id\":\"https:\\\/\\\/familienzentrum-st-elisabeth.info\\\/?page_id=41\",\"url\":\"https:\\\/\\\/familienzentrum-st-elisabeth.info\\\/?page_id=41\",\"name\":\"Beratungsangebote - Familienzentrum St. Elisabeth\",\"isPartOf\":{\"@id\":\"https:\\\/\\\/familienzentrum-st-elisabeth.info\\\/#website\"},\"primaryImageOfPage\":{\"@id\":\"https:\\\/\\\/familienzentrum-st-elisabeth.info\\\/?page_id=41#primaryimage\"},\"image\":{\"@id\":\"https:\\\/\\\/familienzentrum-st-elisabeth.info\\\/?page_id=41#primaryimage\"},\"thumbnailUrl\":\"https:\\\/\\\/familienzentrum-st-otger.de\\\/wp-content\\\/uploads\\\/2022\\\/09\\\/Caritas.png\",\"datePublished\":\"2022-11-23T09:13:28+00:00\",\"dateModified\":\"2025-02-12T11:25:53+00:00\",\"breadcrumb\":{\"@id\":\"https:\\\/\\\/familienzentrum-st-elisabeth.info\\\/?page_id=41#breadcrumb\"},\"inLanguage\":\"de\",\"potentialAction\":[{\"@type\":\"ReadAction\",\"target\":[\"https:\\\/\\\/familienzentrum-st-elisabeth.info\\\/?page_id=41\"]}]},{\"@type\":\"ImageObject\",\"inLanguage\":\"de\",\"@id\":\"https:\\\/\\\/familienzentrum-st-elisabeth.info\\\/?page_id=41#primaryimage\",\"url\":\"https:\\\/\\\/familienzentrum-st-otger.de\\\/wp-content\\\/uploads\\\/2022\\\/09\\\/Caritas.png\",\"contentUrl\":\"https:\\\/\\\/familienzentrum-st-otger.de\\\/wp-content\\\/uploads\\\/2022\\\/09\\\/Caritas.png\"},{\"@type\":\"BreadcrumbList\",\"@id\":\"https:\\\/\\\/familienzentrum-st-elisabeth.info\\\/?page_id=41#breadcrumb\",\"itemListElement\":[{\"@type\":\"ListItem\",\"position\":1,\"name\":\"Startseite\",\"item\":\"https:\\\/\\\/familienzentrum-st-elisabeth.info\\\/\"},{\"@type\":\"ListItem\",\"position\":2,\"name\":\"Beratungsangebote\"}]},{\"@type\":\"WebSite\",\"@id\":\"https:\\\/\\\/familienzentrum-st-elisabeth.info\\\/#website\",\"url\":\"https:\\\/\\\/familienzentrum-st-elisabeth.info\\\/\",\"name\":\"Familienzentrum St. Elisabeth\",\"description\":\"Stadtlohn\",\"publisher\":{\"@id\":\"https:\\\/\\\/familienzentrum-st-elisabeth.info\\\/#organization\"},\"potentialAction\":[{\"@type\":\"SearchAction\",\"target\":{\"@type\":\"EntryPoint\",\"urlTemplate\":\"https:\\\/\\\/familienzentrum-st-elisabeth.info\\\/?s={search_term_string}\"},\"query-input\":{\"@type\":\"PropertyValueSpecification\",\"valueRequired\":true,\"valueName\":\"search_term_string\"}}],\"inLanguage\":\"de\"},{\"@type\":\"Organization\",\"@id\":\"https:\\\/\\\/familienzentrum-st-elisabeth.info\\\/#organization\",\"name\":\"Familienzentrum St. Elisabeth\",\"url\":\"https:\\\/\\\/familienzentrum-st-elisabeth.info\\\/\",\"logo\":{\"@type\":\"ImageObject\",\"inLanguage\":\"de\",\"@id\":\"https:\\\/\\\/familienzentrum-st-elisabeth.info\\\/#\\\/schema\\\/logo\\\/image\\\/\",\"url\":\"https:\\\/\\\/familienzentrum-st-elisabeth.info\\\/wp-content\\\/uploads\\\/2022\\\/11\\\/cropped-image008-1-e1669193012284.png\",\"contentUrl\":\"https:\\\/\\\/familienzentrum-st-elisabeth.info\\\/wp-content\\\/uploads\\\/2022\\\/11\\\/cropped-image008-1-e1669193012284.png\",\"width\":100,\"height\":100,\"caption\":\"Familienzentrum St. Elisabeth\"},\"image\":{\"@id\":\"https:\\\/\\\/familienzentrum-st-elisabeth.info\\\/#\\\/schema\\\/logo\\\/image\\\/\"}}]}<\/script>\n<!-- \/ Yoast SEO plugin. -->","yoast_head_json":{"title":"Beratungsangebote - Familienzentrum St. Elisabeth","robots":{"index":"index","follow":"follow","max-snippet":"max-snippet:-1","max-image-preview":"max-image-preview:large","max-video-preview":"max-video-preview:-1"},"canonical":"https:\/\/familienzentrum-st-elisabeth.info\/?page_id=41","og_locale":"de_DE","og_type":"article","og_title":"Beratungsangebote - Familienzentrum St. Elisabeth","og_description":"Beratungsangebote in Zusammenarbeit mit dem Caritas-Verband Unser Beratungsangebot in Zusammenarbeit mit dem Caritas-Verband ist vertraulich und kostenlos.Es richtet sich nicht nur an Familien aus den Kindertageseinrichtungen, sondern ist auch offen f\u00fcr Familien im n\u00e4heren Umfeld. Hier bekommen Sie Hilfe und Unterst\u00fctzung \u00a0 2025 Ort 8. Januar St. Elisabeth-Kindergarten 7. Februar St. Nikolaus-Kindergarten 5. M\u00e4rz Otgerushaus Read More","og_url":"https:\/\/familienzentrum-st-elisabeth.info\/?page_id=41","og_site_name":"Familienzentrum St. Elisabeth","article_modified_time":"2025-02-12T11:25:53+00:00","og_image":[{"url":"https:\/\/familienzentrum-st-otger.de\/wp-content\/uploads\/2022\/09\/Caritas.png","type":"","width":"","height":""}],"twitter_card":"summary_large_image","twitter_misc":{"Gesch\u00e4tzte Lesezeit":"2\u00a0Minuten"},"schema":{"@context":"https:\/\/schema.org","@graph":[{"@type":"WebPage","@id":"https:\/\/familienzentrum-st-elisabeth.info\/?page_id=41","url":"https:\/\/familienzentrum-st-elisabeth.info\/?page_id=41","name":"Beratungsangebote - Familienzentrum St. Elisabeth","isPartOf":{"@id":"https:\/\/familienzentrum-st-elisabeth.info\/#website"},"primaryImageOfPage":{"@id":"https:\/\/familienzentrum-st-elisabeth.info\/?page_id=41#primaryimage"},"image":{"@id":"https:\/\/familienzentrum-st-elisabeth.info\/?page_id=41#primaryimage"},"thumbnailUrl":"https:\/\/familienzentrum-st-otger.de\/wp-content\/uploads\/2022\/09\/Caritas.png","datePublished":"2022-11-23T09:13:28+00:00","dateModified":"2025-02-12T11:25:53+00:00","breadcrumb":{"@id":"https:\/\/familienzentrum-st-elisabeth.info\/?page_id=41#breadcrumb"},"inLanguage":"de","potentialAction":[{"@type":"ReadAction","target":["https:\/\/familienzentrum-st-elisabeth.info\/?page_id=41"]}]},{"@type":"ImageObject","inLanguage":"de","@id":"https:\/\/familienzentrum-st-elisabeth.info\/?page_id=41#primaryimage","url":"https:\/\/familienzentrum-st-otger.de\/wp-content\/uploads\/2022\/09\/Caritas.png","contentUrl":"https:\/\/familienzentrum-st-otger.de\/wp-content\/uploads\/2022\/09\/Caritas.png"},{"@type":"BreadcrumbList","@id":"https:\/\/familienzentrum-st-elisabeth.info\/?page_id=41#breadcrumb","itemListElement":[{"@type":"ListItem","position":1,"name":"Startseite","item":"https:\/\/familienzentrum-st-elisabeth.info\/"},{"@type":"ListItem","position":2,"name":"Beratungsangebote"}]},{"@type":"WebSite","@id":"https:\/\/familienzentrum-st-elisabeth.info\/#website","url":"https:\/\/familienzentrum-st-elisabeth.info\/","name":"Familienzentrum St. Elisabeth","description":"Stadtlohn","publisher":{"@id":"https:\/\/familienzentrum-st-elisabeth.info\/#organization"},"potentialAction":[{"@type":"SearchAction","target":{"@type":"EntryPoint","urlTemplate":"https:\/\/familienzentrum-st-elisabeth.info\/?s={search_term_string}"},"query-input":{"@type":"PropertyValueSpecification","valueRequired":true,"valueName":"search_term_string"}}],"inLanguage":"de"},{"@type":"Organization","@id":"https:\/\/familienzentrum-st-elisabeth.info\/#organization","name":"Familienzentrum St. Elisabeth","url":"https:\/\/familienzentrum-st-elisabeth.info\/","logo":{"@type":"ImageObject","inLanguage":"de","@id":"https:\/\/familienzentrum-st-elisabeth.info\/#\/schema\/logo\/image\/","url":"https:\/\/familienzentrum-st-elisabeth.info\/wp-content\/uploads\/2022\/11\/cropped-image008-1-e1669193012284.png","contentUrl":"https:\/\/familienzentrum-st-elisabeth.info\/wp-content\/uploads\/2022\/11\/cropped-image008-1-e1669193012284.png","width":100,"height":100,"caption":"Familienzentrum St. Elisabeth"},"image":{"@id":"https:\/\/familienzentrum-st-elisabeth.info\/#\/schema\/logo\/image\/"}}]}},"_links":{"self":[{"href":"https:\/\/familienzentrum-st-elisabeth.info\/index.php?rest_route=\/wp\/v2\/pages\/41","targetHints":{"allow":["GET"]}}],"collection":[{"href":"https:\/\/familienzentrum-st-elisabeth.info\/index.php?rest_route=\/wp\/v2\/pages"}],"about":[{"href":"https:\/\/familienzentrum-st-elisabeth.info\/index.php?rest_route=\/wp\/v2\/types\/page"}],"author":[{"embeddable":true,"href":"https:\/\/familienzentrum-st-elisabeth.info\/index.php?rest_route=\/wp\/v2\/users\/1"}],"replies":[{"embeddable":true,"href":"https:\/\/familienzentrum-st-elisabeth.info\/index.php?rest_route=%2Fwp%2Fv2%2Fcomments&post=41"}],"version-history":[{"count":9,"href":"https:\/\/familienzentrum-st-elisabeth.info\/index.php?rest_route=\/wp\/v2\/pages\/41\/revisions"}],"predecessor-version":[{"id":842,"href":"https:\/\/familienzentrum-st-elisabeth.info\/index.php?rest_route=\/wp\/v2\/pages\/41\/revisions\/842"}],"wp:attachment":[{"href":"https:\/\/familienzentrum-st-elisabeth.info\/index.php?rest_route=%2Fwp%2Fv2%2Fmedia&parent=41"}],"curies":[{"name":"wp","href":"https:\/\/api.w.org\/{rel}","templated":true}]}}