{"id":37,"date":"2022-11-23T10:11:49","date_gmt":"2022-11-23T09:11:49","guid":{"rendered":"http:\/\/wordpress-elisabeth.p604061.webspaceconfig.de\/?page_id=37"},"modified":"2023-10-04T14:11:03","modified_gmt":"2023-10-04T12:11:03","slug":"leistungsspektrum","status":"publish","type":"page","link":"https:\/\/familienzentrum-st-elisabeth.info\/?page_id=37","title":{"rendered":"Leistungsspektrum"},"content":{"rendered":"<div class=\"n2-section-smartslider fitvidsignore  n2_clear\" data-ssid=\"9\"><div id=\"n2-ss-9-align\" class=\"n2-ss-align\"><div class=\"n2-padding\"><div id=\"n2-ss-9\" data-creator=\"Smart Slider 3\" data-responsive=\"auto\" class=\"n2-ss-slider n2-ow n2-has-hover n2notransition  \">\n        <div class=\"n2-ss-slider-1 n2_ss__touch_element n2-ow\">\n            <div class=\"n2-ss-slider-2 n2-ow\">\n                                                <div class=\"n2-ss-slider-3 n2-ow\">\n\n                    <div class=\"n2-ss-slide-backgrounds n2-ow-all\"><div class=\"n2-ss-slide-background\" data-public-id=\"1\" data-mode=\"fill\"><div class=\"n2-ss-slide-background-image\" data-blur=\"0\" data-opacity=\"100\" data-x=\"49\" data-y=\"32\" data-alt=\"\" data-title=\"\" style=\"--ss-o-pos-x:49%;--ss-o-pos-y:32%\"><picture class=\"skip-lazy\" data-skip-lazy=\"1\"><img decoding=\"async\" src=\"\/\/familienzentrum-st-elisabeth.info\/wp-content\/uploads\/2023\/01\/haus.jpg\" alt=\"\" title=\"\" loading=\"lazy\" class=\"skip-lazy\" data-skip-lazy=\"1\"><\/picture><\/div><div data-color=\"RGBA(255,255,255,0)\" style=\"background-color: RGBA(255,255,255,0);\" class=\"n2-ss-slide-background-color\"><\/div><\/div><\/div>                    <div class=\"n2-ss-slider-4 n2-ow\">\n                        <svg xmlns=\"http:\/\/www.w3.org\/2000\/svg\" viewBox=\"0 0 1200 400\" data-related-device=\"desktopPortrait\" class=\"n2-ow n2-ss-preserve-size n2-ss-preserve-size--slider n2-ss-slide-limiter\"><\/svg><div data-first=\"1\" data-slide-duration=\"0\" data-id=\"152\" data-slide-public-id=\"1\" data-title=\"haus\" class=\"n2-ss-slide n2-ow  n2-ss-slide-152\"><div role=\"note\" class=\"n2-ss-slide--focus\" tabindex=\"-1\">haus<\/div><div class=\"n2-ss-layers-container n2-ss-slide-limiter n2-ow\"><div class=\"n2-ss-layer n2-ow n-uc-pKtfWg88x6Oc\" data-sstype=\"slide\" data-pm=\"default\"><\/div><\/div><\/div>                    <\/div>\n\n                                    <\/div>\n            <\/div>\n        <\/div>\n        <\/div><ss3-loader><\/ss3-loader><\/div><\/div><div class=\"n2_clear\"><\/div><\/div>\n\n\n<p><\/p>\n\n\n\n<p>Als Familienzentrum erf\u00fcllen wir nicht nur den Betreuungs-, Erziehungs- und Bildungsauftrag, sondern sind zudem ein Ort der Begegnung,&nbsp; Beratung und Unterst\u00fctzung f\u00fcr Familien und das n\u00e4here Umfeld. Kommen Sie gerne zu uns in die Einrichtungen, f\u00fchlen Sie sich eingeladen, sich in unseren Eltern-Info-Punkten zu den verschiedenen Leistungsbereichen (Infowand \/ Info-Ordnern) zu informieren, machen Sie es sich einfach mit einer Tasse Kaffee gem\u00fctlich und entspannen Sie mal einen Moment oder verabreden Sie sich dort zum Austausch mit anderen Eltern.<\/p>\n\n\n\n<p>An dieser Stelle zun\u00e4chst ein kleiner \u00dcberblick aus unserem Leistungsspektrum.<br>Die jeweils aktuellen Angebote finden Sie unter Beratungs- und Bildungsangeboten und bei unseren Kooperationspartnern.<\/p>\n\n\n\n<div class=\"wp-block-columns is-layout-flex wp-container-core-columns-is-layout-9d6595d7 wp-block-columns-is-layout-flex\">\n<div class=\"wp-block-column is-layout-flow wp-block-column-is-layout-flow\" style=\"flex-basis:66.66%\">\n<h4 class=\"wp-block-heading\"><strong>Vereinbarkeit von Familie und Beruf<\/strong><\/h4>\n\n\n\n<ul class=\"wp-block-list\">\n<li>\u00d6ffnungszeit der Einrichtungen \u00fcber 45 Stunden<\/li>\n\n\n\n<li>verschiedene Buchungszeitmodelle<\/li>\n\n\n\n<li>t\u00e4gliches Fr\u00fchst\u00fccksangebot in den Einrichtungen<\/li>\n\n\n\n<li>\u00dcber-Mittag-Betreuung<\/li>\n\n\n\n<li>warme Mittagsmahlzeit bei entsprechender Buchungszeit<\/li>\n\n\n\n<li>j\u00e4hrliche Bedarfsabfrage zum Betreuungsangebot \/ \u00d6ffnungszeiten<\/li>\n\n\n\n<li>M\u00f6glichkeit der Teilnahme am psycho-motorischen Turnen in den Einrichtungen<\/li>\n\n\n\n<li>Zusammenarbeit mit dem Babysitterpool des JFB<\/li>\n\n\n\n<li>Schriftliches Infomaterial zum Thema Kindertagespflege<\/li>\n\n\n\n<li>Kontaktvermittlung zur Kindertagespflege<\/li>\n\n\n\n<li>Auflistung, der f\u00fcr Stadtlohn zust\u00e4ndigen Tageseltern<\/li>\n\n\n\n<li>m\u00f6gliche Randzeitenbetreuung \u00fcber die \u00d6ffnungszeiten der Einrichtungen hinaus in Zusammenarbeit&nbsp; mit dem SkF<\/li>\n<\/ul>\n<\/div>\n\n\n\n<div class=\"wp-block-column is-layout-flow wp-block-column-is-layout-flow\" style=\"flex-basis:33.33%\"><\/div>\n<\/div>\n\n\n\n<div class=\"wp-block-columns is-layout-flex wp-container-core-columns-is-layout-9d6595d7 wp-block-columns-is-layout-flex\">\n<div class=\"wp-block-column is-layout-flow wp-block-column-is-layout-flow\" style=\"flex-basis:100%\">\n<p><\/p>\n\n\n\n<div class=\"wp-block-group is-layout-constrained wp-block-group-is-layout-constrained\">\n<ul class=\"wp-block-list\">\n<li>zentraler Infopoint mit Informationen zu allen Angeboten des Familienzentrums<\/li>\n\n\n\n<li>gem\u00fctliche Elternecke zum Austauschen und Entspannen bei einer Tasse Kaffee (tgl. ge\u00f6ffnet)<\/li>\n\n\n\n<li>Informationen an die Eltern \u00fcber das Geschehen in den Einrichtungen per E-Mail<\/li>\n\n\n\n<li>Homepage mit allen wichtigen Informationen zu der Arbeit im Familienzentrum<\/li>\n\n\n\n<li>Verlinkung zum WebKita-Portal des Kreises Borken (Anmeldung&nbsp; \/ Vormerkung neuer Kinder und Umbuchung des Betreuungsumfanges f\u00fcr Kinder in Betreuung, Elternbeitr\u00e4ge)<\/li>\n\n\n\n<li>bedarfsgerechte pers\u00f6nliche Unterst\u00fctzung bei der Nutzung des WebKita-Portales und des Verpflegungsportales in KitaPlus \/ auch Anleitungen f\u00fcr die wichtigsten Vorg\u00e4nge in den Info-Ordnern<\/li>\n\n\n\n<li>regelm\u00e4\u00dfige und bedarfsgerechte Entwicklungsgespr\u00e4che<\/li>\n\n\n\n<li>\u00d6ffentlichkeitsarbeit auf Veranstaltungen in Stadtlohn<\/li>\n\n\n\n<li>Eltern-Kind-Aktionen<\/li>\n\n\n\n<li>M\u00f6glichkeit der aktiven Beteiligung durch Ber\u00fccksichtigung von Elternw\u00fcnschen in Fragen der Familienbildung und Erziehungspartnerschaft<\/li>\n\n\n\n<li>Elternbefragung zu den Angeboten des Familienzentrums<\/li>\n\n\n\n<li>Verzeichnis von Bildungseinrichtungen der Stadt Stadtlohn<\/li>\n\n\n\n<li>familiengerechte Bildungsangebote in Zusammenarbeit mit der VHS und dem JFB<\/li>\n\n\n\n<li>Informationen zu den Bildungsangeboten in Elternmails, auf der Homepage und an den Infopoints in den Einrichtungen<\/li>\n\n\n\n<li>\u00d6ffnung des Bildungsprogrammes f\u00fcr das Umfeld (Ver\u00f6ffentlichung in den Bildungsprogrammen, an der Grundschule, in der Tagespresse und auf der Homepage)<\/li>\n\n\n\n<li>Elternabfrage und Bewertung zum Bildungsangebot<\/li>\n\n\n\n<li>Zusammenarbeit mit der Grundschule (gemeinsame Elterninformationsabend, usw.)<\/li>\n<\/ul>\n<\/div>\n<\/div>\n<\/div>\n\n\n\n<h3 class=\"wp-block-heading\"><strong>Beratung und Unterst\u00fctzung f\u00fcr Kinder und Familien<\/strong><\/h3>\n\n\n\n<div class=\"wp-block-columns is-layout-flex wp-container-core-columns-is-layout-9d6595d7 wp-block-columns-is-layout-flex\">\n<div class=\"wp-block-column is-layout-flow wp-block-column-is-layout-flow\" style=\"flex-basis:66.66%\">\n<ul class=\"wp-block-list\">\n<li>Information, Beratung und Unterst\u00fctzung in Fragen der inklusiven Betreuung von Kindern und \u00dcbernahme der Antragstellung auf inklusive Betreuung<\/li>\n\n\n\n<li>Inklusive Begleitung von Kindern mit besonderem Unterst\u00fctzungsbedarf<\/li>\n\n\n\n<li>Beratung und Unterst\u00fctzung in Erziehungsfragen und besonderen Familiensituationen<\/li>\n\n\n\n<li>Information, Beratung und Unterst\u00fctzung in der Beantragung und Nutzung des Bildungs- und Teilhabepaketes (BuT-Leistungen \/ M\u00fcnsterlandkarte)<\/li>\n\n\n\n<li>Unterst\u00fctzung von Familien mit Migrationshintergrund (z.B. mehrsprachige Informationen zum Verpflegungsportal, Hilfe beim Ausf\u00fcllen von Unterlagen, bei der Anmeldung \u2026)<\/li>\n\n\n\n<li>Nutzungsm\u00f6glichkeit des Sprachmittlerpools des Kreises Borken bei Verst\u00e4ndigungsschwierigkeiten<\/li>\n\n\n\n<li>Zusammenarbeit mit dem Fachbereich 5 (Arbeit und Soziales) der Stadt Stadtlohn zu Fragen von Familien mit Migrationshintergrund (Bereich Integration und Betreuung von Asylbewerbern)<\/li>\n\n\n\n<li>Verzeichnisse \u00fcber Beratungs- und Unterst\u00fctzungsangebote im Umfeld<\/li>\n\n\n\n<li>Verzeichnis \u00fcber Freizeitm\u00f6glichkeiten f\u00fcr Familien im Umfeld<\/li>\n\n\n\n<li>Verzeichnis von Therapie- und Beratungseinrichtungen in Stadtlohn<\/li>\n\n\n\n<li>kostenloses, vertrauliches monatliches Beratungsangebot der Caritas-Beratungsstelle (offenes und individuelles Beratungsangebot) abwechselnd in den Einrichtungen und im Otgerus-Haus<\/li>\n\n\n\n<li>Zusammenarbeit mit der Fr\u00fchf\u00f6rderstelle von Haus Hall, den sozialp\u00e4diatrischen Zentren, Kinder\u00e4rzten, Therapeuten, familienunterst\u00fctzenden Diensten<\/li>\n<\/ul>\n<\/div>\n\n\n\n<div class=\"wp-block-column is-layout-flow wp-block-column-is-layout-flow\" style=\"flex-basis:33.33%\">\n<figure class=\"wp-block-image size-full is-resized\"><img decoding=\"async\" src=\"http:\/\/wordpress-elisabeth.p604061.webspaceconfig.de\/wp-content\/uploads\/2023\/01\/info.jpg\" alt=\"\" class=\"wp-image-76\" style=\"height:400px\" height=\"400\" srcset=\"https:\/\/familienzentrum-st-elisabeth.info\/wp-content\/uploads\/2023\/01\/info.jpg 480w, https:\/\/familienzentrum-st-elisabeth.info\/wp-content\/uploads\/2023\/01\/info-226x300.jpg 226w\" sizes=\"(max-width: 480px) 100vw, 480px\" \/><\/figure>\n<\/div>\n<\/div>\n","protected":false},"excerpt":{"rendered":"<p>Als Familienzentrum erf\u00fcllen wir nicht nur den Betreuungs-, Erziehungs- und Bildungsauftrag, sondern sind zudem ein Ort der Begegnung,&nbsp; Beratung und Unterst\u00fctzung f\u00fcr Familien und das n\u00e4here Umfeld. Kommen Sie gerne zu uns in die Einrichtungen, f\u00fchlen Sie sich eingeladen, sich in unseren Eltern-Info-Punkten zu den verschiedenen Leistungsbereichen (Infowand \/ Info-Ordnern) zu informieren, machen Sie es <a class=\"read-more\" href=\"https:\/\/familienzentrum-st-elisabeth.info\/?page_id=37\">Read More<\/a><\/p>\n","protected":false},"author":1,"featured_media":0,"parent":0,"menu_order":0,"comment_status":"closed","ping_status":"closed","template":"template-full-width.php","meta":{"footnotes":""},"class_list":["post-37","page","type-page","status-publish","hentry"],"yoast_head":"<!-- This site is optimized with the Yoast SEO plugin v27.5 - https:\/\/yoast.com\/product\/yoast-seo-wordpress\/ -->\n<title>Leistungsspektrum - Familienzentrum St. Elisabeth<\/title>\n<meta name=\"robots\" content=\"index, follow, max-snippet:-1, max-image-preview:large, max-video-preview:-1\" \/>\n<link rel=\"canonical\" href=\"https:\/\/familienzentrum-st-elisabeth.info\/?page_id=37\" \/>\n<meta property=\"og:locale\" content=\"de_DE\" \/>\n<meta property=\"og:type\" content=\"article\" \/>\n<meta property=\"og:title\" content=\"Leistungsspektrum - Familienzentrum St. Elisabeth\" \/>\n<meta property=\"og:description\" content=\"Als Familienzentrum erf\u00fcllen wir nicht nur den Betreuungs-, Erziehungs- und Bildungsauftrag, sondern sind zudem ein Ort der Begegnung,&nbsp; Beratung und Unterst\u00fctzung f\u00fcr Familien und das n\u00e4here Umfeld. Kommen Sie gerne zu uns in die Einrichtungen, f\u00fchlen Sie sich eingeladen, sich in unseren Eltern-Info-Punkten zu den verschiedenen Leistungsbereichen (Infowand \/ Info-Ordnern) zu informieren, machen Sie es Read More\" \/>\n<meta property=\"og:url\" content=\"https:\/\/familienzentrum-st-elisabeth.info\/?page_id=37\" \/>\n<meta property=\"og:site_name\" content=\"Familienzentrum St. Elisabeth\" \/>\n<meta property=\"article:modified_time\" content=\"2023-10-04T12:11:03+00:00\" \/>\n<meta property=\"og:image\" content=\"http:\/\/wordpress-elisabeth.p604061.webspaceconfig.de\/wp-content\/uploads\/2023\/01\/info.jpg\" \/>\n<meta name=\"twitter:card\" content=\"summary_large_image\" \/>\n<meta name=\"twitter:label1\" content=\"Gesch\u00e4tzte Lesezeit\" \/>\n\t<meta name=\"twitter:data1\" content=\"4\u00a0Minuten\" \/>\n<script type=\"application\/ld+json\" class=\"yoast-schema-graph\">{\"@context\":\"https:\\\/\\\/schema.org\",\"@graph\":[{\"@type\":\"WebPage\",\"@id\":\"https:\\\/\\\/familienzentrum-st-elisabeth.info\\\/?page_id=37\",\"url\":\"https:\\\/\\\/familienzentrum-st-elisabeth.info\\\/?page_id=37\",\"name\":\"Leistungsspektrum - Familienzentrum St. Elisabeth\",\"isPartOf\":{\"@id\":\"https:\\\/\\\/familienzentrum-st-elisabeth.info\\\/#website\"},\"primaryImageOfPage\":{\"@id\":\"https:\\\/\\\/familienzentrum-st-elisabeth.info\\\/?page_id=37#primaryimage\"},\"image\":{\"@id\":\"https:\\\/\\\/familienzentrum-st-elisabeth.info\\\/?page_id=37#primaryimage\"},\"thumbnailUrl\":\"http:\\\/\\\/wordpress-elisabeth.p604061.webspaceconfig.de\\\/wp-content\\\/uploads\\\/2023\\\/01\\\/info.jpg\",\"datePublished\":\"2022-11-23T09:11:49+00:00\",\"dateModified\":\"2023-10-04T12:11:03+00:00\",\"breadcrumb\":{\"@id\":\"https:\\\/\\\/familienzentrum-st-elisabeth.info\\\/?page_id=37#breadcrumb\"},\"inLanguage\":\"de\",\"potentialAction\":[{\"@type\":\"ReadAction\",\"target\":[\"https:\\\/\\\/familienzentrum-st-elisabeth.info\\\/?page_id=37\"]}]},{\"@type\":\"ImageObject\",\"inLanguage\":\"de\",\"@id\":\"https:\\\/\\\/familienzentrum-st-elisabeth.info\\\/?page_id=37#primaryimage\",\"url\":\"http:\\\/\\\/wordpress-elisabeth.p604061.webspaceconfig.de\\\/wp-content\\\/uploads\\\/2023\\\/01\\\/info.jpg\",\"contentUrl\":\"http:\\\/\\\/wordpress-elisabeth.p604061.webspaceconfig.de\\\/wp-content\\\/uploads\\\/2023\\\/01\\\/info.jpg\"},{\"@type\":\"BreadcrumbList\",\"@id\":\"https:\\\/\\\/familienzentrum-st-elisabeth.info\\\/?page_id=37#breadcrumb\",\"itemListElement\":[{\"@type\":\"ListItem\",\"position\":1,\"name\":\"Startseite\",\"item\":\"https:\\\/\\\/familienzentrum-st-elisabeth.info\\\/\"},{\"@type\":\"ListItem\",\"position\":2,\"name\":\"Leistungsspektrum\"}]},{\"@type\":\"WebSite\",\"@id\":\"https:\\\/\\\/familienzentrum-st-elisabeth.info\\\/#website\",\"url\":\"https:\\\/\\\/familienzentrum-st-elisabeth.info\\\/\",\"name\":\"Familienzentrum St. Elisabeth\",\"description\":\"Stadtlohn\",\"publisher\":{\"@id\":\"https:\\\/\\\/familienzentrum-st-elisabeth.info\\\/#organization\"},\"potentialAction\":[{\"@type\":\"SearchAction\",\"target\":{\"@type\":\"EntryPoint\",\"urlTemplate\":\"https:\\\/\\\/familienzentrum-st-elisabeth.info\\\/?s={search_term_string}\"},\"query-input\":{\"@type\":\"PropertyValueSpecification\",\"valueRequired\":true,\"valueName\":\"search_term_string\"}}],\"inLanguage\":\"de\"},{\"@type\":\"Organization\",\"@id\":\"https:\\\/\\\/familienzentrum-st-elisabeth.info\\\/#organization\",\"name\":\"Familienzentrum St. Elisabeth\",\"url\":\"https:\\\/\\\/familienzentrum-st-elisabeth.info\\\/\",\"logo\":{\"@type\":\"ImageObject\",\"inLanguage\":\"de\",\"@id\":\"https:\\\/\\\/familienzentrum-st-elisabeth.info\\\/#\\\/schema\\\/logo\\\/image\\\/\",\"url\":\"https:\\\/\\\/familienzentrum-st-elisabeth.info\\\/wp-content\\\/uploads\\\/2022\\\/11\\\/cropped-image008-1-e1669193012284.png\",\"contentUrl\":\"https:\\\/\\\/familienzentrum-st-elisabeth.info\\\/wp-content\\\/uploads\\\/2022\\\/11\\\/cropped-image008-1-e1669193012284.png\",\"width\":100,\"height\":100,\"caption\":\"Familienzentrum St. Elisabeth\"},\"image\":{\"@id\":\"https:\\\/\\\/familienzentrum-st-elisabeth.info\\\/#\\\/schema\\\/logo\\\/image\\\/\"}}]}<\/script>\n<!-- \/ Yoast SEO plugin. -->","yoast_head_json":{"title":"Leistungsspektrum - Familienzentrum St. Elisabeth","robots":{"index":"index","follow":"follow","max-snippet":"max-snippet:-1","max-image-preview":"max-image-preview:large","max-video-preview":"max-video-preview:-1"},"canonical":"https:\/\/familienzentrum-st-elisabeth.info\/?page_id=37","og_locale":"de_DE","og_type":"article","og_title":"Leistungsspektrum - Familienzentrum St. Elisabeth","og_description":"Als Familienzentrum erf\u00fcllen wir nicht nur den Betreuungs-, Erziehungs- und Bildungsauftrag, sondern sind zudem ein Ort der Begegnung,&nbsp; Beratung und Unterst\u00fctzung f\u00fcr Familien und das n\u00e4here Umfeld. Kommen Sie gerne zu uns in die Einrichtungen, f\u00fchlen Sie sich eingeladen, sich in unseren Eltern-Info-Punkten zu den verschiedenen Leistungsbereichen (Infowand \/ Info-Ordnern) zu informieren, machen Sie es Read More","og_url":"https:\/\/familienzentrum-st-elisabeth.info\/?page_id=37","og_site_name":"Familienzentrum St. Elisabeth","article_modified_time":"2023-10-04T12:11:03+00:00","og_image":[{"url":"http:\/\/wordpress-elisabeth.p604061.webspaceconfig.de\/wp-content\/uploads\/2023\/01\/info.jpg","type":"","width":"","height":""}],"twitter_card":"summary_large_image","twitter_misc":{"Gesch\u00e4tzte Lesezeit":"4\u00a0Minuten"},"schema":{"@context":"https:\/\/schema.org","@graph":[{"@type":"WebPage","@id":"https:\/\/familienzentrum-st-elisabeth.info\/?page_id=37","url":"https:\/\/familienzentrum-st-elisabeth.info\/?page_id=37","name":"Leistungsspektrum - Familienzentrum St. Elisabeth","isPartOf":{"@id":"https:\/\/familienzentrum-st-elisabeth.info\/#website"},"primaryImageOfPage":{"@id":"https:\/\/familienzentrum-st-elisabeth.info\/?page_id=37#primaryimage"},"image":{"@id":"https:\/\/familienzentrum-st-elisabeth.info\/?page_id=37#primaryimage"},"thumbnailUrl":"http:\/\/wordpress-elisabeth.p604061.webspaceconfig.de\/wp-content\/uploads\/2023\/01\/info.jpg","datePublished":"2022-11-23T09:11:49+00:00","dateModified":"2023-10-04T12:11:03+00:00","breadcrumb":{"@id":"https:\/\/familienzentrum-st-elisabeth.info\/?page_id=37#breadcrumb"},"inLanguage":"de","potentialAction":[{"@type":"ReadAction","target":["https:\/\/familienzentrum-st-elisabeth.info\/?page_id=37"]}]},{"@type":"ImageObject","inLanguage":"de","@id":"https:\/\/familienzentrum-st-elisabeth.info\/?page_id=37#primaryimage","url":"http:\/\/wordpress-elisabeth.p604061.webspaceconfig.de\/wp-content\/uploads\/2023\/01\/info.jpg","contentUrl":"http:\/\/wordpress-elisabeth.p604061.webspaceconfig.de\/wp-content\/uploads\/2023\/01\/info.jpg"},{"@type":"BreadcrumbList","@id":"https:\/\/familienzentrum-st-elisabeth.info\/?page_id=37#breadcrumb","itemListElement":[{"@type":"ListItem","position":1,"name":"Startseite","item":"https:\/\/familienzentrum-st-elisabeth.info\/"},{"@type":"ListItem","position":2,"name":"Leistungsspektrum"}]},{"@type":"WebSite","@id":"https:\/\/familienzentrum-st-elisabeth.info\/#website","url":"https:\/\/familienzentrum-st-elisabeth.info\/","name":"Familienzentrum St. Elisabeth","description":"Stadtlohn","publisher":{"@id":"https:\/\/familienzentrum-st-elisabeth.info\/#organization"},"potentialAction":[{"@type":"SearchAction","target":{"@type":"EntryPoint","urlTemplate":"https:\/\/familienzentrum-st-elisabeth.info\/?s={search_term_string}"},"query-input":{"@type":"PropertyValueSpecification","valueRequired":true,"valueName":"search_term_string"}}],"inLanguage":"de"},{"@type":"Organization","@id":"https:\/\/familienzentrum-st-elisabeth.info\/#organization","name":"Familienzentrum St. Elisabeth","url":"https:\/\/familienzentrum-st-elisabeth.info\/","logo":{"@type":"ImageObject","inLanguage":"de","@id":"https:\/\/familienzentrum-st-elisabeth.info\/#\/schema\/logo\/image\/","url":"https:\/\/familienzentrum-st-elisabeth.info\/wp-content\/uploads\/2022\/11\/cropped-image008-1-e1669193012284.png","contentUrl":"https:\/\/familienzentrum-st-elisabeth.info\/wp-content\/uploads\/2022\/11\/cropped-image008-1-e1669193012284.png","width":100,"height":100,"caption":"Familienzentrum St. Elisabeth"},"image":{"@id":"https:\/\/familienzentrum-st-elisabeth.info\/#\/schema\/logo\/image\/"}}]}},"_links":{"self":[{"href":"https:\/\/familienzentrum-st-elisabeth.info\/index.php?rest_route=\/wp\/v2\/pages\/37","targetHints":{"allow":["GET"]}}],"collection":[{"href":"https:\/\/familienzentrum-st-elisabeth.info\/index.php?rest_route=\/wp\/v2\/pages"}],"about":[{"href":"https:\/\/familienzentrum-st-elisabeth.info\/index.php?rest_route=\/wp\/v2\/types\/page"}],"author":[{"embeddable":true,"href":"https:\/\/familienzentrum-st-elisabeth.info\/index.php?rest_route=\/wp\/v2\/users\/1"}],"replies":[{"embeddable":true,"href":"https:\/\/familienzentrum-st-elisabeth.info\/index.php?rest_route=%2Fwp%2Fv2%2Fcomments&post=37"}],"version-history":[{"count":3,"href":"https:\/\/familienzentrum-st-elisabeth.info\/index.php?rest_route=\/wp\/v2\/pages\/37\/revisions"}],"predecessor-version":[{"id":521,"href":"https:\/\/familienzentrum-st-elisabeth.info\/index.php?rest_route=\/wp\/v2\/pages\/37\/revisions\/521"}],"wp:attachment":[{"href":"https:\/\/familienzentrum-st-elisabeth.info\/index.php?rest_route=%2Fwp%2Fv2%2Fmedia&parent=37"}],"curies":[{"name":"wp","href":"https:\/\/api.w.org\/{rel}","templated":true}]}}