{"id":33,"date":"2022-11-23T10:09:14","date_gmt":"2022-11-23T09:09:14","guid":{"rendered":"http:\/\/wordpress-elisabeth.p604061.webspaceconfig.de\/?page_id=33"},"modified":"2025-07-16T15:12:17","modified_gmt":"2025-07-16T13:12:17","slug":"stellenangebote","status":"publish","type":"page","link":"https:\/\/familienzentrum-st-elisabeth.info\/?page_id=33","title":{"rendered":"Stellenangebote"},"content":{"rendered":"<div class=\"n2-section-smartslider fitvidsignore  n2_clear\" data-ssid=\"7\"><div id=\"n2-ss-7-align\" class=\"n2-ss-align\"><div class=\"n2-padding\"><div id=\"n2-ss-7\" data-creator=\"Smart Slider 3\" data-responsive=\"auto\" class=\"n2-ss-slider n2-ow n2-has-hover n2notransition  \"><div class=\"n2-ss-slider-wrapper-inside\">\n        <div class=\"n2-ss-slider-1 n2_ss__touch_element n2-ow\">\n            <div class=\"n2-ss-slider-2 n2-ow\">\n                                                <div class=\"n2-ss-slider-3 n2-ow\">\n\n                    <div class=\"n2-ss-slide-backgrounds n2-ow-all\"><div class=\"n2-ss-slide-background\" data-public-id=\"1\" data-mode=\"fill\"><div class=\"n2-ss-slide-background-image\" data-blur=\"0\" data-opacity=\"100\" data-x=\"42\" data-y=\"34\" data-alt=\"\" data-title=\"\" style=\"--ss-o-pos-x:42%;--ss-o-pos-y:34%\"><picture class=\"skip-lazy\" data-skip-lazy=\"1\"><img decoding=\"async\" src=\"\/\/familienzentrum-st-elisabeth.info\/wp-content\/uploads\/2023\/01\/haus.jpg\" alt=\"\" title=\"\" loading=\"lazy\" class=\"skip-lazy\" data-skip-lazy=\"1\"><\/picture><\/div><div data-color=\"RGBA(255,255,255,0)\" style=\"background-color: RGBA(255,255,255,0);\" class=\"n2-ss-slide-background-color\"><\/div><\/div><div class=\"n2-ss-slide-background\" data-public-id=\"2\" data-mode=\"fill\" aria-hidden=\"true\"><div class=\"n2-ss-slide-background-image\" data-blur=\"0\" data-opacity=\"100\" data-x=\"55\" data-y=\"90\" data-alt=\"\" data-title=\"\" style=\"--ss-o-pos-x:55%;--ss-o-pos-y:90%\"><picture class=\"skip-lazy\" data-skip-lazy=\"1\"><img decoding=\"async\" src=\"\/\/familienzentrum-st-elisabeth.info\/wp-content\/uploads\/2023\/08\/Unsere-Kita-1-scaled.jpg\" alt=\"\" title=\"\" loading=\"lazy\" class=\"skip-lazy\" data-skip-lazy=\"1\"><\/picture><\/div><div data-color=\"RGBA(255,255,255,0)\" style=\"background-color: RGBA(255,255,255,0);\" class=\"n2-ss-slide-background-color\"><\/div><\/div><\/div>                    <div class=\"n2-ss-slider-4 n2-ow\">\n                        <svg xmlns=\"http:\/\/www.w3.org\/2000\/svg\" viewBox=\"0 0 1200 400\" data-related-device=\"desktopPortrait\" class=\"n2-ow n2-ss-preserve-size n2-ss-preserve-size--slider n2-ss-slide-limiter\"><\/svg><div data-first=\"1\" data-slide-duration=\"0\" data-id=\"142\" data-slide-public-id=\"1\" data-title=\"haus\" class=\"n2-ss-slide n2-ow  n2-ss-slide-142\"><div role=\"note\" class=\"n2-ss-slide--focus\" tabindex=\"-1\">haus<\/div><div class=\"n2-ss-layers-container n2-ss-slide-limiter n2-ow\"><div class=\"n2-ss-layer n2-ow n-uc-cEmZCtkmozXw\" data-sstype=\"slide\" data-pm=\"default\"><\/div><\/div><\/div><div data-slide-duration=\"0\" data-id=\"144\" data-slide-public-id=\"2\" aria-hidden=\"true\" data-title=\"Unsere Kita 1\" class=\"n2-ss-slide n2-ow  n2-ss-slide-144\"><div role=\"note\" class=\"n2-ss-slide--focus\" tabindex=\"-1\">Unsere Kita 1<\/div><div class=\"n2-ss-layers-container n2-ss-slide-limiter n2-ow\"><div class=\"n2-ss-layer n2-ow n-uc-cWI5RebWcf9N\" data-sstype=\"slide\" data-pm=\"default\"><\/div><\/div><\/div>                    <\/div>\n\n                                    <\/div>\n            <\/div>\n        <\/div>\n        <div class=\"n2-ss-slider-controls n2-ss-slider-controls-absolute-left-center\"><div style=\"--widget-offset:15px;\" class=\"n2-ss-widget nextend-arrow n2-ow-all nextend-arrow-previous  nextend-arrow-animated-fade\" data-hide-mobileportrait=\"1\" id=\"n2-ss-7-arrow-previous\" role=\"button\" aria-label=\"previous arrow\" tabindex=\"0\"><img loading=\"lazy\" decoding=\"async\" width=\"32\" height=\"32\" class=\"skip-lazy\" data-skip-lazy=\"1\" src=\"data:image\/svg+xml;base64,PHN2ZyB3aWR0aD0iMzIiIGhlaWdodD0iMzIiIHZpZXdCb3g9IjAgMCAzMiAzMiIgeG1sbnM9Imh0dHA6Ly93d3cudzMub3JnLzIwMDAvc3ZnIj4KICAgIDxwYXRoIGQ9Ik0xMS40MzMgMTUuOTkyTDIyLjY5IDUuNzEyYy4zOTMtLjM5LjM5My0xLjAzIDAtMS40Mi0uMzkzLS4zOS0xLjAzLS4zOS0xLjQyMyAwbC0xMS45OCAxMC45NGMtLjIxLjIxLS4zLjQ5LS4yODUuNzYtLjAxNS4yOC4wNzUuNTYuMjg0Ljc3bDExLjk4IDEwLjk0Yy4zOTMuMzkgMS4wMy4zOSAxLjQyNCAwIC4zOTMtLjQuMzkzLTEuMDMgMC0xLjQybC0xMS4yNTctMTAuMjkiCiAgICAgICAgICBmaWxsPSIjZmZmZmZmIiBvcGFjaXR5PSIwLjgiIGZpbGwtcnVsZT0iZXZlbm9kZCIvPgo8L3N2Zz4=\" alt=\"previous arrow\"><\/div><\/div><div class=\"n2-ss-slider-controls n2-ss-slider-controls-absolute-right-center\"><div style=\"--widget-offset:15px;\" class=\"n2-ss-widget nextend-arrow n2-ow-all nextend-arrow-next  nextend-arrow-animated-fade\" data-hide-mobileportrait=\"1\" id=\"n2-ss-7-arrow-next\" role=\"button\" aria-label=\"next arrow\" tabindex=\"0\"><img loading=\"lazy\" decoding=\"async\" width=\"32\" height=\"32\" class=\"skip-lazy\" data-skip-lazy=\"1\" src=\"data:image\/svg+xml;base64,PHN2ZyB3aWR0aD0iMzIiIGhlaWdodD0iMzIiIHZpZXdCb3g9IjAgMCAzMiAzMiIgeG1sbnM9Imh0dHA6Ly93d3cudzMub3JnLzIwMDAvc3ZnIj4KICAgIDxwYXRoIGQ9Ik0xMC43MjIgNC4yOTNjLS4zOTQtLjM5LTEuMDMyLS4zOS0xLjQyNyAwLS4zOTMuMzktLjM5MyAxLjAzIDAgMS40MmwxMS4yODMgMTAuMjgtMTEuMjgzIDEwLjI5Yy0uMzkzLjM5LS4zOTMgMS4wMiAwIDEuNDIuMzk1LjM5IDEuMDMzLjM5IDEuNDI3IDBsMTIuMDA3LTEwLjk0Yy4yMS0uMjEuMy0uNDkuMjg0LS43Ny4wMTQtLjI3LS4wNzYtLjU1LS4yODYtLjc2TDEwLjcyIDQuMjkzeiIKICAgICAgICAgIGZpbGw9IiNmZmZmZmYiIG9wYWNpdHk9IjAuOCIgZmlsbC1ydWxlPSJldmVub2RkIi8+Cjwvc3ZnPg==\" alt=\"next arrow\"><\/div><\/div><\/div><\/div><ss3-loader><\/ss3-loader><\/div><\/div><div class=\"n2_clear\"><\/div><\/div>\n\n\n<p><\/p>\n\n\n\n<h2 class=\"wp-block-heading\">Stellenausschreibung<\/h2>\n\n\n\n<div class=\"wp-block-columns is-layout-flex wp-container-core-columns-is-layout-9d6595d7 wp-block-columns-is-layout-flex\">\n<div class=\"wp-block-column is-layout-flow wp-block-column-is-layout-flow\">\n<figure class=\"wp-block-image size-full\"><img loading=\"lazy\" decoding=\"async\" width=\"684\" height=\"674\" src=\"https:\/\/familienzentrum-st-elisabeth.info\/wp-content\/uploads\/2025\/07\/Stellenausschreibung-EK-1.png\" alt=\"\" class=\"wp-image-863\" srcset=\"https:\/\/familienzentrum-st-elisabeth.info\/wp-content\/uploads\/2025\/07\/Stellenausschreibung-EK-1.png 684w, https:\/\/familienzentrum-st-elisabeth.info\/wp-content\/uploads\/2025\/07\/Stellenausschreibung-EK-1-300x296.png 300w\" sizes=\"auto, (max-width: 684px) 100vw, 684px\" \/><\/figure>\n<\/div>\n\n\n\n<div class=\"wp-block-column is-layout-flow wp-block-column-is-layout-flow\">\n<figure class=\"wp-block-image size-full\"><img loading=\"lazy\" decoding=\"async\" width=\"685\" height=\"683\" src=\"https:\/\/familienzentrum-st-elisabeth.info\/wp-content\/uploads\/2025\/07\/Stellenausschreibung-EK-2.png\" alt=\"\" class=\"wp-image-864\" srcset=\"https:\/\/familienzentrum-st-elisabeth.info\/wp-content\/uploads\/2025\/07\/Stellenausschreibung-EK-2.png 685w, https:\/\/familienzentrum-st-elisabeth.info\/wp-content\/uploads\/2025\/07\/Stellenausschreibung-EK-2-300x300.png 300w, https:\/\/familienzentrum-st-elisabeth.info\/wp-content\/uploads\/2025\/07\/Stellenausschreibung-EK-2-150x150.png 150w\" sizes=\"auto, (max-width: 685px) 100vw, 685px\" \/><\/figure>\n<\/div>\n\n\n\n<div class=\"wp-block-column is-layout-flow wp-block-column-is-layout-flow\">\n<figure class=\"wp-block-image size-full\"><img loading=\"lazy\" decoding=\"async\" width=\"687\" height=\"680\" src=\"https:\/\/familienzentrum-st-elisabeth.info\/wp-content\/uploads\/2025\/07\/Stellenausschreibung-EK-3.png\" alt=\"\" class=\"wp-image-865\" srcset=\"https:\/\/familienzentrum-st-elisabeth.info\/wp-content\/uploads\/2025\/07\/Stellenausschreibung-EK-3.png 687w, https:\/\/familienzentrum-st-elisabeth.info\/wp-content\/uploads\/2025\/07\/Stellenausschreibung-EK-3-300x297.png 300w\" sizes=\"auto, (max-width: 687px) 100vw, 687px\" \/><\/figure>\n<\/div>\n<\/div>\n\n\n\n<div class=\"wp-block-columns is-layout-flex wp-container-core-columns-is-layout-9d6595d7 wp-block-columns-is-layout-flex\">\n<div class=\"wp-block-column is-layout-flow wp-block-column-is-layout-flow\" style=\"flex-basis:100%\">\n<div class=\"wp-block-group is-layout-constrained wp-block-group-is-layout-constrained\">\n<p>Aktuelle Stellenausschreibungen finden Sie bei <a href=\"https:\/\/www.instagram.com\/kitas_st_otger\/\" target=\"_blank\" rel=\"noreferrer noopener\">Instagram<\/a><\/p>\n\n\n\n<p>Weitere Infos erhalten Sie ebenfalls bei der der <a href=\"https:\/\/www.st-otger.de\/kirchen-personen\/verwaltung\/verbundleitung\">Verbundleitung St. Otger<\/a>.<\/p>\n<\/div>\n<\/div>\n<\/div>\n\n\n\n<h2 class=\"wp-block-heading\">Arbeits- und Ausbildungsplatz im Verbund der Kindertageseinrichtungen St. Otger<\/h2>\n\n\n\n<p>Wenn Sie sich erst einmal \u00fcber die Arbeit in unseren verschiedenen Kindertageseinrichtungen informieren m\u00f6chten,<br>dann schauen sie sich gerne&nbsp;<strong><a href=\"https:\/\/www.st-otger.de\/einrichtungen-hilfe\/kindergaerten\/tageseinrichtungen-im-verbund\" target=\"_blank\" rel=\"noreferrer noopener\">hier auf der Seite unseres Tr\u00e4gers<\/a>&nbsp;<\/strong>&nbsp;um:<\/p>\n\n\n\n<p>Wenn Sie am Berufsbild der Erzieherin \/ des Erziehers interessiert sind,<\/p>\n\n\n\n<p>wenn Sie mal \u201ereinschnuppern\u201c&nbsp; oder sich orientieren,<\/p>\n\n\n\n<p>wenn Sie sich zur Ausbildung entschieden haben, oder<\/p>\n\n\n\n<p>wenn Sie sich auch die Mitarbeit in einem unserer Teams vorstellen k\u00f6nnen,<\/p>\n\n\n\n<p>dann bieten wir:<\/p>\n\n\n\n<ul class=\"wp-block-list\">\n<li>Praktikumspl\u00e4tze f\u00fcr Sch\u00fcler und Sch\u00fclerinnen der Sekundarstufe I an, um in das Berufsbild der Erzieherin \/ des Erziehers einen ersten Einblick zu bekommen<\/li>\n\n\n\n<li>Praktikumspl\u00e4tze f\u00fcr Sch\u00fcler und Sch\u00fclerinnen der weiterf\u00fchrenden Schulen im Rahmen des FOS-Praktikums<\/li>\n\n\n\n<li>Ausbildungspl\u00e4tze im Rahmen der praxisintegrierten Ausbildung (PIA) oder zum Anerkennungsjahr (BAJ)<\/li>\n\n\n\n<li>Arbeitspl\u00e4tze f\u00fcr Erzieherinnen, Kinderpflegerinnen, Heilerziehungspfleger, Heilp\u00e4dagogen, vergleichbare Ausbildungsberufe mit dem Schwerpunkt Kindheitsp\u00e4dagogin.<\/li>\n<\/ul>\n\n\n\n<p>&nbsp;Informieren Sie sich gerne bei den Einrichtungsleitungen und senden Sie Ihre Bewerbung an:<\/p>\n\n\n\n<p><a href=\"https:\/\/www.st-otger.de\/kirchen-personen\/verwaltung\/verbundleitung\">Verbundleitung St. Otger<\/a><\/p>\n","protected":false},"excerpt":{"rendered":"<p>Stellenausschreibung Aktuelle Stellenausschreibungen finden Sie bei Instagram Weitere Infos erhalten Sie ebenfalls bei der der Verbundleitung St. Otger. Arbeits- und Ausbildungsplatz im Verbund der Kindertageseinrichtungen St. Otger Wenn Sie sich erst einmal \u00fcber die Arbeit in unseren verschiedenen Kindertageseinrichtungen informieren m\u00f6chten,dann schauen sie sich gerne&nbsp;hier auf der Seite unseres Tr\u00e4gers&nbsp;&nbsp;um: Wenn Sie am Berufsbild der <a class=\"read-more\" href=\"https:\/\/familienzentrum-st-elisabeth.info\/?page_id=33\">Read More<\/a><\/p>\n","protected":false},"author":1,"featured_media":0,"parent":0,"menu_order":0,"comment_status":"closed","ping_status":"closed","template":"template-full-width.php","meta":{"footnotes":""},"class_list":["post-33","page","type-page","status-publish","hentry"],"yoast_head":"<!-- This site is optimized with the Yoast SEO plugin v27.3 - https:\/\/yoast.com\/product\/yoast-seo-wordpress\/ -->\n<title>Stellenangebote - Familienzentrum St. Elisabeth<\/title>\n<meta name=\"robots\" content=\"index, follow, max-snippet:-1, max-image-preview:large, max-video-preview:-1\" \/>\n<link rel=\"canonical\" href=\"https:\/\/familienzentrum-st-elisabeth.info\/?page_id=33\" \/>\n<meta property=\"og:locale\" content=\"de_DE\" \/>\n<meta property=\"og:type\" content=\"article\" \/>\n<meta property=\"og:title\" content=\"Stellenangebote - Familienzentrum St. Elisabeth\" \/>\n<meta property=\"og:description\" content=\"Stellenausschreibung Aktuelle Stellenausschreibungen finden Sie bei Instagram Weitere Infos erhalten Sie ebenfalls bei der der Verbundleitung St. Otger. Arbeits- und Ausbildungsplatz im Verbund der Kindertageseinrichtungen St. Otger Wenn Sie sich erst einmal \u00fcber die Arbeit in unseren verschiedenen Kindertageseinrichtungen informieren m\u00f6chten,dann schauen sie sich gerne&nbsp;hier auf der Seite unseres Tr\u00e4gers&nbsp;&nbsp;um: Wenn Sie am Berufsbild der Read More\" \/>\n<meta property=\"og:url\" content=\"https:\/\/familienzentrum-st-elisabeth.info\/?page_id=33\" \/>\n<meta property=\"og:site_name\" content=\"Familienzentrum St. Elisabeth\" \/>\n<meta property=\"article:modified_time\" content=\"2025-07-16T13:12:17+00:00\" \/>\n<meta property=\"og:image\" content=\"https:\/\/familienzentrum-st-elisabeth.info\/wp-content\/uploads\/2025\/07\/Stellenausschreibung-EK-1.png\" \/>\n<meta name=\"twitter:card\" content=\"summary_large_image\" \/>\n<meta name=\"twitter:label1\" content=\"Gesch\u00e4tzte Lesezeit\" \/>\n\t<meta name=\"twitter:data1\" content=\"2\u00a0Minuten\" \/>\n<script type=\"application\/ld+json\" class=\"yoast-schema-graph\">{\"@context\":\"https:\\\/\\\/schema.org\",\"@graph\":[{\"@type\":\"WebPage\",\"@id\":\"https:\\\/\\\/familienzentrum-st-elisabeth.info\\\/?page_id=33\",\"url\":\"https:\\\/\\\/familienzentrum-st-elisabeth.info\\\/?page_id=33\",\"name\":\"Stellenangebote - Familienzentrum St. Elisabeth\",\"isPartOf\":{\"@id\":\"https:\\\/\\\/familienzentrum-st-elisabeth.info\\\/#website\"},\"primaryImageOfPage\":{\"@id\":\"https:\\\/\\\/familienzentrum-st-elisabeth.info\\\/?page_id=33#primaryimage\"},\"image\":{\"@id\":\"https:\\\/\\\/familienzentrum-st-elisabeth.info\\\/?page_id=33#primaryimage\"},\"thumbnailUrl\":\"https:\\\/\\\/familienzentrum-st-elisabeth.info\\\/wp-content\\\/uploads\\\/2025\\\/07\\\/Stellenausschreibung-EK-1.png\",\"datePublished\":\"2022-11-23T09:09:14+00:00\",\"dateModified\":\"2025-07-16T13:12:17+00:00\",\"breadcrumb\":{\"@id\":\"https:\\\/\\\/familienzentrum-st-elisabeth.info\\\/?page_id=33#breadcrumb\"},\"inLanguage\":\"de\",\"potentialAction\":[{\"@type\":\"ReadAction\",\"target\":[\"https:\\\/\\\/familienzentrum-st-elisabeth.info\\\/?page_id=33\"]}]},{\"@type\":\"ImageObject\",\"inLanguage\":\"de\",\"@id\":\"https:\\\/\\\/familienzentrum-st-elisabeth.info\\\/?page_id=33#primaryimage\",\"url\":\"https:\\\/\\\/familienzentrum-st-elisabeth.info\\\/wp-content\\\/uploads\\\/2025\\\/07\\\/Stellenausschreibung-EK-1.png\",\"contentUrl\":\"https:\\\/\\\/familienzentrum-st-elisabeth.info\\\/wp-content\\\/uploads\\\/2025\\\/07\\\/Stellenausschreibung-EK-1.png\",\"width\":684,\"height\":674},{\"@type\":\"BreadcrumbList\",\"@id\":\"https:\\\/\\\/familienzentrum-st-elisabeth.info\\\/?page_id=33#breadcrumb\",\"itemListElement\":[{\"@type\":\"ListItem\",\"position\":1,\"name\":\"Startseite\",\"item\":\"https:\\\/\\\/familienzentrum-st-elisabeth.info\\\/\"},{\"@type\":\"ListItem\",\"position\":2,\"name\":\"Stellenangebote\"}]},{\"@type\":\"WebSite\",\"@id\":\"https:\\\/\\\/familienzentrum-st-elisabeth.info\\\/#website\",\"url\":\"https:\\\/\\\/familienzentrum-st-elisabeth.info\\\/\",\"name\":\"Familienzentrum St. Elisabeth\",\"description\":\"Stadtlohn\",\"publisher\":{\"@id\":\"https:\\\/\\\/familienzentrum-st-elisabeth.info\\\/#organization\"},\"potentialAction\":[{\"@type\":\"SearchAction\",\"target\":{\"@type\":\"EntryPoint\",\"urlTemplate\":\"https:\\\/\\\/familienzentrum-st-elisabeth.info\\\/?s={search_term_string}\"},\"query-input\":{\"@type\":\"PropertyValueSpecification\",\"valueRequired\":true,\"valueName\":\"search_term_string\"}}],\"inLanguage\":\"de\"},{\"@type\":\"Organization\",\"@id\":\"https:\\\/\\\/familienzentrum-st-elisabeth.info\\\/#organization\",\"name\":\"Familienzentrum St. Elisabeth\",\"url\":\"https:\\\/\\\/familienzentrum-st-elisabeth.info\\\/\",\"logo\":{\"@type\":\"ImageObject\",\"inLanguage\":\"de\",\"@id\":\"https:\\\/\\\/familienzentrum-st-elisabeth.info\\\/#\\\/schema\\\/logo\\\/image\\\/\",\"url\":\"https:\\\/\\\/familienzentrum-st-elisabeth.info\\\/wp-content\\\/uploads\\\/2022\\\/11\\\/cropped-image008-1-e1669193012284.png\",\"contentUrl\":\"https:\\\/\\\/familienzentrum-st-elisabeth.info\\\/wp-content\\\/uploads\\\/2022\\\/11\\\/cropped-image008-1-e1669193012284.png\",\"width\":100,\"height\":100,\"caption\":\"Familienzentrum St. Elisabeth\"},\"image\":{\"@id\":\"https:\\\/\\\/familienzentrum-st-elisabeth.info\\\/#\\\/schema\\\/logo\\\/image\\\/\"}}]}<\/script>\n<!-- \/ Yoast SEO plugin. -->","yoast_head_json":{"title":"Stellenangebote - Familienzentrum St. Elisabeth","robots":{"index":"index","follow":"follow","max-snippet":"max-snippet:-1","max-image-preview":"max-image-preview:large","max-video-preview":"max-video-preview:-1"},"canonical":"https:\/\/familienzentrum-st-elisabeth.info\/?page_id=33","og_locale":"de_DE","og_type":"article","og_title":"Stellenangebote - Familienzentrum St. Elisabeth","og_description":"Stellenausschreibung Aktuelle Stellenausschreibungen finden Sie bei Instagram Weitere Infos erhalten Sie ebenfalls bei der der Verbundleitung St. Otger. Arbeits- und Ausbildungsplatz im Verbund der Kindertageseinrichtungen St. Otger Wenn Sie sich erst einmal \u00fcber die Arbeit in unseren verschiedenen Kindertageseinrichtungen informieren m\u00f6chten,dann schauen sie sich gerne&nbsp;hier auf der Seite unseres Tr\u00e4gers&nbsp;&nbsp;um: Wenn Sie am Berufsbild der Read More","og_url":"https:\/\/familienzentrum-st-elisabeth.info\/?page_id=33","og_site_name":"Familienzentrum St. Elisabeth","article_modified_time":"2025-07-16T13:12:17+00:00","og_image":[{"url":"https:\/\/familienzentrum-st-elisabeth.info\/wp-content\/uploads\/2025\/07\/Stellenausschreibung-EK-1.png","type":"","width":"","height":""}],"twitter_card":"summary_large_image","twitter_misc":{"Gesch\u00e4tzte Lesezeit":"2\u00a0Minuten"},"schema":{"@context":"https:\/\/schema.org","@graph":[{"@type":"WebPage","@id":"https:\/\/familienzentrum-st-elisabeth.info\/?page_id=33","url":"https:\/\/familienzentrum-st-elisabeth.info\/?page_id=33","name":"Stellenangebote - Familienzentrum St. Elisabeth","isPartOf":{"@id":"https:\/\/familienzentrum-st-elisabeth.info\/#website"},"primaryImageOfPage":{"@id":"https:\/\/familienzentrum-st-elisabeth.info\/?page_id=33#primaryimage"},"image":{"@id":"https:\/\/familienzentrum-st-elisabeth.info\/?page_id=33#primaryimage"},"thumbnailUrl":"https:\/\/familienzentrum-st-elisabeth.info\/wp-content\/uploads\/2025\/07\/Stellenausschreibung-EK-1.png","datePublished":"2022-11-23T09:09:14+00:00","dateModified":"2025-07-16T13:12:17+00:00","breadcrumb":{"@id":"https:\/\/familienzentrum-st-elisabeth.info\/?page_id=33#breadcrumb"},"inLanguage":"de","potentialAction":[{"@type":"ReadAction","target":["https:\/\/familienzentrum-st-elisabeth.info\/?page_id=33"]}]},{"@type":"ImageObject","inLanguage":"de","@id":"https:\/\/familienzentrum-st-elisabeth.info\/?page_id=33#primaryimage","url":"https:\/\/familienzentrum-st-elisabeth.info\/wp-content\/uploads\/2025\/07\/Stellenausschreibung-EK-1.png","contentUrl":"https:\/\/familienzentrum-st-elisabeth.info\/wp-content\/uploads\/2025\/07\/Stellenausschreibung-EK-1.png","width":684,"height":674},{"@type":"BreadcrumbList","@id":"https:\/\/familienzentrum-st-elisabeth.info\/?page_id=33#breadcrumb","itemListElement":[{"@type":"ListItem","position":1,"name":"Startseite","item":"https:\/\/familienzentrum-st-elisabeth.info\/"},{"@type":"ListItem","position":2,"name":"Stellenangebote"}]},{"@type":"WebSite","@id":"https:\/\/familienzentrum-st-elisabeth.info\/#website","url":"https:\/\/familienzentrum-st-elisabeth.info\/","name":"Familienzentrum St. Elisabeth","description":"Stadtlohn","publisher":{"@id":"https:\/\/familienzentrum-st-elisabeth.info\/#organization"},"potentialAction":[{"@type":"SearchAction","target":{"@type":"EntryPoint","urlTemplate":"https:\/\/familienzentrum-st-elisabeth.info\/?s={search_term_string}"},"query-input":{"@type":"PropertyValueSpecification","valueRequired":true,"valueName":"search_term_string"}}],"inLanguage":"de"},{"@type":"Organization","@id":"https:\/\/familienzentrum-st-elisabeth.info\/#organization","name":"Familienzentrum St. Elisabeth","url":"https:\/\/familienzentrum-st-elisabeth.info\/","logo":{"@type":"ImageObject","inLanguage":"de","@id":"https:\/\/familienzentrum-st-elisabeth.info\/#\/schema\/logo\/image\/","url":"https:\/\/familienzentrum-st-elisabeth.info\/wp-content\/uploads\/2022\/11\/cropped-image008-1-e1669193012284.png","contentUrl":"https:\/\/familienzentrum-st-elisabeth.info\/wp-content\/uploads\/2022\/11\/cropped-image008-1-e1669193012284.png","width":100,"height":100,"caption":"Familienzentrum St. Elisabeth"},"image":{"@id":"https:\/\/familienzentrum-st-elisabeth.info\/#\/schema\/logo\/image\/"}}]}},"_links":{"self":[{"href":"https:\/\/familienzentrum-st-elisabeth.info\/index.php?rest_route=\/wp\/v2\/pages\/33","targetHints":{"allow":["GET"]}}],"collection":[{"href":"https:\/\/familienzentrum-st-elisabeth.info\/index.php?rest_route=\/wp\/v2\/pages"}],"about":[{"href":"https:\/\/familienzentrum-st-elisabeth.info\/index.php?rest_route=\/wp\/v2\/types\/page"}],"author":[{"embeddable":true,"href":"https:\/\/familienzentrum-st-elisabeth.info\/index.php?rest_route=\/wp\/v2\/users\/1"}],"replies":[{"embeddable":true,"href":"https:\/\/familienzentrum-st-elisabeth.info\/index.php?rest_route=%2Fwp%2Fv2%2Fcomments&post=33"}],"version-history":[{"count":11,"href":"https:\/\/familienzentrum-st-elisabeth.info\/index.php?rest_route=\/wp\/v2\/pages\/33\/revisions"}],"predecessor-version":[{"id":866,"href":"https:\/\/familienzentrum-st-elisabeth.info\/index.php?rest_route=\/wp\/v2\/pages\/33\/revisions\/866"}],"wp:attachment":[{"href":"https:\/\/familienzentrum-st-elisabeth.info\/index.php?rest_route=%2Fwp%2Fv2%2Fmedia&parent=33"}],"curies":[{"name":"wp","href":"https:\/\/api.w.org\/{rel}","templated":true}]}}