{"id":313,"date":"2023-08-24T11:54:51","date_gmt":"2023-08-24T09:54:51","guid":{"rendered":"http:\/\/wordpress-elisabeth.p604061.webspaceconfig.de\/?page_id=313"},"modified":"2024-07-03T08:04:21","modified_gmt":"2024-07-03T06:04:21","slug":"ue3-arbeit","status":"publish","type":"page","link":"https:\/\/familienzentrum-st-elisabeth.info\/?page_id=313","title":{"rendered":"\u00dc3-Arbeit"},"content":{"rendered":"<div class=\"n2-section-smartslider fitvidsignore  n2_clear\" data-ssid=\"28\"><div id=\"n2-ss-28-align\" class=\"n2-ss-align\"><div class=\"n2-padding\"><div id=\"n2-ss-28\" data-creator=\"Smart Slider 3\" data-responsive=\"auto\" class=\"n2-ss-slider n2-ow n2-has-hover n2notransition  \"><div class=\"n2-ss-slider-wrapper-inside\">\n        <div class=\"n2-ss-slider-1 n2_ss__touch_element n2-ow\">\n            <div class=\"n2-ss-slider-2 n2-ow\">\n                                                <div class=\"n2-ss-slider-3 n2-ow\">\n\n                    <div class=\"n2-ss-slide-backgrounds n2-ow-all\"><div class=\"n2-ss-slide-background\" data-public-id=\"1\" data-mode=\"fill\" aria-hidden=\"true\"><div class=\"n2-ss-slide-background-image\" data-blur=\"0\" data-opacity=\"100\" data-x=\"47\" data-y=\"21\" data-alt=\"\" data-title=\"\" style=\"--ss-o-pos-x:47%;--ss-o-pos-y:21%\"><picture class=\"skip-lazy\" data-skip-lazy=\"1\"><img decoding=\"async\" src=\"\/\/familienzentrum-st-elisabeth.info\/wp-content\/uploads\/2023\/08\/Ue3-2-scaled.jpg\" alt=\"\" title=\"\" loading=\"lazy\" class=\"skip-lazy\" data-skip-lazy=\"1\"><\/picture><\/div><div data-color=\"RGBA(255,255,255,0)\" style=\"background-color: RGBA(255,255,255,0);\" class=\"n2-ss-slide-background-color\"><\/div><\/div><div class=\"n2-ss-slide-background\" data-public-id=\"2\" data-mode=\"fill\"><div class=\"n2-ss-slide-background-image\" data-blur=\"0\" data-opacity=\"100\" data-x=\"44\" data-y=\"51\" data-alt=\"\" data-title=\"\" style=\"--ss-o-pos-x:44%;--ss-o-pos-y:51%\"><picture class=\"skip-lazy\" data-skip-lazy=\"1\"><img decoding=\"async\" src=\"\/\/familienzentrum-st-elisabeth.info\/wp-content\/uploads\/2023\/08\/Ue3-scaled.jpg\" alt=\"\" title=\"\" loading=\"lazy\" class=\"skip-lazy\" data-skip-lazy=\"1\"><\/picture><\/div><div data-color=\"RGBA(255,255,255,0)\" style=\"background-color: RGBA(255,255,255,0);\" class=\"n2-ss-slide-background-color\"><\/div><\/div><div class=\"n2-ss-slide-background\" data-public-id=\"3\" data-mode=\"fill\" aria-hidden=\"true\"><div class=\"n2-ss-slide-background-image\" data-blur=\"0\" data-opacity=\"100\" data-x=\"52\" data-y=\"44\" data-alt=\"\" data-title=\"\" style=\"--ss-o-pos-x:52%;--ss-o-pos-y:44%\"><picture class=\"skip-lazy\" data-skip-lazy=\"1\"><img decoding=\"async\" src=\"\/\/familienzentrum-st-elisabeth.info\/wp-content\/uploads\/2023\/08\/U3-3-scaled.jpg\" alt=\"\" title=\"\" loading=\"lazy\" class=\"skip-lazy\" data-skip-lazy=\"1\"><\/picture><\/div><div data-color=\"RGBA(255,255,255,0)\" style=\"background-color: RGBA(255,255,255,0);\" class=\"n2-ss-slide-background-color\"><\/div><\/div><\/div>                    <div class=\"n2-ss-slider-4 n2-ow\">\n                        <svg xmlns=\"http:\/\/www.w3.org\/2000\/svg\" viewBox=\"0 0 1200 400\" data-related-device=\"desktopPortrait\" class=\"n2-ow n2-ss-preserve-size n2-ss-preserve-size--slider n2-ss-slide-limiter\"><\/svg><div data-slide-duration=\"0\" data-id=\"101\" data-slide-public-id=\"1\" aria-hidden=\"true\" data-title=\"\u00dc3 2\" class=\"n2-ss-slide n2-ow  n2-ss-slide-101\"><div role=\"note\" class=\"n2-ss-slide--focus\" tabindex=\"-1\">\u00dc3 2<\/div><div class=\"n2-ss-layers-container n2-ss-slide-limiter n2-ow\"><div class=\"n2-ss-layer n2-ow n-uc-fpO9raxVCAFE\" data-sstype=\"slide\" data-pm=\"default\"><\/div><\/div><\/div><div data-first=\"1\" data-slide-duration=\"0\" data-id=\"103\" data-slide-public-id=\"2\" data-title=\"\u00dc3\" class=\"n2-ss-slide n2-ow  n2-ss-slide-103\"><div role=\"note\" class=\"n2-ss-slide--focus\" tabindex=\"-1\">\u00dc3<\/div><div class=\"n2-ss-layers-container n2-ss-slide-limiter n2-ow\"><div class=\"n2-ss-layer n2-ow n-uc-vzF5GI0oJHxJ\" data-sstype=\"slide\" data-pm=\"default\"><\/div><\/div><\/div><div data-slide-duration=\"0\" data-id=\"163\" data-slide-public-id=\"3\" aria-hidden=\"true\" data-title=\"U3 3\" class=\"n2-ss-slide n2-ow  n2-ss-slide-163\"><div role=\"note\" class=\"n2-ss-slide--focus\" tabindex=\"-1\">U3 3<\/div><div class=\"n2-ss-layers-container n2-ss-slide-limiter n2-ow\"><div class=\"n2-ss-layer n2-ow n-uc-V21dnukjl5ef\" data-sstype=\"slide\" data-pm=\"default\"><\/div><\/div><\/div>                    <\/div>\n\n                                    <\/div>\n            <\/div>\n        <\/div>\n        <div class=\"n2-ss-slider-controls n2-ss-slider-controls-absolute-left-center\"><div style=\"--widget-offset:15px;\" class=\"n2-ss-widget nextend-arrow n2-ow-all nextend-arrow-previous  nextend-arrow-animated-fade\" data-hide-mobileportrait=\"1\" id=\"n2-ss-28-arrow-previous\" role=\"button\" aria-label=\"previous arrow\" tabindex=\"0\"><img loading=\"lazy\" decoding=\"async\" width=\"32\" height=\"32\" class=\"skip-lazy\" data-skip-lazy=\"1\" src=\"data:image\/svg+xml;base64,PHN2ZyB3aWR0aD0iMzIiIGhlaWdodD0iMzIiIHZpZXdCb3g9IjAgMCAzMiAzMiIgeG1sbnM9Imh0dHA6Ly93d3cudzMub3JnLzIwMDAvc3ZnIj4KICAgIDxwYXRoIGQ9Ik0xMS40MzMgMTUuOTkyTDIyLjY5IDUuNzEyYy4zOTMtLjM5LjM5My0xLjAzIDAtMS40Mi0uMzkzLS4zOS0xLjAzLS4zOS0xLjQyMyAwbC0xMS45OCAxMC45NGMtLjIxLjIxLS4zLjQ5LS4yODUuNzYtLjAxNS4yOC4wNzUuNTYuMjg0Ljc3bDExLjk4IDEwLjk0Yy4zOTMuMzkgMS4wMy4zOSAxLjQyNCAwIC4zOTMtLjQuMzkzLTEuMDMgMC0xLjQybC0xMS4yNTctMTAuMjkiCiAgICAgICAgICBmaWxsPSIjZmZmZmZmIiBvcGFjaXR5PSIwLjgiIGZpbGwtcnVsZT0iZXZlbm9kZCIvPgo8L3N2Zz4=\" alt=\"previous arrow\"><\/div><\/div><div class=\"n2-ss-slider-controls n2-ss-slider-controls-absolute-right-center\"><div style=\"--widget-offset:15px;\" class=\"n2-ss-widget nextend-arrow n2-ow-all nextend-arrow-next  nextend-arrow-animated-fade\" data-hide-mobileportrait=\"1\" id=\"n2-ss-28-arrow-next\" role=\"button\" aria-label=\"next arrow\" tabindex=\"0\"><img loading=\"lazy\" decoding=\"async\" width=\"32\" height=\"32\" class=\"skip-lazy\" data-skip-lazy=\"1\" src=\"data:image\/svg+xml;base64,PHN2ZyB3aWR0aD0iMzIiIGhlaWdodD0iMzIiIHZpZXdCb3g9IjAgMCAzMiAzMiIgeG1sbnM9Imh0dHA6Ly93d3cudzMub3JnLzIwMDAvc3ZnIj4KICAgIDxwYXRoIGQ9Ik0xMC43MjIgNC4yOTNjLS4zOTQtLjM5LTEuMDMyLS4zOS0xLjQyNyAwLS4zOTMuMzktLjM5MyAxLjAzIDAgMS40MmwxMS4yODMgMTAuMjgtMTEuMjgzIDEwLjI5Yy0uMzkzLjM5LS4zOTMgMS4wMiAwIDEuNDIuMzk1LjM5IDEuMDMzLjM5IDEuNDI3IDBsMTIuMDA3LTEwLjk0Yy4yMS0uMjEuMy0uNDkuMjg0LS43Ny4wMTQtLjI3LS4wNzYtLjU1LS4yODYtLjc2TDEwLjcyIDQuMjkzeiIKICAgICAgICAgIGZpbGw9IiNmZmZmZmYiIG9wYWNpdHk9IjAuOCIgZmlsbC1ydWxlPSJldmVub2RkIi8+Cjwvc3ZnPg==\" alt=\"next arrow\"><\/div><\/div><\/div><\/div><ss3-loader><\/ss3-loader><\/div><\/div><div class=\"n2_clear\"><\/div><\/div>\n\n\n<p><\/p>\n\n\n\n<h3 class=\"wp-block-heading\"><strong>R\u00e4umlichkeiten<\/strong><\/h3>\n\n\n\n<p>Kinder die drei Jahre alt oder \u00e4lter sind werden haupts\u00e4chlich in der Gelben Gruppe (3-5 Jahre) und in der Roten Gruppe (4-6 Jahre) betreut. Einige Kinder werden aber auch in der Blauen Gruppe (2-4 Jahre) betreut, die Abl\u00e4ufe f\u00fcr dieses Zimmer sind u.a. unter dem Punkt \u201eU3-Arbeit\u201c zu finden.<\/p>\n\n\n\n<p>Die Gelbe &#8211; und Rote Gruppe haben jeweils einen Gruppenraum, einen Nebenraum und einen angrenzenden Waschraum. In der Gelben Gruppe gibt es f\u00fcr die Kinder eine Wickelm\u00f6glichkeit, die es in der Roten Gruppe nicht mehr gibt. Falls Kinder aus der Roten Gruppe noch einen Wickelplatz ben\u00f6tigen kann dieser selbstverst\u00e4ndlich in anderen Zimmern geboten werden.<\/p>\n\n\n\n<p><\/p>\n\n\n\n<h3 class=\"wp-block-heading\"><strong>Tagesablauf<\/strong><\/h3>\n\n\n\n<div class=\"wp-block-group is-layout-constrained wp-block-group-is-layout-constrained\">\n<div class=\"wp-block-columns is-layout-flex wp-container-core-columns-is-layout-9d6595d7 wp-block-columns-is-layout-flex\">\n<div class=\"wp-block-column is-layout-flow wp-block-column-is-layout-flow\" style=\"flex-basis:20%\">\n<figure class=\"wp-block-image size-large is-resized\"><img loading=\"lazy\" decoding=\"async\" width=\"1024\" height=\"1024\" src=\"http:\/\/wordpress-elisabeth.p604061.webspaceconfig.de\/wp-content\/uploads\/2023\/09\/viertelnachsieben-1024x1024.png\" alt=\"\" class=\"wp-image-562\" style=\"object-fit:cover;width:150px;height:150px\" srcset=\"https:\/\/familienzentrum-st-elisabeth.info\/wp-content\/uploads\/2023\/09\/viertelnachsieben-1024x1024.png 1024w, https:\/\/familienzentrum-st-elisabeth.info\/wp-content\/uploads\/2023\/09\/viertelnachsieben-300x300.png 300w, https:\/\/familienzentrum-st-elisabeth.info\/wp-content\/uploads\/2023\/09\/viertelnachsieben-150x150.png 150w, https:\/\/familienzentrum-st-elisabeth.info\/wp-content\/uploads\/2023\/09\/viertelnachsieben-768x768.png 768w, https:\/\/familienzentrum-st-elisabeth.info\/wp-content\/uploads\/2023\/09\/viertelnachsieben.png 1080w\" sizes=\"auto, (max-width: 1024px) 100vw, 1024px\" \/><\/figure>\n<\/div>\n\n\n\n<div class=\"wp-block-column is-vertically-aligned-center is-layout-flow wp-block-column-is-layout-flow\" style=\"flex-basis:80%\">\n<p><strong>7:15 Uhr<\/strong>: die T\u00fcren \u00f6ffnen, <br>gemeinsames Ankommen der Kinder aus der Gelben und Roten Gruppe bis <strong>7:45 Uhr<\/strong> \u2013 <br>danach Betreuung in den Stammgruppen<\/p>\n<\/div>\n<\/div>\n\n\n\n<p><\/p>\n\n\n\n<div class=\"wp-block-columns is-layout-flex wp-container-core-columns-is-layout-9d6595d7 wp-block-columns-is-layout-flex\">\n<div class=\"wp-block-column is-layout-flow wp-block-column-is-layout-flow\" style=\"flex-basis:20%\">\n<figure class=\"wp-block-image size-large is-resized\"><img loading=\"lazy\" decoding=\"async\" width=\"1024\" height=\"1024\" src=\"http:\/\/wordpress-elisabeth.p604061.webspaceconfig.de\/wp-content\/uploads\/2023\/10\/nurhalbneun-1024x1024.png\" alt=\"\" class=\"wp-image-593\" style=\"object-fit:cover;width:150px;height:150px\" srcset=\"https:\/\/familienzentrum-st-elisabeth.info\/wp-content\/uploads\/2023\/10\/nurhalbneun-1024x1024.png 1024w, https:\/\/familienzentrum-st-elisabeth.info\/wp-content\/uploads\/2023\/10\/nurhalbneun-300x300.png 300w, https:\/\/familienzentrum-st-elisabeth.info\/wp-content\/uploads\/2023\/10\/nurhalbneun-150x150.png 150w, https:\/\/familienzentrum-st-elisabeth.info\/wp-content\/uploads\/2023\/10\/nurhalbneun-768x768.png 768w, https:\/\/familienzentrum-st-elisabeth.info\/wp-content\/uploads\/2023\/10\/nurhalbneun.png 1080w\" sizes=\"auto, (max-width: 1024px) 100vw, 1024px\" \/><\/figure>\n<\/div>\n\n\n\n<div class=\"wp-block-column is-vertically-aligned-center is-layout-flow wp-block-column-is-layout-flow\" style=\"flex-basis:80%\">\n<p><strong>8:30 Uhr<\/strong>:  das Bistro wird f\u00fcr die Kinder bis <strong>10:45<\/strong> <strong>Uhr <\/strong>ge\u00f6ffnet.&nbsp;<\/p>\n<\/div>\n<\/div>\n\n\n\n<p><\/p>\n\n\n\n<div class=\"wp-block-columns is-layout-flex wp-container-core-columns-is-layout-9d6595d7 wp-block-columns-is-layout-flex\">\n<div class=\"wp-block-column is-layout-flow wp-block-column-is-layout-flow\" style=\"flex-basis:20%\">\n<figure class=\"wp-block-image size-large is-resized\"><img loading=\"lazy\" decoding=\"async\" width=\"1024\" height=\"1024\" src=\"http:\/\/wordpress-elisabeth.p604061.webspaceconfig.de\/wp-content\/uploads\/2023\/10\/zwoelf-1024x1024.png\" alt=\"\" class=\"wp-image-594\" style=\"object-fit:cover;width:150px;height:150px\" srcset=\"https:\/\/familienzentrum-st-elisabeth.info\/wp-content\/uploads\/2023\/10\/zwoelf-1024x1024.png 1024w, https:\/\/familienzentrum-st-elisabeth.info\/wp-content\/uploads\/2023\/10\/zwoelf-300x300.png 300w, https:\/\/familienzentrum-st-elisabeth.info\/wp-content\/uploads\/2023\/10\/zwoelf-150x150.png 150w, https:\/\/familienzentrum-st-elisabeth.info\/wp-content\/uploads\/2023\/10\/zwoelf-768x768.png 768w, https:\/\/familienzentrum-st-elisabeth.info\/wp-content\/uploads\/2023\/10\/zwoelf.png 1080w\" sizes=\"auto, (max-width: 1024px) 100vw, 1024px\" \/><\/figure>\n<\/div>\n\n\n\n<div class=\"wp-block-column is-vertically-aligned-center is-layout-flow wp-block-column-is-layout-flow\" style=\"flex-basis:80%\">\n<p>Bis <strong>12:00 Uhr<\/strong>: Freispiel<\/p>\n\n\n\n<p>Ab <strong>12:00 Uh<\/strong>r: Mittagessen, bis <strong>13:30 Uhr<\/strong> m\u00f6glich<\/p>\n\n\n\n<p>1.Abholphase der Kinder <br>(beginnt um 11:15 Uhr, endet um 13 Uhr)<\/p>\n<\/div>\n<\/div>\n\n\n\n<p><\/p>\n\n\n\n<div class=\"wp-block-columns is-layout-flex wp-container-core-columns-is-layout-9d6595d7 wp-block-columns-is-layout-flex\">\n<div class=\"wp-block-column is-layout-flow wp-block-column-is-layout-flow\" style=\"flex-basis:20%\">\n<figure class=\"wp-block-image size-large is-resized\"><img loading=\"lazy\" decoding=\"async\" width=\"1024\" height=\"1024\" src=\"http:\/\/wordpress-elisabeth.p604061.webspaceconfig.de\/wp-content\/uploads\/2023\/10\/vierzehn-1024x1024.png\" alt=\"\" class=\"wp-image-587\" style=\"object-fit:cover;width:150px;height:150px\" srcset=\"https:\/\/familienzentrum-st-elisabeth.info\/wp-content\/uploads\/2023\/10\/vierzehn-1024x1024.png 1024w, https:\/\/familienzentrum-st-elisabeth.info\/wp-content\/uploads\/2023\/10\/vierzehn-300x300.png 300w, https:\/\/familienzentrum-st-elisabeth.info\/wp-content\/uploads\/2023\/10\/vierzehn-150x150.png 150w, https:\/\/familienzentrum-st-elisabeth.info\/wp-content\/uploads\/2023\/10\/vierzehn-768x768.png 768w, https:\/\/familienzentrum-st-elisabeth.info\/wp-content\/uploads\/2023\/10\/vierzehn.png 1080w\" sizes=\"auto, (max-width: 1024px) 100vw, 1024px\" \/><\/figure>\n<\/div>\n\n\n\n<div class=\"wp-block-column is-vertically-aligned-center is-layout-flow wp-block-column-is-layout-flow\" style=\"flex-basis:80%\">\n<p>Bis <strong>14:00 Uhr<\/strong>: Mittagspause \/ Mittagsruhe<\/p>\n\n\n\n<p>Ab <strong>14:00 Uhr<\/strong>: gemeinsames Freispiel<\/p>\n\n\n\n<p>2.Abholphase der Kinder (beginnt um 14:00 Uhr, endet um 16:30 Uhr (Freitags um 15:15 Uhr)<\/p>\n<\/div>\n<\/div>\n\n\n\n<p><\/p>\n\n\n\n<p><\/p>\n\n\n\n<div class=\"wp-block-columns is-layout-flex wp-container-core-columns-is-layout-9d6595d7 wp-block-columns-is-layout-flex\">\n<div class=\"wp-block-column is-layout-flow wp-block-column-is-layout-flow\" style=\"flex-basis:20%\">\n<figure class=\"wp-block-image size-large is-resized\"><img loading=\"lazy\" decoding=\"async\" width=\"1024\" height=\"1024\" src=\"http:\/\/wordpress-elisabeth.p604061.webspaceconfig.de\/wp-content\/uploads\/2023\/10\/halbfuenf-1024x1024.png\" alt=\"\" class=\"wp-image-588\" style=\"object-fit:cover;width:150px;height:150px\" srcset=\"https:\/\/familienzentrum-st-elisabeth.info\/wp-content\/uploads\/2023\/10\/halbfuenf-1024x1024.png 1024w, https:\/\/familienzentrum-st-elisabeth.info\/wp-content\/uploads\/2023\/10\/halbfuenf-300x300.png 300w, https:\/\/familienzentrum-st-elisabeth.info\/wp-content\/uploads\/2023\/10\/halbfuenf-150x150.png 150w, https:\/\/familienzentrum-st-elisabeth.info\/wp-content\/uploads\/2023\/10\/halbfuenf-768x768.png 768w, https:\/\/familienzentrum-st-elisabeth.info\/wp-content\/uploads\/2023\/10\/halbfuenf.png 1080w\" sizes=\"auto, (max-width: 1024px) 100vw, 1024px\" \/><\/figure>\n<\/div>\n\n\n\n<div class=\"wp-block-column is-vertically-aligned-center is-layout-flow wp-block-column-is-layout-flow\" style=\"flex-basis:80%\">\n<div class=\"wp-block-group is-layout-constrained wp-block-group-is-layout-constrained\">\n<p><strong>16:30 Uhr<\/strong>: Die Kita schlie\u00dft die T\u00fcren <br>(freitags um 15:15 Uhr)<\/p>\n<\/div>\n<\/div>\n<\/div>\n<\/div>\n\n\n\n<p><\/p>\n\n\n\n<h3 class=\"wp-block-heading\"><strong>Sauberkeitserziehung\/ Wickeln<\/strong><\/h3>\n\n\n\n<p>Die Sauberkeitserziehung erfolgt nach den individuellen Bed\u00fcrfnissen der Kinder und wird von den p\u00e4dagogischen Fachkr\u00e4ften begleitet. Materialien f\u00fcr die Sauberkeitserziehung und ein eventuelles Wickeln werden von den Erziehungsberechtigten zur Verf\u00fcgung gestellt.<\/p>\n","protected":false},"excerpt":{"rendered":"<p>R\u00e4umlichkeiten Kinder die drei Jahre alt oder \u00e4lter sind werden haupts\u00e4chlich in der Gelben Gruppe (3-5 Jahre) und in der Roten Gruppe (4-6 Jahre) betreut. Einige Kinder werden aber auch in der Blauen Gruppe (2-4 Jahre) betreut, die Abl\u00e4ufe f\u00fcr dieses Zimmer sind u.a. unter dem Punkt \u201eU3-Arbeit\u201c zu finden. Die Gelbe &#8211; und Rote <a class=\"read-more\" href=\"https:\/\/familienzentrum-st-elisabeth.info\/?page_id=313\">Read More<\/a><\/p>\n","protected":false},"author":2,"featured_media":0,"parent":0,"menu_order":0,"comment_status":"closed","ping_status":"closed","template":"","meta":{"footnotes":""},"class_list":["post-313","page","type-page","status-publish","hentry"],"yoast_head":"<!-- This site is optimized with the Yoast SEO plugin v27.5 - https:\/\/yoast.com\/product\/yoast-seo-wordpress\/ -->\n<title>\u00dc3-Arbeit - Familienzentrum St. Elisabeth<\/title>\n<meta name=\"robots\" content=\"index, follow, max-snippet:-1, max-image-preview:large, max-video-preview:-1\" \/>\n<link rel=\"canonical\" href=\"https:\/\/familienzentrum-st-elisabeth.info\/?page_id=313\" \/>\n<meta property=\"og:locale\" content=\"de_DE\" \/>\n<meta property=\"og:type\" content=\"article\" \/>\n<meta property=\"og:title\" content=\"\u00dc3-Arbeit - Familienzentrum St. Elisabeth\" \/>\n<meta property=\"og:description\" content=\"R\u00e4umlichkeiten Kinder die drei Jahre alt oder \u00e4lter sind werden haupts\u00e4chlich in der Gelben Gruppe (3-5 Jahre) und in der Roten Gruppe (4-6 Jahre) betreut. Einige Kinder werden aber auch in der Blauen Gruppe (2-4 Jahre) betreut, die Abl\u00e4ufe f\u00fcr dieses Zimmer sind u.a. unter dem Punkt \u201eU3-Arbeit\u201c zu finden. Die Gelbe &#8211; und Rote Read More\" \/>\n<meta property=\"og:url\" content=\"https:\/\/familienzentrum-st-elisabeth.info\/?page_id=313\" \/>\n<meta property=\"og:site_name\" content=\"Familienzentrum St. Elisabeth\" \/>\n<meta property=\"article:modified_time\" content=\"2024-07-03T06:04:21+00:00\" \/>\n<meta property=\"og:image\" content=\"http:\/\/wordpress-elisabeth.p604061.webspaceconfig.de\/wp-content\/uploads\/2023\/09\/viertelnachsieben-1024x1024.png\" \/>\n<meta name=\"twitter:card\" content=\"summary_large_image\" \/>\n<meta name=\"twitter:label1\" content=\"Gesch\u00e4tzte Lesezeit\" \/>\n\t<meta name=\"twitter:data1\" content=\"3\u00a0Minuten\" \/>\n<script type=\"application\/ld+json\" class=\"yoast-schema-graph\">{\"@context\":\"https:\\\/\\\/schema.org\",\"@graph\":[{\"@type\":\"WebPage\",\"@id\":\"https:\\\/\\\/familienzentrum-st-elisabeth.info\\\/?page_id=313\",\"url\":\"https:\\\/\\\/familienzentrum-st-elisabeth.info\\\/?page_id=313\",\"name\":\"\u00dc3-Arbeit - Familienzentrum St. Elisabeth\",\"isPartOf\":{\"@id\":\"https:\\\/\\\/familienzentrum-st-elisabeth.info\\\/#website\"},\"primaryImageOfPage\":{\"@id\":\"https:\\\/\\\/familienzentrum-st-elisabeth.info\\\/?page_id=313#primaryimage\"},\"image\":{\"@id\":\"https:\\\/\\\/familienzentrum-st-elisabeth.info\\\/?page_id=313#primaryimage\"},\"thumbnailUrl\":\"http:\\\/\\\/wordpress-elisabeth.p604061.webspaceconfig.de\\\/wp-content\\\/uploads\\\/2023\\\/09\\\/viertelnachsieben-1024x1024.png\",\"datePublished\":\"2023-08-24T09:54:51+00:00\",\"dateModified\":\"2024-07-03T06:04:21+00:00\",\"breadcrumb\":{\"@id\":\"https:\\\/\\\/familienzentrum-st-elisabeth.info\\\/?page_id=313#breadcrumb\"},\"inLanguage\":\"de\",\"potentialAction\":[{\"@type\":\"ReadAction\",\"target\":[\"https:\\\/\\\/familienzentrum-st-elisabeth.info\\\/?page_id=313\"]}]},{\"@type\":\"ImageObject\",\"inLanguage\":\"de\",\"@id\":\"https:\\\/\\\/familienzentrum-st-elisabeth.info\\\/?page_id=313#primaryimage\",\"url\":\"http:\\\/\\\/wordpress-elisabeth.p604061.webspaceconfig.de\\\/wp-content\\\/uploads\\\/2023\\\/09\\\/viertelnachsieben-1024x1024.png\",\"contentUrl\":\"http:\\\/\\\/wordpress-elisabeth.p604061.webspaceconfig.de\\\/wp-content\\\/uploads\\\/2023\\\/09\\\/viertelnachsieben-1024x1024.png\"},{\"@type\":\"BreadcrumbList\",\"@id\":\"https:\\\/\\\/familienzentrum-st-elisabeth.info\\\/?page_id=313#breadcrumb\",\"itemListElement\":[{\"@type\":\"ListItem\",\"position\":1,\"name\":\"Startseite\",\"item\":\"https:\\\/\\\/familienzentrum-st-elisabeth.info\\\/\"},{\"@type\":\"ListItem\",\"position\":2,\"name\":\"\u00dc3-Arbeit\"}]},{\"@type\":\"WebSite\",\"@id\":\"https:\\\/\\\/familienzentrum-st-elisabeth.info\\\/#website\",\"url\":\"https:\\\/\\\/familienzentrum-st-elisabeth.info\\\/\",\"name\":\"Familienzentrum St. Elisabeth\",\"description\":\"Stadtlohn\",\"publisher\":{\"@id\":\"https:\\\/\\\/familienzentrum-st-elisabeth.info\\\/#organization\"},\"potentialAction\":[{\"@type\":\"SearchAction\",\"target\":{\"@type\":\"EntryPoint\",\"urlTemplate\":\"https:\\\/\\\/familienzentrum-st-elisabeth.info\\\/?s={search_term_string}\"},\"query-input\":{\"@type\":\"PropertyValueSpecification\",\"valueRequired\":true,\"valueName\":\"search_term_string\"}}],\"inLanguage\":\"de\"},{\"@type\":\"Organization\",\"@id\":\"https:\\\/\\\/familienzentrum-st-elisabeth.info\\\/#organization\",\"name\":\"Familienzentrum St. Elisabeth\",\"url\":\"https:\\\/\\\/familienzentrum-st-elisabeth.info\\\/\",\"logo\":{\"@type\":\"ImageObject\",\"inLanguage\":\"de\",\"@id\":\"https:\\\/\\\/familienzentrum-st-elisabeth.info\\\/#\\\/schema\\\/logo\\\/image\\\/\",\"url\":\"https:\\\/\\\/familienzentrum-st-elisabeth.info\\\/wp-content\\\/uploads\\\/2022\\\/11\\\/cropped-image008-1-e1669193012284.png\",\"contentUrl\":\"https:\\\/\\\/familienzentrum-st-elisabeth.info\\\/wp-content\\\/uploads\\\/2022\\\/11\\\/cropped-image008-1-e1669193012284.png\",\"width\":100,\"height\":100,\"caption\":\"Familienzentrum St. Elisabeth\"},\"image\":{\"@id\":\"https:\\\/\\\/familienzentrum-st-elisabeth.info\\\/#\\\/schema\\\/logo\\\/image\\\/\"}}]}<\/script>\n<!-- \/ Yoast SEO plugin. -->","yoast_head_json":{"title":"\u00dc3-Arbeit - Familienzentrum St. Elisabeth","robots":{"index":"index","follow":"follow","max-snippet":"max-snippet:-1","max-image-preview":"max-image-preview:large","max-video-preview":"max-video-preview:-1"},"canonical":"https:\/\/familienzentrum-st-elisabeth.info\/?page_id=313","og_locale":"de_DE","og_type":"article","og_title":"\u00dc3-Arbeit - Familienzentrum St. Elisabeth","og_description":"R\u00e4umlichkeiten Kinder die drei Jahre alt oder \u00e4lter sind werden haupts\u00e4chlich in der Gelben Gruppe (3-5 Jahre) und in der Roten Gruppe (4-6 Jahre) betreut. Einige Kinder werden aber auch in der Blauen Gruppe (2-4 Jahre) betreut, die Abl\u00e4ufe f\u00fcr dieses Zimmer sind u.a. unter dem Punkt \u201eU3-Arbeit\u201c zu finden. Die Gelbe &#8211; und Rote Read More","og_url":"https:\/\/familienzentrum-st-elisabeth.info\/?page_id=313","og_site_name":"Familienzentrum St. Elisabeth","article_modified_time":"2024-07-03T06:04:21+00:00","og_image":[{"url":"http:\/\/wordpress-elisabeth.p604061.webspaceconfig.de\/wp-content\/uploads\/2023\/09\/viertelnachsieben-1024x1024.png","type":"","width":"","height":""}],"twitter_card":"summary_large_image","twitter_misc":{"Gesch\u00e4tzte Lesezeit":"3\u00a0Minuten"},"schema":{"@context":"https:\/\/schema.org","@graph":[{"@type":"WebPage","@id":"https:\/\/familienzentrum-st-elisabeth.info\/?page_id=313","url":"https:\/\/familienzentrum-st-elisabeth.info\/?page_id=313","name":"\u00dc3-Arbeit - Familienzentrum St. Elisabeth","isPartOf":{"@id":"https:\/\/familienzentrum-st-elisabeth.info\/#website"},"primaryImageOfPage":{"@id":"https:\/\/familienzentrum-st-elisabeth.info\/?page_id=313#primaryimage"},"image":{"@id":"https:\/\/familienzentrum-st-elisabeth.info\/?page_id=313#primaryimage"},"thumbnailUrl":"http:\/\/wordpress-elisabeth.p604061.webspaceconfig.de\/wp-content\/uploads\/2023\/09\/viertelnachsieben-1024x1024.png","datePublished":"2023-08-24T09:54:51+00:00","dateModified":"2024-07-03T06:04:21+00:00","breadcrumb":{"@id":"https:\/\/familienzentrum-st-elisabeth.info\/?page_id=313#breadcrumb"},"inLanguage":"de","potentialAction":[{"@type":"ReadAction","target":["https:\/\/familienzentrum-st-elisabeth.info\/?page_id=313"]}]},{"@type":"ImageObject","inLanguage":"de","@id":"https:\/\/familienzentrum-st-elisabeth.info\/?page_id=313#primaryimage","url":"http:\/\/wordpress-elisabeth.p604061.webspaceconfig.de\/wp-content\/uploads\/2023\/09\/viertelnachsieben-1024x1024.png","contentUrl":"http:\/\/wordpress-elisabeth.p604061.webspaceconfig.de\/wp-content\/uploads\/2023\/09\/viertelnachsieben-1024x1024.png"},{"@type":"BreadcrumbList","@id":"https:\/\/familienzentrum-st-elisabeth.info\/?page_id=313#breadcrumb","itemListElement":[{"@type":"ListItem","position":1,"name":"Startseite","item":"https:\/\/familienzentrum-st-elisabeth.info\/"},{"@type":"ListItem","position":2,"name":"\u00dc3-Arbeit"}]},{"@type":"WebSite","@id":"https:\/\/familienzentrum-st-elisabeth.info\/#website","url":"https:\/\/familienzentrum-st-elisabeth.info\/","name":"Familienzentrum St. Elisabeth","description":"Stadtlohn","publisher":{"@id":"https:\/\/familienzentrum-st-elisabeth.info\/#organization"},"potentialAction":[{"@type":"SearchAction","target":{"@type":"EntryPoint","urlTemplate":"https:\/\/familienzentrum-st-elisabeth.info\/?s={search_term_string}"},"query-input":{"@type":"PropertyValueSpecification","valueRequired":true,"valueName":"search_term_string"}}],"inLanguage":"de"},{"@type":"Organization","@id":"https:\/\/familienzentrum-st-elisabeth.info\/#organization","name":"Familienzentrum St. Elisabeth","url":"https:\/\/familienzentrum-st-elisabeth.info\/","logo":{"@type":"ImageObject","inLanguage":"de","@id":"https:\/\/familienzentrum-st-elisabeth.info\/#\/schema\/logo\/image\/","url":"https:\/\/familienzentrum-st-elisabeth.info\/wp-content\/uploads\/2022\/11\/cropped-image008-1-e1669193012284.png","contentUrl":"https:\/\/familienzentrum-st-elisabeth.info\/wp-content\/uploads\/2022\/11\/cropped-image008-1-e1669193012284.png","width":100,"height":100,"caption":"Familienzentrum St. Elisabeth"},"image":{"@id":"https:\/\/familienzentrum-st-elisabeth.info\/#\/schema\/logo\/image\/"}}]}},"_links":{"self":[{"href":"https:\/\/familienzentrum-st-elisabeth.info\/index.php?rest_route=\/wp\/v2\/pages\/313","targetHints":{"allow":["GET"]}}],"collection":[{"href":"https:\/\/familienzentrum-st-elisabeth.info\/index.php?rest_route=\/wp\/v2\/pages"}],"about":[{"href":"https:\/\/familienzentrum-st-elisabeth.info\/index.php?rest_route=\/wp\/v2\/types\/page"}],"author":[{"embeddable":true,"href":"https:\/\/familienzentrum-st-elisabeth.info\/index.php?rest_route=\/wp\/v2\/users\/2"}],"replies":[{"embeddable":true,"href":"https:\/\/familienzentrum-st-elisabeth.info\/index.php?rest_route=%2Fwp%2Fv2%2Fcomments&post=313"}],"version-history":[{"count":9,"href":"https:\/\/familienzentrum-st-elisabeth.info\/index.php?rest_route=\/wp\/v2\/pages\/313\/revisions"}],"predecessor-version":[{"id":766,"href":"https:\/\/familienzentrum-st-elisabeth.info\/index.php?rest_route=\/wp\/v2\/pages\/313\/revisions\/766"}],"wp:attachment":[{"href":"https:\/\/familienzentrum-st-elisabeth.info\/index.php?rest_route=%2Fwp%2Fv2%2Fmedia&parent=313"}],"curies":[{"name":"wp","href":"https:\/\/api.w.org\/{rel}","templated":true}]}}