{"id":29,"date":"2022-11-23T10:06:58","date_gmt":"2022-11-23T09:06:58","guid":{"rendered":"http:\/\/wordpress-elisabeth.p604061.webspaceconfig.de\/?page_id=29"},"modified":"2023-10-25T16:10:41","modified_gmt":"2023-10-25T14:10:41","slug":"anmeldeverfahren","status":"publish","type":"page","link":"https:\/\/familienzentrum-st-elisabeth.info\/?page_id=29","title":{"rendered":"Anmeldeverfahren"},"content":{"rendered":"\n<p><\/p>\n\n\n<h3><strong>f\u00fcr einen Kindergartenplatz:<\/strong><\/h3>\n<p>Wir freuen uns, wenn Sie sich f\u00fcr unsere Kita interessieren.<br \/>Unter den folgenden Links k\u00f6nnen Sie Ihr Kind bei uns anmelden.<\/p>\n<h3><strong>Willkommen beim Kita-Portal des Kreises Borken!<\/strong><\/h3>\n<figure class=\"wp-block-image size-large is-resized\"><a href=\"https:\/\/www.webkita1.de\/kreisborken\/start?5\" target=\"_blank\" rel=\"noopener\"><img loading=\"lazy\" decoding=\"async\" class=\"alignnone size-medium wp-image-333\" src=\"https:\/\/kindergarten-st-marien.info\/wp-content\/uploads\/2022\/09\/bild-300x135.png\" sizes=\"auto, (max-width: 300px) 100vw, 300px\" srcset=\"https:\/\/kindergarten-st-marien.info\/wp-content\/uploads\/2022\/09\/bild-300x135.png 300w, https:\/\/kindergarten-st-marien.info\/wp-content\/uploads\/2022\/09\/bild-1024x461.png 1024w, https:\/\/kindergarten-st-marien.info\/wp-content\/uploads\/2022\/09\/bild-768x346.png 768w, https:\/\/kindergarten-st-marien.info\/wp-content\/uploads\/2022\/09\/bild-1536x691.png 1536w, https:\/\/kindergarten-st-marien.info\/wp-content\/uploads\/2022\/09\/bild.png 1576w\" alt=\"\" width=\"300\" height=\"135\" \/><\/a><\/figure>\n<p><b>Sie sind auf der Suche nach Betreuungsm\u00f6glichkeiten f\u00fcr Ihr Kind\/Ihre Kinder?<\/b><\/p>\n<p>Im Kreis Borken steht Ihnen eine Vielzahl von Kindertageseinrichtungen mit unterschiedlichen Betreuungsangeboten sowie Angebote der Kindertagespflege zur Verf\u00fcgung.\u00a0Das Kita-Portal bietet Ihnen die M\u00f6glichkeit, sich \u00fcber Betreuungsangebote zu informieren und Ihr Kind\/ Ihre Kinder f\u00fcr einzelne Betreuungspl\u00e4tze vorzumerken.<\/p>\n<p>Sie erhalten einen \u00dcberblick \u00fcber alle Betreuungsangebote im Kreisjugendamtsgebiet,\u00a0dazu geh\u00f6ren alle\u00a0St\u00e4dte und Gemeinden im Kreis Borken mit Ausnahme der St\u00e4dte\u00a0Ahaus, Borken, Bocholt und Gronau,\u00a0die \u00fcber eigene Jugend\u00e4mter und Anmeldeportale\u00a0verf\u00fcgen.<\/p>\n<p>Folgende M\u00f6glichkeiten bietet Ihnen webKita, um Sie im Platzvergabeverfahren zu\u00a0unterst\u00fctzen:<\/p>\n<ul>\n<li>Informationen und einen \u00dcberblick \u00fcber einzelne Betreuungsangebote in Ihrer N\u00e4he bietet die\u00a0<strong><a href=\"https:\/\/www.webkita1.de\/kreisborken\/suche?3\">\u00dcbersichtskarte<\/a><\/strong>.<\/li>\n<li>Informationen rund um Betreuungsformen, Platzvergabeverfahren oder Elternbeitr\u00e4ge und vieles\u00a0mehr erhalten Sie in unserem\u00a0<a href=\"https:\/\/www.webkita1.de\/kreisborken\/infoportal?3\"><strong>Info-Portal<\/strong><\/a>\u00a0\u2013 dort finden Sie auch\u00a0<strong><a href=\"https:\/\/www.webkita1.de\/kreisborken\/infoportal\/Anleitungen?2\">Anleitungen<\/a>\u00a0<\/strong>z.B. zur Registrierung\u00a0oder Vormerkungen.<\/li>\n<li><strong><a href=\"https:\/\/www.webkita1.de\/kreisborken\/sb\/registrierung?12\">Registrieren<\/a>\u00a0<\/strong>Sie sich und geben Sie die Daten Ihres Kindes ein.<\/li>\n<li>Nachdem Sie sich in Ihr Benutzerkonto\u00a0<a href=\"https:\/\/www.webkita1.de\/kreisborken\/sb\/login?3\"><strong>eingeloggt<\/strong><\/a>\u00a0haben,\u00a0k\u00f6nnen Sie Ihr Kind f\u00fcr die gew\u00fcnschten Betreuungsangebote vormerken.<\/li>\n<\/ul>\n<p>Auch nach dem Platzvergabeverfahren bietet webKita Ihnen weitere Unterst\u00fctzung: In Ihrem pers\u00f6nlichem\u00a0Benutzerkonto k\u00f6nnen Sie z.B. Ihre pers\u00f6nlichen Kontaktdaten pflegen oder\u00a0W\u00fcnsche zu Stundenbuchungen\u00a0online beantragen.<\/p>\n<p>Bei Fragen rund um die Registrierung oder dem System erreichen Sie uns unter:\u00a0\u00a0<a href=\"mailto:webkita@kreis-borken.de\"><strong>webkita@kreis-borken.de<\/strong><\/a><\/p>\n<p>Bitte geben Sie bei Anfragen immer Ihren vollst\u00e4ndigen Namen und Ihre Kontaktdaten an, damit wir Sie\u00a0kontaktieren k\u00f6nnen.<\/p>\n<figure class=\"wp-block-table\">\n<table>\n<tbody>\n<tr>\n<td>Das Online-Kita-Portal ersetzt nicht den pers\u00f6nlichen Kontakt!\n<p>Bei Interesse an einer bestimmten Kindertageseinrichtung, haben Sie die M\u00f6glichkeit die jeweilige Kita-Leitung zu kontaktieren und einen Besichtigungstermin zu vereinbaren.<br \/>Nehmen Sie bei Interesse an der Kindertagesbetreuung gerne Kontakt zu den Kolleginnen und Kollegen der Fachberatung f\u00fcr\u00a0Kindertagespflege auf.\u00a0Die Vormerkungen und die Platzvergabe erfolgt ausschlie\u00dflich online \u00fcber webKita.<\/p>\n<\/td>\n<\/tr>\n<\/tbody>\n<\/table>\n<\/figure>","protected":false},"excerpt":{"rendered":"<p>f\u00fcr einen Kindergartenplatz: Wir freuen uns, wenn Sie sich f\u00fcr unsere Kita interessieren.Unter den folgenden Links k\u00f6nnen Sie Ihr Kind bei uns anmelden. Willkommen beim Kita-Portal des Kreises Borken! Sie sind auf der Suche nach Betreuungsm\u00f6glichkeiten f\u00fcr Ihr Kind\/Ihre Kinder? Im Kreis Borken steht Ihnen eine Vielzahl von Kindertageseinrichtungen mit unterschiedlichen Betreuungsangeboten sowie Angebote der <a class=\"read-more\" href=\"https:\/\/familienzentrum-st-elisabeth.info\/?page_id=29\">Read More<\/a><\/p>\n","protected":false},"author":1,"featured_media":0,"parent":0,"menu_order":0,"comment_status":"closed","ping_status":"closed","template":"template-full-width.php","meta":{"footnotes":""},"class_list":["post-29","page","type-page","status-publish","hentry"],"yoast_head":"<!-- This site is optimized with the Yoast SEO plugin v27.3 - https:\/\/yoast.com\/product\/yoast-seo-wordpress\/ -->\n<title>Anmeldeverfahren - Familienzentrum St. Elisabeth<\/title>\n<meta name=\"robots\" content=\"index, follow, max-snippet:-1, max-image-preview:large, max-video-preview:-1\" \/>\n<link rel=\"canonical\" href=\"https:\/\/familienzentrum-st-elisabeth.info\/?page_id=29\" \/>\n<meta property=\"og:locale\" content=\"de_DE\" \/>\n<meta property=\"og:type\" content=\"article\" \/>\n<meta property=\"og:title\" content=\"Anmeldeverfahren - Familienzentrum St. Elisabeth\" \/>\n<meta property=\"og:description\" content=\"f\u00fcr einen Kindergartenplatz: Wir freuen uns, wenn Sie sich f\u00fcr unsere Kita interessieren.Unter den folgenden Links k\u00f6nnen Sie Ihr Kind bei uns anmelden. Willkommen beim Kita-Portal des Kreises Borken! Sie sind auf der Suche nach Betreuungsm\u00f6glichkeiten f\u00fcr Ihr Kind\/Ihre Kinder? Im Kreis Borken steht Ihnen eine Vielzahl von Kindertageseinrichtungen mit unterschiedlichen Betreuungsangeboten sowie Angebote der Read More\" \/>\n<meta property=\"og:url\" content=\"https:\/\/familienzentrum-st-elisabeth.info\/?page_id=29\" \/>\n<meta property=\"og:site_name\" content=\"Familienzentrum St. Elisabeth\" \/>\n<meta property=\"article:modified_time\" content=\"2023-10-25T14:10:41+00:00\" \/>\n<meta property=\"og:image\" content=\"https:\/\/kindergarten-st-marien.info\/wp-content\/uploads\/2022\/09\/bild-300x135.png\" \/>\n<meta name=\"twitter:card\" content=\"summary_large_image\" \/>\n<meta name=\"twitter:label1\" content=\"Gesch\u00e4tzte Lesezeit\" \/>\n\t<meta name=\"twitter:data1\" content=\"2\u00a0Minuten\" \/>\n<script type=\"application\/ld+json\" class=\"yoast-schema-graph\">{\"@context\":\"https:\\\/\\\/schema.org\",\"@graph\":[{\"@type\":\"WebPage\",\"@id\":\"https:\\\/\\\/familienzentrum-st-elisabeth.info\\\/?page_id=29\",\"url\":\"https:\\\/\\\/familienzentrum-st-elisabeth.info\\\/?page_id=29\",\"name\":\"Anmeldeverfahren - Familienzentrum St. Elisabeth\",\"isPartOf\":{\"@id\":\"https:\\\/\\\/familienzentrum-st-elisabeth.info\\\/#website\"},\"primaryImageOfPage\":{\"@id\":\"https:\\\/\\\/familienzentrum-st-elisabeth.info\\\/?page_id=29#primaryimage\"},\"image\":{\"@id\":\"https:\\\/\\\/familienzentrum-st-elisabeth.info\\\/?page_id=29#primaryimage\"},\"thumbnailUrl\":\"https:\\\/\\\/kindergarten-st-marien.info\\\/wp-content\\\/uploads\\\/2022\\\/09\\\/bild-300x135.png\",\"datePublished\":\"2022-11-23T09:06:58+00:00\",\"dateModified\":\"2023-10-25T14:10:41+00:00\",\"breadcrumb\":{\"@id\":\"https:\\\/\\\/familienzentrum-st-elisabeth.info\\\/?page_id=29#breadcrumb\"},\"inLanguage\":\"de\",\"potentialAction\":[{\"@type\":\"ReadAction\",\"target\":[\"https:\\\/\\\/familienzentrum-st-elisabeth.info\\\/?page_id=29\"]}]},{\"@type\":\"ImageObject\",\"inLanguage\":\"de\",\"@id\":\"https:\\\/\\\/familienzentrum-st-elisabeth.info\\\/?page_id=29#primaryimage\",\"url\":\"https:\\\/\\\/kindergarten-st-marien.info\\\/wp-content\\\/uploads\\\/2022\\\/09\\\/bild-300x135.png\",\"contentUrl\":\"https:\\\/\\\/kindergarten-st-marien.info\\\/wp-content\\\/uploads\\\/2022\\\/09\\\/bild-300x135.png\"},{\"@type\":\"BreadcrumbList\",\"@id\":\"https:\\\/\\\/familienzentrum-st-elisabeth.info\\\/?page_id=29#breadcrumb\",\"itemListElement\":[{\"@type\":\"ListItem\",\"position\":1,\"name\":\"Startseite\",\"item\":\"https:\\\/\\\/familienzentrum-st-elisabeth.info\\\/\"},{\"@type\":\"ListItem\",\"position\":2,\"name\":\"Anmeldeverfahren\"}]},{\"@type\":\"WebSite\",\"@id\":\"https:\\\/\\\/familienzentrum-st-elisabeth.info\\\/#website\",\"url\":\"https:\\\/\\\/familienzentrum-st-elisabeth.info\\\/\",\"name\":\"Familienzentrum St. Elisabeth\",\"description\":\"Stadtlohn\",\"publisher\":{\"@id\":\"https:\\\/\\\/familienzentrum-st-elisabeth.info\\\/#organization\"},\"potentialAction\":[{\"@type\":\"SearchAction\",\"target\":{\"@type\":\"EntryPoint\",\"urlTemplate\":\"https:\\\/\\\/familienzentrum-st-elisabeth.info\\\/?s={search_term_string}\"},\"query-input\":{\"@type\":\"PropertyValueSpecification\",\"valueRequired\":true,\"valueName\":\"search_term_string\"}}],\"inLanguage\":\"de\"},{\"@type\":\"Organization\",\"@id\":\"https:\\\/\\\/familienzentrum-st-elisabeth.info\\\/#organization\",\"name\":\"Familienzentrum St. Elisabeth\",\"url\":\"https:\\\/\\\/familienzentrum-st-elisabeth.info\\\/\",\"logo\":{\"@type\":\"ImageObject\",\"inLanguage\":\"de\",\"@id\":\"https:\\\/\\\/familienzentrum-st-elisabeth.info\\\/#\\\/schema\\\/logo\\\/image\\\/\",\"url\":\"https:\\\/\\\/familienzentrum-st-elisabeth.info\\\/wp-content\\\/uploads\\\/2022\\\/11\\\/cropped-image008-1-e1669193012284.png\",\"contentUrl\":\"https:\\\/\\\/familienzentrum-st-elisabeth.info\\\/wp-content\\\/uploads\\\/2022\\\/11\\\/cropped-image008-1-e1669193012284.png\",\"width\":100,\"height\":100,\"caption\":\"Familienzentrum St. Elisabeth\"},\"image\":{\"@id\":\"https:\\\/\\\/familienzentrum-st-elisabeth.info\\\/#\\\/schema\\\/logo\\\/image\\\/\"}}]}<\/script>\n<!-- \/ Yoast SEO plugin. -->","yoast_head_json":{"title":"Anmeldeverfahren - Familienzentrum St. Elisabeth","robots":{"index":"index","follow":"follow","max-snippet":"max-snippet:-1","max-image-preview":"max-image-preview:large","max-video-preview":"max-video-preview:-1"},"canonical":"https:\/\/familienzentrum-st-elisabeth.info\/?page_id=29","og_locale":"de_DE","og_type":"article","og_title":"Anmeldeverfahren - Familienzentrum St. Elisabeth","og_description":"f\u00fcr einen Kindergartenplatz: Wir freuen uns, wenn Sie sich f\u00fcr unsere Kita interessieren.Unter den folgenden Links k\u00f6nnen Sie Ihr Kind bei uns anmelden. Willkommen beim Kita-Portal des Kreises Borken! Sie sind auf der Suche nach Betreuungsm\u00f6glichkeiten f\u00fcr Ihr Kind\/Ihre Kinder? Im Kreis Borken steht Ihnen eine Vielzahl von Kindertageseinrichtungen mit unterschiedlichen Betreuungsangeboten sowie Angebote der Read More","og_url":"https:\/\/familienzentrum-st-elisabeth.info\/?page_id=29","og_site_name":"Familienzentrum St. Elisabeth","article_modified_time":"2023-10-25T14:10:41+00:00","og_image":[{"url":"https:\/\/kindergarten-st-marien.info\/wp-content\/uploads\/2022\/09\/bild-300x135.png","type":"","width":"","height":""}],"twitter_card":"summary_large_image","twitter_misc":{"Gesch\u00e4tzte Lesezeit":"2\u00a0Minuten"},"schema":{"@context":"https:\/\/schema.org","@graph":[{"@type":"WebPage","@id":"https:\/\/familienzentrum-st-elisabeth.info\/?page_id=29","url":"https:\/\/familienzentrum-st-elisabeth.info\/?page_id=29","name":"Anmeldeverfahren - Familienzentrum St. Elisabeth","isPartOf":{"@id":"https:\/\/familienzentrum-st-elisabeth.info\/#website"},"primaryImageOfPage":{"@id":"https:\/\/familienzentrum-st-elisabeth.info\/?page_id=29#primaryimage"},"image":{"@id":"https:\/\/familienzentrum-st-elisabeth.info\/?page_id=29#primaryimage"},"thumbnailUrl":"https:\/\/kindergarten-st-marien.info\/wp-content\/uploads\/2022\/09\/bild-300x135.png","datePublished":"2022-11-23T09:06:58+00:00","dateModified":"2023-10-25T14:10:41+00:00","breadcrumb":{"@id":"https:\/\/familienzentrum-st-elisabeth.info\/?page_id=29#breadcrumb"},"inLanguage":"de","potentialAction":[{"@type":"ReadAction","target":["https:\/\/familienzentrum-st-elisabeth.info\/?page_id=29"]}]},{"@type":"ImageObject","inLanguage":"de","@id":"https:\/\/familienzentrum-st-elisabeth.info\/?page_id=29#primaryimage","url":"https:\/\/kindergarten-st-marien.info\/wp-content\/uploads\/2022\/09\/bild-300x135.png","contentUrl":"https:\/\/kindergarten-st-marien.info\/wp-content\/uploads\/2022\/09\/bild-300x135.png"},{"@type":"BreadcrumbList","@id":"https:\/\/familienzentrum-st-elisabeth.info\/?page_id=29#breadcrumb","itemListElement":[{"@type":"ListItem","position":1,"name":"Startseite","item":"https:\/\/familienzentrum-st-elisabeth.info\/"},{"@type":"ListItem","position":2,"name":"Anmeldeverfahren"}]},{"@type":"WebSite","@id":"https:\/\/familienzentrum-st-elisabeth.info\/#website","url":"https:\/\/familienzentrum-st-elisabeth.info\/","name":"Familienzentrum St. Elisabeth","description":"Stadtlohn","publisher":{"@id":"https:\/\/familienzentrum-st-elisabeth.info\/#organization"},"potentialAction":[{"@type":"SearchAction","target":{"@type":"EntryPoint","urlTemplate":"https:\/\/familienzentrum-st-elisabeth.info\/?s={search_term_string}"},"query-input":{"@type":"PropertyValueSpecification","valueRequired":true,"valueName":"search_term_string"}}],"inLanguage":"de"},{"@type":"Organization","@id":"https:\/\/familienzentrum-st-elisabeth.info\/#organization","name":"Familienzentrum St. Elisabeth","url":"https:\/\/familienzentrum-st-elisabeth.info\/","logo":{"@type":"ImageObject","inLanguage":"de","@id":"https:\/\/familienzentrum-st-elisabeth.info\/#\/schema\/logo\/image\/","url":"https:\/\/familienzentrum-st-elisabeth.info\/wp-content\/uploads\/2022\/11\/cropped-image008-1-e1669193012284.png","contentUrl":"https:\/\/familienzentrum-st-elisabeth.info\/wp-content\/uploads\/2022\/11\/cropped-image008-1-e1669193012284.png","width":100,"height":100,"caption":"Familienzentrum St. Elisabeth"},"image":{"@id":"https:\/\/familienzentrum-st-elisabeth.info\/#\/schema\/logo\/image\/"}}]}},"_links":{"self":[{"href":"https:\/\/familienzentrum-st-elisabeth.info\/index.php?rest_route=\/wp\/v2\/pages\/29","targetHints":{"allow":["GET"]}}],"collection":[{"href":"https:\/\/familienzentrum-st-elisabeth.info\/index.php?rest_route=\/wp\/v2\/pages"}],"about":[{"href":"https:\/\/familienzentrum-st-elisabeth.info\/index.php?rest_route=\/wp\/v2\/types\/page"}],"author":[{"embeddable":true,"href":"https:\/\/familienzentrum-st-elisabeth.info\/index.php?rest_route=\/wp\/v2\/users\/1"}],"replies":[{"embeddable":true,"href":"https:\/\/familienzentrum-st-elisabeth.info\/index.php?rest_route=%2Fwp%2Fv2%2Fcomments&post=29"}],"version-history":[{"count":3,"href":"https:\/\/familienzentrum-st-elisabeth.info\/index.php?rest_route=\/wp\/v2\/pages\/29\/revisions"}],"predecessor-version":[{"id":670,"href":"https:\/\/familienzentrum-st-elisabeth.info\/index.php?rest_route=\/wp\/v2\/pages\/29\/revisions\/670"}],"wp:attachment":[{"href":"https:\/\/familienzentrum-st-elisabeth.info\/index.php?rest_route=%2Fwp%2Fv2%2Fmedia&parent=29"}],"curies":[{"name":"wp","href":"https:\/\/api.w.org\/{rel}","templated":true}]}}