{"id":27,"date":"2022-11-23T10:05:07","date_gmt":"2022-11-23T09:05:07","guid":{"rendered":"http:\/\/wordpress-elisabeth.p604061.webspaceconfig.de\/?page_id=27"},"modified":"2025-11-04T10:02:03","modified_gmt":"2025-11-04T09:02:03","slug":"oeffnungszeiten","status":"publish","type":"page","link":"https:\/\/familienzentrum-st-elisabeth.info\/?page_id=27","title":{"rendered":"\u00d6ffnungszeiten"},"content":{"rendered":"\n<p><\/p>\n\n\n\n<h2 class=\"wp-block-heading\"><\/h2>\n\n\n\n<div class=\"wp-block-group is-layout-constrained wp-block-group-is-layout-constrained\">\n<p>Montags \u2013 Donnerstags: <br>7:15 Uhr \u2013 16:30 Uhr<\/p>\n\n\n\n<p>Freitags: <br>7:15 Uhr \u2013 15:15 Uhr<\/p>\n<\/div>\n\n\n\n<h2 class=\"wp-block-heading\">Buchungszeiten<\/h2>\n\n\n\n<div class=\"wp-block-columns is-layout-flex wp-container-core-columns-is-layout-9d6595d7 wp-block-columns-is-layout-flex\">\n<div class=\"wp-block-column is-layout-flow wp-block-column-is-layout-flow\">\n<figure class=\"wp-block-table\"><table><tbody><tr><td class=\"has-text-align-center\" data-align=\"center\"><mark style=\"background-color:rgba(0, 0, 0, 0)\" class=\"has-inline-color has-luminous-vivid-amber-color\"><strong>25 Stunden<\/strong><br><\/mark>  <br><\/td><\/tr><tr><td class=\"has-text-align-center\" data-align=\"center\">Montag \u2013 Freitag<br>07.30 Uhr \u2013 12.30 Uhr <br>alternativ<br>(08.00 Uhr \u2013 13.00 Uhr)<br><br><br><br><br><br><br><em>kein Mittagessen m\u00f6glich<\/em><\/td><\/tr><\/tbody><\/table><\/figure>\n<\/div>\n\n\n\n<div class=\"wp-block-column is-layout-flow wp-block-column-is-layout-flow\">\n<figure class=\"wp-block-table\"><table><tbody><tr><td class=\"has-text-align-center\" data-align=\"center\"><strong><mark style=\"background-color:rgba(0, 0, 0, 0)\" class=\"has-inline-color has-vivid-cyan-blue-color\">35 Stunden<br>Block<\/mark><\/strong><br>  <\/td><\/tr><tr><td class=\"has-text-align-center\" data-align=\"center\">Montag \u2013 Freitag<br>07.15 Uhr \u2013 14.15 Uhr<br><br><br><br><br><br><br><br><br><br><br><em>Mittagessen m\u00f6glich<\/em><\/td><\/tr><\/tbody><\/table><\/figure>\n<\/div>\n\n\n\n<div class=\"wp-block-column is-layout-flow wp-block-column-is-layout-flow\">\n<figure class=\"wp-block-table\"><table><tbody><tr><td class=\"has-text-align-center\" data-align=\"center\"><strong><mark style=\"background-color:rgba(0, 0, 0, 0)\" class=\"has-inline-color has-pale-cyan-blue-color\">35 Stunden<br>Geteilt<\/mark><\/strong><br>  <\/td><\/tr><tr><td class=\"has-text-align-center\" data-align=\"center\">Montag \u2013 Donnerstag<br>07.30 Uhr \u2013 12.30 Uhr<br>alternativ<br>(08.00 Uhr \u2013 13.00 Uhr)<br>14.00 Uhr \u2013 16.30 Uhr<br>Freitag<br>07.30 Uhr \u2013 12.30 Uhr<br>alternativ<br>(08.00 Uhr \u2013 13.00 Uhr)<br><em>kein Mittagessen m\u00f6glich<\/em><\/td><\/tr><\/tbody><\/table><\/figure>\n<\/div>\n\n\n\n<div class=\"wp-block-column is-layout-flow wp-block-column-is-layout-flow\">\n<figure class=\"wp-block-table\"><table class=\"has-fixed-layout\"><tbody><tr><td class=\"has-text-align-center\" data-align=\"center\"><strong>35 Stunden<br>flex<\/strong> <strong>*<\/strong><br><\/td><\/tr><tr><td class=\"has-text-align-center\" data-align=\"center\">Montag \u2013 Donnerstag<br>2 lange Tage, <em>Mittagessen an 2 Tagen m\u00f6glich<\/em><br>07.15 Uhr \u2013 16.30Uhr<br>+<br>2 kurze Tage,<br><em>kein Mittagessen m\u00f6glich<\/em><br>07.15 Uhr \u2013 13.00Uhr<br><br>Freitag<br>07.15 Uhr \u2013 12.15Uhr<\/td><\/tr><\/tbody><\/table><\/figure>\n<\/div>\n\n\n\n<div class=\"wp-block-column is-layout-flow wp-block-column-is-layout-flow\">\n<figure class=\"wp-block-table\"><table><tbody><tr><td class=\"has-text-align-center\" data-align=\"center\"><mark style=\"background-color:rgba(0, 0, 0, 0)\" class=\"has-inline-color has-vivid-green-cyan-color\"><strong>45 Stunden<\/strong><br><\/mark>   <br><\/td><\/tr><tr><td class=\"has-text-align-center\" data-align=\"center\">Montag \u2013 Donnerstag<br>07.15 Uhr \u2013 16.30 Uhr<br>Freitag<br>07.15 Uhr \u2013 15.15 Uhr<br><br><br><br><br><br><br><br><br><em>Mittagessen m\u00f6glich<\/em><\/td><\/tr><\/tbody><\/table><\/figure>\n<\/div>\n<\/div>\n\n\n\n<div class=\"wp-block-columns is-layout-flex wp-container-core-columns-is-layout-9d6595d7 wp-block-columns-is-layout-flex\">\n<div class=\"wp-block-column is-layout-flow wp-block-column-is-layout-flow\" style=\"flex-basis:100%\">\n<p><strong>*<\/strong> lange + kurze Tage werden zum 01.08. mit der Einrichtungsleitung abgesprochen, sind dann fix und k\u00f6nnen nicht flexibel getauscht werden \u2013 wer tauschen m\u00f6chte kann einen Antrag dazu stellen<\/p>\n\n\n\n<p><\/p>\n<\/div>\n<\/div>\n\n\n\n<p>von&nbsp;<strong>13.00 Uhr<\/strong>&nbsp;bis&nbsp;<strong>14.00 Uhr<\/strong>&nbsp;bleibt die&nbsp;<strong>Kita&nbsp;<\/strong>zum&nbsp;<strong>Abholen<\/strong>&nbsp;und&nbsp;<strong>Bringen&nbsp;<\/strong>der Kinder&nbsp;<strong>geschlossen<\/strong>. <br>Bis&nbsp;<strong>Ende Oktober<\/strong>&nbsp;kann eine&nbsp;<strong>\u00c4nderung<\/strong>&nbsp;der&nbsp;<strong>Stundenbuchung<\/strong>&nbsp;im n\u00e4chsten Kindergartenjahr beantragt werden die Zeitspanne bei den Buchungsmodellen ist eine&nbsp;<strong>maximale<\/strong>&nbsp;<strong>Zeitspanne<\/strong>,&nbsp;<strong>weniger<\/strong>&nbsp;in&nbsp;<strong>Anspruch<\/strong>&nbsp;zu nehmen ist immer&nbsp;<strong>m\u00f6glich<\/strong>.<\/p>\n\n\n\n<p><\/p>\n\n\n\n<h3 class=\"wp-block-heading\"><strong>Schlie\u00dfungs- \/ Ferienzeiten<\/strong><\/h3>\n\n\n\n<div class=\"wp-block-group is-layout-constrained wp-block-group-is-layout-constrained\">\n<p>Schlie\u00dfungstage und Ferienzeiten werden mit dem Rat der Tageseirichtung abgestimmt und rechtzeitig an alle Familien bekannt gegeben. Wenn Sie eine Betreuung an Schlie\u00dfungstagen ben\u00f6tigen, sprechen Sie uns rechtzeitig an. Wir vermitteln Ihnen eine Betreuung in einem unserer Partnerkinderg\u00e4rten der Kirchengemeinde.<\/p>\n\n\n\n<p>Der Betreuungsbedarf in Sommerferien wird durch die Verbundleitung mit einer Bedarfsabfrage abgefragt. Auch hier besteht die M\u00f6glichkeit, dass Ihr Kind in einer Partnereinrichtung betreut werden kann. Die Kinder werden durch jeweils eine bekannte Bezugserzieherin aus der Einrichtung begleitet.<\/p>\n<\/div>\n\n\n\n<figure class=\"wp-block-table\"><\/figure>\n\n\n\n<div class=\"wp-block-group is-layout-constrained wp-block-group-is-layout-constrained\">\n<figure class=\"wp-block-table\">\n<h4>Schlie\u00dfungstage 2025<\/h4>\n<table style=\"width: 70.4213%; height: 187px;\">\n<tbody>\n<tr style=\"height: 52px;\">\n<td style=\"width: 6.05135%; height: 52px;\">\n<p>Januar<\/p>\n<\/td>\n<td style=\"width: 28.2947%; height: 52px;\">&nbsp; &nbsp;<\/td>\n<td style=\"width: 9.68305%; height: 52px;\">Juli<\/td>\n<td style=\"width: 26.7495%; height: 52px;\">21.07. \u2013 08.08. <br>Sommerferien<\/td>\n<\/tr>\n<tr style=\"height: 55px;\">\n<td style=\"width: 6.05135%; height: 19px;\">Februar<\/td>\n<td style=\"width: 28.2947%; height: 19px;\">&nbsp;<\/td>\n<td style=\"width: 9.68305%; height: 19px;\">August<\/td>\n<td style=\"width: 26.7495%; height: 19px;\">11.08. Plantag<\/td>\n<\/tr>\n<tr style=\"height: 55px;\">\n<td style=\"width: 6.05135%; height: 19px;\">M\u00e4rz<\/td>\n<td style=\"width: 28.2947%; height: 19px;\">\n<p>03.03. Rosenmontag &nbsp;<br>23.03. Plantag &nbsp;<\/p>\n<\/td>\n<td style=\"width: 9.68305%; height: 19px;\">September<\/td>\n<td style=\"width: 26.7495%; height: 19px;\">&nbsp;<\/td>\n<\/tr>\n<tr style=\"height: 55px;\">\n<td style=\"width: 6.05135%; height: 19px;\">April<\/td>\n<td style=\"width: 28.2947%; height: 19px;\">&nbsp;&nbsp;<\/td>\n<td style=\"width: 9.68305%; height: 19px;\">Oktober<\/td>\n<td style=\"width: 26.7495%; height: 19px;\">&nbsp;<\/td>\n<\/tr>\n<tr style=\"height: 55px;\">\n<td style=\"width: 6.05135%; height: 39px;\">Mai<\/td>\n<td style=\"width: 28.2947%; height: 39px;\">30.05. Br\u00fcckentag&nbsp;<\/td>\n<td style=\"width: 9.68305%; height: 39px;\">November<\/td>\n<td style=\"width: 26.7495%; height: 39px;\">&nbsp;<\/td>\n<\/tr>\n<tr style=\"height: 55px;\">\n<td style=\"width: 6.05135%; height: 39px;\">Juni<\/td>\n<td style=\"width: 28.2947%; height: 39px;\">\n<p>13.06. Betriebsausflug<br>20.06. Br\u00fcckentag<\/p>\n<\/td>\n<td style=\"width: 9.68305%; height: 39px;\">Dezember<\/td>\n<td style=\"width: 26.7495%; height: 39px;\">23.12. \u2013 01.01.26 Weihnachtsferien<\/td>\n<\/tr>\n<\/tbody>\n<\/table>\n<\/figure>\n<\/div>\n\n\n\n<div class=\"wp-block-group is-layout-constrained wp-block-group-is-layout-constrained\">\n<figure class=\"wp-block-table\">\n<h4>Schlie\u00dfungstage 2026<\/h4>\n<table style=\"width: 70.4213%; height: 189px;\">\n<tbody>\n<tr style=\"height: 55px;\">\n<td style=\"width: 6.05135%; text-align: left; height: 55px; vertical-align: top;\">Januar<\/td>\n<td style=\"width: 28.2947%; text-align: left; height: 55px; vertical-align: top;\">19.01. Plantag \u00a0<\/td>\n<td style=\"width: 9.68305%; text-align: left; height: 55px; vertical-align: top;\">Juli<\/td>\n<td style=\"width: 26.7495%; text-align: left; height: 55px; vertical-align: top;\">\n<p>27.07. \u2013 14.08. <br \/>Sommerferien<\/p>\n<\/td>\n<\/tr>\n<tr style=\"height: 55px;\">\n<td style=\"width: 6.05135%; text-align: left; height: 55px; vertical-align: top;\">Februar<\/td>\n<td style=\"width: 28.2947%; text-align: left; height: 55px; vertical-align: top;\">16.02. Rosenmontag \u00a0<\/td>\n<td style=\"width: 9.68305%; text-align: left; height: 55px; vertical-align: top;\">August<\/td>\n<td style=\"width: 26.7495%; text-align: left; height: 55px; vertical-align: top;\">17.08. Plantag<\/td>\n<\/tr>\n<tr style=\"height: 55px;\">\n<td style=\"width: 6.05135%; text-align: left; height: 55px; vertical-align: top;\">M\u00e4rz<\/td>\n<td style=\"width: 28.2947%; text-align: left; height: 55px; vertical-align: top;\">\n<p>16.03. Plantag \u00a0<\/p>\n<\/td>\n<td style=\"width: 9.68305%; text-align: left; height: 55px; vertical-align: top;\">September<\/td>\n<td style=\"width: 26.7495%; text-align: left; height: 55px; vertical-align: top;\">\u00a0<\/td>\n<\/tr>\n<tr style=\"height: 55px;\">\n<td style=\"width: 6.05135%; text-align: left; height: 55px; vertical-align: top;\">April<\/td>\n<td style=\"width: 28.2947%; text-align: left; height: 55px; vertical-align: top;\">\u00a0\u00a0<\/td>\n<td style=\"width: 9.68305%; text-align: left; height: 55px; vertical-align: top;\">Oktober<\/td>\n<td style=\"width: 26.7495%; text-align: left; height: 55px; vertical-align: top;\">\u00a0<\/td>\n<\/tr>\n<tr style=\"height: 55px;\">\n<td style=\"width: 6.05135%; text-align: left; height: 55px; vertical-align: top;\">Mai<\/td>\n<td style=\"width: 28.2947%; text-align: left; height: 55px; vertical-align: top;\">\n<p>08.05. Betriebsausflug<br \/>15.05. Br\u00fcckentag\u00a0<\/p>\n<\/td>\n<td style=\"width: 9.68305%; text-align: left; height: 55px; vertical-align: top;\">November<\/td>\n<td style=\"width: 26.7495%; text-align: left; height: 55px; vertical-align: top;\">\u00a0<\/td>\n<\/tr>\n<tr style=\"height: 55px;\">\n<td style=\"width: 6.05135%; text-align: left; height: 55px; vertical-align: top;\">Juni<\/td>\n<td style=\"width: 28.2947%; text-align: left; height: 55px; vertical-align: top;\">\n<p>05.06. Br\u00fcckentag<\/p>\n<\/td>\n<td style=\"width: 9.68305%; text-align: left; height: 55px; vertical-align: top;\">Dezember<\/td>\n<td style=\"width: 26.7495%; text-align: left; height: 55px; vertical-align: top;\">23.12. \u2013 31.12.<br \/>Weihnachtsferien<\/td>\n<\/tr>\n<\/tbody>\n<\/table>\n<\/figure>\n<\/div>\n\n\n\n<p>An den Schlie\u00dftagen bieten wir eine Betreuung in einer anderen Verbundkita (au\u00dfer in den Weihnachtsferien) an. Bei Bedarf sprechen Sie gerne die Leitung an.<\/p>\n\n\n\n<p><\/p>\n","protected":false},"excerpt":{"rendered":"<p>Montags \u2013 Donnerstags: 7:15 Uhr \u2013 16:30 Uhr Freitags: 7:15 Uhr \u2013 15:15 Uhr Buchungszeiten 25 Stunden Montag \u2013 Freitag07.30 Uhr \u2013 12.30 Uhr alternativ(08.00 Uhr \u2013 13.00 Uhr) kein Mittagessen m\u00f6glich 35 StundenBlock Montag \u2013 Freitag07.15 Uhr \u2013 14.15 Uhr Mittagessen m\u00f6glich 35 StundenGeteilt Montag \u2013 Donnerstag07.30 Uhr \u2013 12.30 Uhralternativ(08.00 Uhr \u2013 13.00 <a class=\"read-more\" href=\"https:\/\/familienzentrum-st-elisabeth.info\/?page_id=27\">Read More<\/a><\/p>\n","protected":false},"author":1,"featured_media":0,"parent":0,"menu_order":0,"comment_status":"closed","ping_status":"closed","template":"template-full-width.php","meta":{"footnotes":""},"class_list":["post-27","page","type-page","status-publish","hentry"],"yoast_head":"<!-- This site is optimized with the Yoast SEO plugin v27.4 - https:\/\/yoast.com\/product\/yoast-seo-wordpress\/ -->\n<title>\u00d6ffnungszeiten - Familienzentrum St. Elisabeth<\/title>\n<meta name=\"robots\" content=\"index, follow, max-snippet:-1, max-image-preview:large, max-video-preview:-1\" \/>\n<link rel=\"canonical\" href=\"https:\/\/familienzentrum-st-elisabeth.info\/?page_id=27\" \/>\n<meta property=\"og:locale\" content=\"de_DE\" \/>\n<meta property=\"og:type\" content=\"article\" \/>\n<meta property=\"og:title\" content=\"\u00d6ffnungszeiten - Familienzentrum St. Elisabeth\" \/>\n<meta property=\"og:description\" content=\"Montags \u2013 Donnerstags: 7:15 Uhr \u2013 16:30 Uhr Freitags: 7:15 Uhr \u2013 15:15 Uhr Buchungszeiten 25 Stunden Montag \u2013 Freitag07.30 Uhr \u2013 12.30 Uhr alternativ(08.00 Uhr \u2013 13.00 Uhr) kein Mittagessen m\u00f6glich 35 StundenBlock Montag \u2013 Freitag07.15 Uhr \u2013 14.15 Uhr Mittagessen m\u00f6glich 35 StundenGeteilt Montag \u2013 Donnerstag07.30 Uhr \u2013 12.30 Uhralternativ(08.00 Uhr \u2013 13.00 Read More\" \/>\n<meta property=\"og:url\" content=\"https:\/\/familienzentrum-st-elisabeth.info\/?page_id=27\" \/>\n<meta property=\"og:site_name\" content=\"Familienzentrum St. Elisabeth\" \/>\n<meta property=\"article:modified_time\" content=\"2025-11-04T09:02:03+00:00\" \/>\n<meta name=\"twitter:card\" content=\"summary_large_image\" \/>\n<meta name=\"twitter:label1\" content=\"Gesch\u00e4tzte Lesezeit\" \/>\n\t<meta name=\"twitter:data1\" content=\"3\u00a0Minuten\" \/>\n<script type=\"application\/ld+json\" class=\"yoast-schema-graph\">{\"@context\":\"https:\\\/\\\/schema.org\",\"@graph\":[{\"@type\":\"WebPage\",\"@id\":\"https:\\\/\\\/familienzentrum-st-elisabeth.info\\\/?page_id=27\",\"url\":\"https:\\\/\\\/familienzentrum-st-elisabeth.info\\\/?page_id=27\",\"name\":\"\u00d6ffnungszeiten - Familienzentrum St. Elisabeth\",\"isPartOf\":{\"@id\":\"https:\\\/\\\/familienzentrum-st-elisabeth.info\\\/#website\"},\"datePublished\":\"2022-11-23T09:05:07+00:00\",\"dateModified\":\"2025-11-04T09:02:03+00:00\",\"breadcrumb\":{\"@id\":\"https:\\\/\\\/familienzentrum-st-elisabeth.info\\\/?page_id=27#breadcrumb\"},\"inLanguage\":\"de\",\"potentialAction\":[{\"@type\":\"ReadAction\",\"target\":[\"https:\\\/\\\/familienzentrum-st-elisabeth.info\\\/?page_id=27\"]}]},{\"@type\":\"BreadcrumbList\",\"@id\":\"https:\\\/\\\/familienzentrum-st-elisabeth.info\\\/?page_id=27#breadcrumb\",\"itemListElement\":[{\"@type\":\"ListItem\",\"position\":1,\"name\":\"Startseite\",\"item\":\"https:\\\/\\\/familienzentrum-st-elisabeth.info\\\/\"},{\"@type\":\"ListItem\",\"position\":2,\"name\":\"\u00d6ffnungszeiten\"}]},{\"@type\":\"WebSite\",\"@id\":\"https:\\\/\\\/familienzentrum-st-elisabeth.info\\\/#website\",\"url\":\"https:\\\/\\\/familienzentrum-st-elisabeth.info\\\/\",\"name\":\"Familienzentrum St. Elisabeth\",\"description\":\"Stadtlohn\",\"publisher\":{\"@id\":\"https:\\\/\\\/familienzentrum-st-elisabeth.info\\\/#organization\"},\"potentialAction\":[{\"@type\":\"SearchAction\",\"target\":{\"@type\":\"EntryPoint\",\"urlTemplate\":\"https:\\\/\\\/familienzentrum-st-elisabeth.info\\\/?s={search_term_string}\"},\"query-input\":{\"@type\":\"PropertyValueSpecification\",\"valueRequired\":true,\"valueName\":\"search_term_string\"}}],\"inLanguage\":\"de\"},{\"@type\":\"Organization\",\"@id\":\"https:\\\/\\\/familienzentrum-st-elisabeth.info\\\/#organization\",\"name\":\"Familienzentrum St. Elisabeth\",\"url\":\"https:\\\/\\\/familienzentrum-st-elisabeth.info\\\/\",\"logo\":{\"@type\":\"ImageObject\",\"inLanguage\":\"de\",\"@id\":\"https:\\\/\\\/familienzentrum-st-elisabeth.info\\\/#\\\/schema\\\/logo\\\/image\\\/\",\"url\":\"https:\\\/\\\/familienzentrum-st-elisabeth.info\\\/wp-content\\\/uploads\\\/2022\\\/11\\\/cropped-image008-1-e1669193012284.png\",\"contentUrl\":\"https:\\\/\\\/familienzentrum-st-elisabeth.info\\\/wp-content\\\/uploads\\\/2022\\\/11\\\/cropped-image008-1-e1669193012284.png\",\"width\":100,\"height\":100,\"caption\":\"Familienzentrum St. Elisabeth\"},\"image\":{\"@id\":\"https:\\\/\\\/familienzentrum-st-elisabeth.info\\\/#\\\/schema\\\/logo\\\/image\\\/\"}}]}<\/script>\n<!-- \/ Yoast SEO plugin. -->","yoast_head_json":{"title":"\u00d6ffnungszeiten - Familienzentrum St. Elisabeth","robots":{"index":"index","follow":"follow","max-snippet":"max-snippet:-1","max-image-preview":"max-image-preview:large","max-video-preview":"max-video-preview:-1"},"canonical":"https:\/\/familienzentrum-st-elisabeth.info\/?page_id=27","og_locale":"de_DE","og_type":"article","og_title":"\u00d6ffnungszeiten - Familienzentrum St. Elisabeth","og_description":"Montags \u2013 Donnerstags: 7:15 Uhr \u2013 16:30 Uhr Freitags: 7:15 Uhr \u2013 15:15 Uhr Buchungszeiten 25 Stunden Montag \u2013 Freitag07.30 Uhr \u2013 12.30 Uhr alternativ(08.00 Uhr \u2013 13.00 Uhr) kein Mittagessen m\u00f6glich 35 StundenBlock Montag \u2013 Freitag07.15 Uhr \u2013 14.15 Uhr Mittagessen m\u00f6glich 35 StundenGeteilt Montag \u2013 Donnerstag07.30 Uhr \u2013 12.30 Uhralternativ(08.00 Uhr \u2013 13.00 Read More","og_url":"https:\/\/familienzentrum-st-elisabeth.info\/?page_id=27","og_site_name":"Familienzentrum St. Elisabeth","article_modified_time":"2025-11-04T09:02:03+00:00","twitter_card":"summary_large_image","twitter_misc":{"Gesch\u00e4tzte Lesezeit":"3\u00a0Minuten"},"schema":{"@context":"https:\/\/schema.org","@graph":[{"@type":"WebPage","@id":"https:\/\/familienzentrum-st-elisabeth.info\/?page_id=27","url":"https:\/\/familienzentrum-st-elisabeth.info\/?page_id=27","name":"\u00d6ffnungszeiten - Familienzentrum St. Elisabeth","isPartOf":{"@id":"https:\/\/familienzentrum-st-elisabeth.info\/#website"},"datePublished":"2022-11-23T09:05:07+00:00","dateModified":"2025-11-04T09:02:03+00:00","breadcrumb":{"@id":"https:\/\/familienzentrum-st-elisabeth.info\/?page_id=27#breadcrumb"},"inLanguage":"de","potentialAction":[{"@type":"ReadAction","target":["https:\/\/familienzentrum-st-elisabeth.info\/?page_id=27"]}]},{"@type":"BreadcrumbList","@id":"https:\/\/familienzentrum-st-elisabeth.info\/?page_id=27#breadcrumb","itemListElement":[{"@type":"ListItem","position":1,"name":"Startseite","item":"https:\/\/familienzentrum-st-elisabeth.info\/"},{"@type":"ListItem","position":2,"name":"\u00d6ffnungszeiten"}]},{"@type":"WebSite","@id":"https:\/\/familienzentrum-st-elisabeth.info\/#website","url":"https:\/\/familienzentrum-st-elisabeth.info\/","name":"Familienzentrum St. Elisabeth","description":"Stadtlohn","publisher":{"@id":"https:\/\/familienzentrum-st-elisabeth.info\/#organization"},"potentialAction":[{"@type":"SearchAction","target":{"@type":"EntryPoint","urlTemplate":"https:\/\/familienzentrum-st-elisabeth.info\/?s={search_term_string}"},"query-input":{"@type":"PropertyValueSpecification","valueRequired":true,"valueName":"search_term_string"}}],"inLanguage":"de"},{"@type":"Organization","@id":"https:\/\/familienzentrum-st-elisabeth.info\/#organization","name":"Familienzentrum St. Elisabeth","url":"https:\/\/familienzentrum-st-elisabeth.info\/","logo":{"@type":"ImageObject","inLanguage":"de","@id":"https:\/\/familienzentrum-st-elisabeth.info\/#\/schema\/logo\/image\/","url":"https:\/\/familienzentrum-st-elisabeth.info\/wp-content\/uploads\/2022\/11\/cropped-image008-1-e1669193012284.png","contentUrl":"https:\/\/familienzentrum-st-elisabeth.info\/wp-content\/uploads\/2022\/11\/cropped-image008-1-e1669193012284.png","width":100,"height":100,"caption":"Familienzentrum St. Elisabeth"},"image":{"@id":"https:\/\/familienzentrum-st-elisabeth.info\/#\/schema\/logo\/image\/"}}]}},"_links":{"self":[{"href":"https:\/\/familienzentrum-st-elisabeth.info\/index.php?rest_route=\/wp\/v2\/pages\/27","targetHints":{"allow":["GET"]}}],"collection":[{"href":"https:\/\/familienzentrum-st-elisabeth.info\/index.php?rest_route=\/wp\/v2\/pages"}],"about":[{"href":"https:\/\/familienzentrum-st-elisabeth.info\/index.php?rest_route=\/wp\/v2\/types\/page"}],"author":[{"embeddable":true,"href":"https:\/\/familienzentrum-st-elisabeth.info\/index.php?rest_route=\/wp\/v2\/users\/1"}],"replies":[{"embeddable":true,"href":"https:\/\/familienzentrum-st-elisabeth.info\/index.php?rest_route=%2Fwp%2Fv2%2Fcomments&post=27"}],"version-history":[{"count":35,"href":"https:\/\/familienzentrum-st-elisabeth.info\/index.php?rest_route=\/wp\/v2\/pages\/27\/revisions"}],"predecessor-version":[{"id":986,"href":"https:\/\/familienzentrum-st-elisabeth.info\/index.php?rest_route=\/wp\/v2\/pages\/27\/revisions\/986"}],"wp:attachment":[{"href":"https:\/\/familienzentrum-st-elisabeth.info\/index.php?rest_route=%2Fwp%2Fv2%2Fmedia&parent=27"}],"curies":[{"name":"wp","href":"https:\/\/api.w.org\/{rel}","templated":true}]}}