{"id":246,"date":"2023-08-16T14:07:10","date_gmt":"2023-08-16T12:07:10","guid":{"rendered":"http:\/\/wordpress-elisabeth.p604061.webspaceconfig.de\/?page_id=246"},"modified":"2024-07-01T15:09:20","modified_gmt":"2024-07-01T13:09:20","slug":"altershomogenitaet","status":"publish","type":"page","link":"https:\/\/familienzentrum-st-elisabeth.info\/?page_id=246","title":{"rendered":"Altershomogenit\u00e4t"},"content":{"rendered":"<div class=\"n2-section-smartslider fitvidsignore  n2_clear\" data-ssid=\"27\" data-alias=\"altershomogenitt\"><div id=\"n2-ss-27-align\" class=\"n2-ss-align\"><div class=\"n2-padding\"><div id=\"n2-ss-27\" data-creator=\"Smart Slider 3\" data-responsive=\"auto\" class=\"n2-ss-slider n2-ow n2-has-hover n2notransition altershomogenitt \"><div class=\"n2-ss-slider-wrapper-inside\">\n        <div class=\"n2-ss-slider-1 n2_ss__touch_element n2-ow\">\n            <div class=\"n2-ss-slider-2 n2-ow\">\n                                                <div class=\"n2-ss-slider-3 n2-ow\">\n\n                    <div class=\"n2-ss-slide-backgrounds n2-ow-all\"><div class=\"n2-ss-slide-background\" data-public-id=\"1\" data-mode=\"fill\"><div class=\"n2-ss-slide-background-image\" data-blur=\"0\" data-opacity=\"100\" data-x=\"50\" data-y=\"50\" data-alt=\"\" data-title=\"\"><picture class=\"skip-lazy\" data-skip-lazy=\"1\"><img decoding=\"async\" src=\"\/\/familienzentrum-st-elisabeth.info\/wp-content\/uploads\/2023\/09\/Kita_Webseite_Gruppen3.png\" alt=\"\" title=\"\" loading=\"lazy\" class=\"skip-lazy\" data-skip-lazy=\"1\"><\/picture><\/div><div data-color=\"RGBA(255,255,255,0)\" style=\"background-color: RGBA(255,255,255,0);\" class=\"n2-ss-slide-background-color\"><\/div><\/div><div class=\"n2-ss-slide-background\" data-public-id=\"2\" data-mode=\"fill\" aria-hidden=\"true\"><div class=\"n2-ss-slide-background-image\" data-blur=\"0\" data-opacity=\"100\" data-x=\"50\" data-y=\"50\" data-alt=\"\" data-title=\"\"><picture class=\"skip-lazy\" data-skip-lazy=\"1\"><img decoding=\"async\" src=\"\/\/familienzentrum-st-elisabeth.info\/wp-content\/uploads\/2023\/09\/Kita_Webseite_Gruppen2-1.png\" alt=\"\" title=\"\" loading=\"lazy\" class=\"skip-lazy\" data-skip-lazy=\"1\"><\/picture><\/div><div data-color=\"RGBA(255,255,255,0)\" style=\"background-color: RGBA(255,255,255,0);\" class=\"n2-ss-slide-background-color\"><\/div><\/div><div class=\"n2-ss-slide-background\" data-public-id=\"3\" data-mode=\"fill\" aria-hidden=\"true\"><div class=\"n2-ss-slide-background-image\" data-blur=\"0\" data-opacity=\"100\" data-x=\"50\" data-y=\"50\" data-alt=\"\" data-title=\"\"><picture class=\"skip-lazy\" data-skip-lazy=\"1\"><img decoding=\"async\" src=\"\/\/familienzentrum-st-elisabeth.info\/wp-content\/uploads\/2023\/09\/Kita_Webseite_Gruppen-1.png\" alt=\"\" title=\"\" loading=\"lazy\" class=\"skip-lazy\" data-skip-lazy=\"1\"><\/picture><\/div><div data-color=\"RGBA(255,255,255,0)\" style=\"background-color: RGBA(255,255,255,0);\" class=\"n2-ss-slide-background-color\"><\/div><\/div><div class=\"n2-ss-slide-background\" data-public-id=\"4\" data-mode=\"fill\" aria-hidden=\"true\"><div class=\"n2-ss-slide-background-image\" data-blur=\"0\" data-opacity=\"100\" data-x=\"50\" data-y=\"50\" data-alt=\"\" data-title=\"\"><picture class=\"skip-lazy\" data-skip-lazy=\"1\"><img decoding=\"async\" src=\"\/\/familienzentrum-st-elisabeth.info\/wp-content\/uploads\/2023\/09\/Kita_Webseite_Gruppen4.png\" alt=\"\" title=\"\" loading=\"lazy\" class=\"skip-lazy\" data-skip-lazy=\"1\"><\/picture><\/div><div data-color=\"RGBA(255,255,255,0)\" style=\"background-color: RGBA(255,255,255,0);\" class=\"n2-ss-slide-background-color\"><\/div><\/div><\/div>                    <div class=\"n2-ss-slider-4 n2-ow\">\n                        <svg xmlns=\"http:\/\/www.w3.org\/2000\/svg\" viewBox=\"0 0 1200 400\" data-related-device=\"desktopPortrait\" class=\"n2-ow n2-ss-preserve-size n2-ss-preserve-size--slider n2-ss-slide-limiter\"><\/svg><div data-first=\"1\" data-slide-duration=\"0\" data-id=\"136\" data-slide-public-id=\"1\" data-title=\"Kita_Webseite_Gruppen3\" class=\"n2-ss-slide n2-ow  n2-ss-slide-136\"><div role=\"note\" class=\"n2-ss-slide--focus\" tabindex=\"-1\">Kita_Webseite_Gruppen3<\/div><div class=\"n2-ss-layers-container n2-ss-slide-limiter n2-ow\"><div class=\"n2-ss-layer n2-ow n-uc-18MEjp8ZqyeW\" data-sstype=\"slide\" data-pm=\"default\"><\/div><\/div><\/div><div data-slide-duration=\"0\" data-id=\"137\" data-slide-public-id=\"2\" aria-hidden=\"true\" data-title=\"Kita_Webseite_Gruppen2\" class=\"n2-ss-slide n2-ow  n2-ss-slide-137\"><div role=\"note\" class=\"n2-ss-slide--focus\" tabindex=\"-1\">Kita_Webseite_Gruppen2<\/div><div class=\"n2-ss-layers-container n2-ss-slide-limiter n2-ow\"><div class=\"n2-ss-layer n2-ow n-uc-HtmHwMd8JOzy\" data-sstype=\"slide\" data-pm=\"default\"><\/div><\/div><\/div><div data-slide-duration=\"0\" data-id=\"138\" data-slide-public-id=\"3\" aria-hidden=\"true\" data-title=\"Kita_Webseite_Gruppen\" class=\"n2-ss-slide n2-ow  n2-ss-slide-138\"><div role=\"note\" class=\"n2-ss-slide--focus\" tabindex=\"-1\">Kita_Webseite_Gruppen<\/div><div class=\"n2-ss-layers-container n2-ss-slide-limiter n2-ow\"><div class=\"n2-ss-layer n2-ow n-uc-m1FKH3CtdiAj\" data-sstype=\"slide\" data-pm=\"default\"><\/div><\/div><\/div><div data-slide-duration=\"0\" data-id=\"139\" data-slide-public-id=\"4\" aria-hidden=\"true\" data-title=\"Kita_Webseite_Gruppen4\" class=\"n2-ss-slide n2-ow  n2-ss-slide-139\"><div role=\"note\" class=\"n2-ss-slide--focus\" tabindex=\"-1\">Kita_Webseite_Gruppen4<\/div><div class=\"n2-ss-layers-container n2-ss-slide-limiter n2-ow\"><div class=\"n2-ss-layer n2-ow n-uc-PNOEiELkFqWt\" data-sstype=\"slide\" data-pm=\"default\"><\/div><\/div><\/div>                    <\/div>\n\n                                    <\/div>\n            <\/div>\n        <\/div>\n        <div class=\"n2-ss-slider-controls n2-ss-slider-controls-absolute-left-center\"><div style=\"--widget-offset:15px;\" class=\"n2-ss-widget nextend-arrow n2-ow-all nextend-arrow-previous  nextend-arrow-animated-fade\" data-hide-mobileportrait=\"1\" id=\"n2-ss-27-arrow-previous\" role=\"button\" aria-label=\"previous arrow\" tabindex=\"0\"><img loading=\"lazy\" decoding=\"async\" width=\"32\" height=\"32\" class=\"skip-lazy\" data-skip-lazy=\"1\" src=\"data:image\/svg+xml;base64,PHN2ZyB3aWR0aD0iMzIiIGhlaWdodD0iMzIiIHZpZXdCb3g9IjAgMCAzMiAzMiIgeG1sbnM9Imh0dHA6Ly93d3cudzMub3JnLzIwMDAvc3ZnIj4KICAgIDxwYXRoIGQ9Ik0xMS40MzMgMTUuOTkyTDIyLjY5IDUuNzEyYy4zOTMtLjM5LjM5My0xLjAzIDAtMS40Mi0uMzkzLS4zOS0xLjAzLS4zOS0xLjQyMyAwbC0xMS45OCAxMC45NGMtLjIxLjIxLS4zLjQ5LS4yODUuNzYtLjAxNS4yOC4wNzUuNTYuMjg0Ljc3bDExLjk4IDEwLjk0Yy4zOTMuMzkgMS4wMy4zOSAxLjQyNCAwIC4zOTMtLjQuMzkzLTEuMDMgMC0xLjQybC0xMS4yNTctMTAuMjkiCiAgICAgICAgICBmaWxsPSIjZmZmZmZmIiBvcGFjaXR5PSIwLjgiIGZpbGwtcnVsZT0iZXZlbm9kZCIvPgo8L3N2Zz4=\" alt=\"previous arrow\"><\/div><\/div><div class=\"n2-ss-slider-controls n2-ss-slider-controls-absolute-right-center\"><div style=\"--widget-offset:15px;\" class=\"n2-ss-widget nextend-arrow n2-ow-all nextend-arrow-next  nextend-arrow-animated-fade\" data-hide-mobileportrait=\"1\" id=\"n2-ss-27-arrow-next\" role=\"button\" aria-label=\"next arrow\" tabindex=\"0\"><img loading=\"lazy\" decoding=\"async\" width=\"32\" height=\"32\" class=\"skip-lazy\" data-skip-lazy=\"1\" src=\"data:image\/svg+xml;base64,PHN2ZyB3aWR0aD0iMzIiIGhlaWdodD0iMzIiIHZpZXdCb3g9IjAgMCAzMiAzMiIgeG1sbnM9Imh0dHA6Ly93d3cudzMub3JnLzIwMDAvc3ZnIj4KICAgIDxwYXRoIGQ9Ik0xMC43MjIgNC4yOTNjLS4zOTQtLjM5LTEuMDMyLS4zOS0xLjQyNyAwLS4zOTMuMzktLjM5MyAxLjAzIDAgMS40MmwxMS4yODMgMTAuMjgtMTEuMjgzIDEwLjI5Yy0uMzkzLjM5LS4zOTMgMS4wMiAwIDEuNDIuMzk1LjM5IDEuMDMzLjM5IDEuNDI3IDBsMTIuMDA3LTEwLjk0Yy4yMS0uMjEuMy0uNDkuMjg0LS43Ny4wMTQtLjI3LS4wNzYtLjU1LS4yODYtLjc2TDEwLjcyIDQuMjkzeiIKICAgICAgICAgIGZpbGw9IiNmZmZmZmYiIG9wYWNpdHk9IjAuOCIgZmlsbC1ydWxlPSJldmVub2RkIi8+Cjwvc3ZnPg==\" alt=\"next arrow\"><\/div><\/div><\/div><\/div><ss3-loader><\/ss3-loader><\/div><\/div><div class=\"n2_clear\"><\/div><\/div>\n\n\n<p>Das Familienzentrum St. Elisabeth umfasst vier altershomogene Stammgruppen in denen die Kinder betreut werden. In der Regel werden Kinder aus mindestens zwei Einschulungsjahrg\u00e4ngen in einem Zimmer zusammengelegt. Folgende Aufteilung gibt es daf\u00fcr in unserer Einrichtung: <strong><\/strong><\/p>\n\n\n\n<p>\u00a0<\/p>\n<table style=\"border-collapse: collapse; width: 43.8453%; height: 108px;\">\n<tbody>\n<tr style=\"height: 27px;\">\n<td style=\"width: 28.2183%; height: 27px;\">\n<ul>\n<li><span style=\"color: #99cc00;\"><strong>Gr\u00fcne Gruppe<\/strong><\/span>:\u00a0<\/li>\n<\/ul>\n<\/td>\n<td style=\"width: 48.7214%; height: 27px;\">0 &#8211; 3 Jahre<\/td>\n<\/tr>\n<tr style=\"height: 27px;\">\n<td style=\"width: 28.2183%; height: 27px;\">\n<ul>\n<li><span style=\"color: #0000ff;\"><span style=\"color: #3dbcdb;\"><strong>Blaue Gruppe<\/strong><\/span>:<\/span><\/li>\n<\/ul>\n<\/td>\n<td style=\"width: 48.7214%; height: 27px;\">2 &#8211; 4 Jahre<\/td>\n<\/tr>\n<tr style=\"height: 27px;\">\n<td style=\"width: 28.2183%; height: 27px;\">\n<ul>\n<li><span style=\"color: #ffcc00;\"><strong>Gelbe Gruppe<\/strong>:<\/span><\/li>\n<\/ul>\n<\/td>\n<td style=\"width: 48.7214%; height: 27px;\">3 &#8211; 5 Jahre<\/td>\n<\/tr>\n<tr style=\"height: 27px;\">\n<td style=\"width: 28.2183%; height: 27px;\">\n<ul>\n<li><span style=\"color: #ff0000;\"><span style=\"color: #f55858;\"><strong>Rote Gruppe<\/strong><\/span>:<\/span><\/li>\n<\/ul>\n<\/td>\n<td style=\"width: 48.7214%; height: 27px;\">4 &#8211; 6 Jahre<\/td>\n<\/tr>\n<\/tbody>\n<\/table>\n\n\n\n<p>Die Altersstufen sind dabei Gruppen\u00fcbergreifend um die Gruppengr\u00f6\u00dfe den Bed\u00fcrfnissen der Kinder anpassen zu k\u00f6nnen. Dabei achten wir darauf, dass die Gruppengr\u00f6\u00dfe mit dem Alter der Kinder w\u00e4chst. In der Praxis bedeutet das also, dass in der Gr\u00fcnen Gruppe die kleinste Stammgruppe betreut wird, in der Roten Gruppe die gr\u00f6\u00dfte Stammgruppe. Die \u00e4ltesten Kinder aus dem jeweiligen Einschulungsjahrgang besuchen, in der Regel, das Zimmer mit den \u00e4lteren Kindern.<\/p>\n\n\n\n<p>Die Kinder wechseln immer zum neuen Kita Jahr (zum 01.08.) das Zimmer, im Vorfeld wird den Kindern und Eltern mitgeteilt welches Zimmer das Kind nach den \u201eKita-Sommerferien\u201c besuchen wird. Der gemeinsame Umzug in ein neues Zimmer geh\u00f6rt traditionell zu jedem Kita-Jahr dazu.<\/p>\n","protected":false},"excerpt":{"rendered":"<p>Das Familienzentrum St. Elisabeth umfasst vier altershomogene Stammgruppen in denen die Kinder betreut werden. In der Regel werden Kinder aus mindestens zwei Einschulungsjahrg\u00e4ngen in einem Zimmer zusammengelegt. Folgende Aufteilung gibt es daf\u00fcr in unserer Einrichtung: \u00a0 Gr\u00fcne Gruppe:\u00a0 0 &#8211; 3 Jahre Blaue Gruppe: 2 &#8211; 4 Jahre Gelbe Gruppe: 3 &#8211; 5 Jahre Rote <a class=\"read-more\" href=\"https:\/\/familienzentrum-st-elisabeth.info\/?page_id=246\">Read More<\/a><\/p>\n","protected":false},"author":2,"featured_media":0,"parent":0,"menu_order":0,"comment_status":"closed","ping_status":"closed","template":"template-full-width.php","meta":{"footnotes":""},"class_list":["post-246","page","type-page","status-publish","hentry"],"yoast_head":"<!-- This site is optimized with the Yoast SEO plugin v27.5 - https:\/\/yoast.com\/product\/yoast-seo-wordpress\/ -->\n<title>Altershomogenit\u00e4t - Familienzentrum St. Elisabeth<\/title>\n<meta name=\"robots\" content=\"index, follow, max-snippet:-1, max-image-preview:large, max-video-preview:-1\" \/>\n<link rel=\"canonical\" href=\"https:\/\/familienzentrum-st-elisabeth.info\/?page_id=246\" \/>\n<meta property=\"og:locale\" content=\"de_DE\" \/>\n<meta property=\"og:type\" content=\"article\" \/>\n<meta property=\"og:title\" content=\"Altershomogenit\u00e4t - Familienzentrum St. Elisabeth\" \/>\n<meta property=\"og:description\" content=\"Das Familienzentrum St. Elisabeth umfasst vier altershomogene Stammgruppen in denen die Kinder betreut werden. In der Regel werden Kinder aus mindestens zwei Einschulungsjahrg\u00e4ngen in einem Zimmer zusammengelegt. Folgende Aufteilung gibt es daf\u00fcr in unserer Einrichtung: \u00a0 Gr\u00fcne Gruppe:\u00a0 0 &#8211; 3 Jahre Blaue Gruppe: 2 &#8211; 4 Jahre Gelbe Gruppe: 3 &#8211; 5 Jahre Rote Read More\" \/>\n<meta property=\"og:url\" content=\"https:\/\/familienzentrum-st-elisabeth.info\/?page_id=246\" \/>\n<meta property=\"og:site_name\" content=\"Familienzentrum St. Elisabeth\" \/>\n<meta property=\"article:modified_time\" content=\"2024-07-01T13:09:20+00:00\" \/>\n<meta name=\"twitter:card\" content=\"summary_large_image\" \/>\n<meta name=\"twitter:label1\" content=\"Gesch\u00e4tzte Lesezeit\" \/>\n\t<meta name=\"twitter:data1\" content=\"1\u00a0Minute\" \/>\n<script type=\"application\/ld+json\" class=\"yoast-schema-graph\">{\"@context\":\"https:\\\/\\\/schema.org\",\"@graph\":[{\"@type\":\"WebPage\",\"@id\":\"https:\\\/\\\/familienzentrum-st-elisabeth.info\\\/?page_id=246\",\"url\":\"https:\\\/\\\/familienzentrum-st-elisabeth.info\\\/?page_id=246\",\"name\":\"Altershomogenit\u00e4t - Familienzentrum St. Elisabeth\",\"isPartOf\":{\"@id\":\"https:\\\/\\\/familienzentrum-st-elisabeth.info\\\/#website\"},\"datePublished\":\"2023-08-16T12:07:10+00:00\",\"dateModified\":\"2024-07-01T13:09:20+00:00\",\"breadcrumb\":{\"@id\":\"https:\\\/\\\/familienzentrum-st-elisabeth.info\\\/?page_id=246#breadcrumb\"},\"inLanguage\":\"de\",\"potentialAction\":[{\"@type\":\"ReadAction\",\"target\":[\"https:\\\/\\\/familienzentrum-st-elisabeth.info\\\/?page_id=246\"]}]},{\"@type\":\"BreadcrumbList\",\"@id\":\"https:\\\/\\\/familienzentrum-st-elisabeth.info\\\/?page_id=246#breadcrumb\",\"itemListElement\":[{\"@type\":\"ListItem\",\"position\":1,\"name\":\"Startseite\",\"item\":\"https:\\\/\\\/familienzentrum-st-elisabeth.info\\\/\"},{\"@type\":\"ListItem\",\"position\":2,\"name\":\"Altershomogenit\u00e4t\"}]},{\"@type\":\"WebSite\",\"@id\":\"https:\\\/\\\/familienzentrum-st-elisabeth.info\\\/#website\",\"url\":\"https:\\\/\\\/familienzentrum-st-elisabeth.info\\\/\",\"name\":\"Familienzentrum St. Elisabeth\",\"description\":\"Stadtlohn\",\"publisher\":{\"@id\":\"https:\\\/\\\/familienzentrum-st-elisabeth.info\\\/#organization\"},\"potentialAction\":[{\"@type\":\"SearchAction\",\"target\":{\"@type\":\"EntryPoint\",\"urlTemplate\":\"https:\\\/\\\/familienzentrum-st-elisabeth.info\\\/?s={search_term_string}\"},\"query-input\":{\"@type\":\"PropertyValueSpecification\",\"valueRequired\":true,\"valueName\":\"search_term_string\"}}],\"inLanguage\":\"de\"},{\"@type\":\"Organization\",\"@id\":\"https:\\\/\\\/familienzentrum-st-elisabeth.info\\\/#organization\",\"name\":\"Familienzentrum St. Elisabeth\",\"url\":\"https:\\\/\\\/familienzentrum-st-elisabeth.info\\\/\",\"logo\":{\"@type\":\"ImageObject\",\"inLanguage\":\"de\",\"@id\":\"https:\\\/\\\/familienzentrum-st-elisabeth.info\\\/#\\\/schema\\\/logo\\\/image\\\/\",\"url\":\"https:\\\/\\\/familienzentrum-st-elisabeth.info\\\/wp-content\\\/uploads\\\/2022\\\/11\\\/cropped-image008-1-e1669193012284.png\",\"contentUrl\":\"https:\\\/\\\/familienzentrum-st-elisabeth.info\\\/wp-content\\\/uploads\\\/2022\\\/11\\\/cropped-image008-1-e1669193012284.png\",\"width\":100,\"height\":100,\"caption\":\"Familienzentrum St. Elisabeth\"},\"image\":{\"@id\":\"https:\\\/\\\/familienzentrum-st-elisabeth.info\\\/#\\\/schema\\\/logo\\\/image\\\/\"}}]}<\/script>\n<!-- \/ Yoast SEO plugin. -->","yoast_head_json":{"title":"Altershomogenit\u00e4t - Familienzentrum St. Elisabeth","robots":{"index":"index","follow":"follow","max-snippet":"max-snippet:-1","max-image-preview":"max-image-preview:large","max-video-preview":"max-video-preview:-1"},"canonical":"https:\/\/familienzentrum-st-elisabeth.info\/?page_id=246","og_locale":"de_DE","og_type":"article","og_title":"Altershomogenit\u00e4t - Familienzentrum St. Elisabeth","og_description":"Das Familienzentrum St. Elisabeth umfasst vier altershomogene Stammgruppen in denen die Kinder betreut werden. In der Regel werden Kinder aus mindestens zwei Einschulungsjahrg\u00e4ngen in einem Zimmer zusammengelegt. Folgende Aufteilung gibt es daf\u00fcr in unserer Einrichtung: \u00a0 Gr\u00fcne Gruppe:\u00a0 0 &#8211; 3 Jahre Blaue Gruppe: 2 &#8211; 4 Jahre Gelbe Gruppe: 3 &#8211; 5 Jahre Rote Read More","og_url":"https:\/\/familienzentrum-st-elisabeth.info\/?page_id=246","og_site_name":"Familienzentrum St. Elisabeth","article_modified_time":"2024-07-01T13:09:20+00:00","twitter_card":"summary_large_image","twitter_misc":{"Gesch\u00e4tzte Lesezeit":"1\u00a0Minute"},"schema":{"@context":"https:\/\/schema.org","@graph":[{"@type":"WebPage","@id":"https:\/\/familienzentrum-st-elisabeth.info\/?page_id=246","url":"https:\/\/familienzentrum-st-elisabeth.info\/?page_id=246","name":"Altershomogenit\u00e4t - Familienzentrum St. Elisabeth","isPartOf":{"@id":"https:\/\/familienzentrum-st-elisabeth.info\/#website"},"datePublished":"2023-08-16T12:07:10+00:00","dateModified":"2024-07-01T13:09:20+00:00","breadcrumb":{"@id":"https:\/\/familienzentrum-st-elisabeth.info\/?page_id=246#breadcrumb"},"inLanguage":"de","potentialAction":[{"@type":"ReadAction","target":["https:\/\/familienzentrum-st-elisabeth.info\/?page_id=246"]}]},{"@type":"BreadcrumbList","@id":"https:\/\/familienzentrum-st-elisabeth.info\/?page_id=246#breadcrumb","itemListElement":[{"@type":"ListItem","position":1,"name":"Startseite","item":"https:\/\/familienzentrum-st-elisabeth.info\/"},{"@type":"ListItem","position":2,"name":"Altershomogenit\u00e4t"}]},{"@type":"WebSite","@id":"https:\/\/familienzentrum-st-elisabeth.info\/#website","url":"https:\/\/familienzentrum-st-elisabeth.info\/","name":"Familienzentrum St. Elisabeth","description":"Stadtlohn","publisher":{"@id":"https:\/\/familienzentrum-st-elisabeth.info\/#organization"},"potentialAction":[{"@type":"SearchAction","target":{"@type":"EntryPoint","urlTemplate":"https:\/\/familienzentrum-st-elisabeth.info\/?s={search_term_string}"},"query-input":{"@type":"PropertyValueSpecification","valueRequired":true,"valueName":"search_term_string"}}],"inLanguage":"de"},{"@type":"Organization","@id":"https:\/\/familienzentrum-st-elisabeth.info\/#organization","name":"Familienzentrum St. Elisabeth","url":"https:\/\/familienzentrum-st-elisabeth.info\/","logo":{"@type":"ImageObject","inLanguage":"de","@id":"https:\/\/familienzentrum-st-elisabeth.info\/#\/schema\/logo\/image\/","url":"https:\/\/familienzentrum-st-elisabeth.info\/wp-content\/uploads\/2022\/11\/cropped-image008-1-e1669193012284.png","contentUrl":"https:\/\/familienzentrum-st-elisabeth.info\/wp-content\/uploads\/2022\/11\/cropped-image008-1-e1669193012284.png","width":100,"height":100,"caption":"Familienzentrum St. Elisabeth"},"image":{"@id":"https:\/\/familienzentrum-st-elisabeth.info\/#\/schema\/logo\/image\/"}}]}},"_links":{"self":[{"href":"https:\/\/familienzentrum-st-elisabeth.info\/index.php?rest_route=\/wp\/v2\/pages\/246","targetHints":{"allow":["GET"]}}],"collection":[{"href":"https:\/\/familienzentrum-st-elisabeth.info\/index.php?rest_route=\/wp\/v2\/pages"}],"about":[{"href":"https:\/\/familienzentrum-st-elisabeth.info\/index.php?rest_route=\/wp\/v2\/types\/page"}],"author":[{"embeddable":true,"href":"https:\/\/familienzentrum-st-elisabeth.info\/index.php?rest_route=\/wp\/v2\/users\/2"}],"replies":[{"embeddable":true,"href":"https:\/\/familienzentrum-st-elisabeth.info\/index.php?rest_route=%2Fwp%2Fv2%2Fcomments&post=246"}],"version-history":[{"count":10,"href":"https:\/\/familienzentrum-st-elisabeth.info\/index.php?rest_route=\/wp\/v2\/pages\/246\/revisions"}],"predecessor-version":[{"id":754,"href":"https:\/\/familienzentrum-st-elisabeth.info\/index.php?rest_route=\/wp\/v2\/pages\/246\/revisions\/754"}],"wp:attachment":[{"href":"https:\/\/familienzentrum-st-elisabeth.info\/index.php?rest_route=%2Fwp%2Fv2%2Fmedia&parent=246"}],"curies":[{"name":"wp","href":"https:\/\/api.w.org\/{rel}","templated":true}]}}