{"id":23,"date":"2022-11-23T10:03:13","date_gmt":"2022-11-23T09:03:13","guid":{"rendered":"http:\/\/wordpress-elisabeth.p604061.webspaceconfig.de\/?page_id=23"},"modified":"2026-05-05T10:10:16","modified_gmt":"2026-05-05T08:10:16","slug":"startseite","status":"publish","type":"page","link":"https:\/\/familienzentrum-st-elisabeth.info\/","title":{"rendered":"Startseite"},"content":{"rendered":"\n<figure class=\"wp-block-image\"><img loading=\"lazy\" decoding=\"async\" width=\"4564\" height=\"1538\" src=\"http:\/\/wordpress-elisabeth.p604061.webspaceconfig.de\/wp-content\/uploads\/2023\/09\/Kita_Webseite_neu.png\" alt=\"\" class=\"wp-image-421\" srcset=\"https:\/\/familienzentrum-st-elisabeth.info\/wp-content\/uploads\/2023\/09\/Kita_Webseite_neu.png 4564w, https:\/\/familienzentrum-st-elisabeth.info\/wp-content\/uploads\/2023\/09\/Kita_Webseite_neu-300x101.png 300w, https:\/\/familienzentrum-st-elisabeth.info\/wp-content\/uploads\/2023\/09\/Kita_Webseite_neu-1024x345.png 1024w, https:\/\/familienzentrum-st-elisabeth.info\/wp-content\/uploads\/2023\/09\/Kita_Webseite_neu-768x259.png 768w, https:\/\/familienzentrum-st-elisabeth.info\/wp-content\/uploads\/2023\/09\/Kita_Webseite_neu-1536x518.png 1536w, https:\/\/familienzentrum-st-elisabeth.info\/wp-content\/uploads\/2023\/09\/Kita_Webseite_neu-2048x690.png 2048w\" sizes=\"auto, (max-width: 4564px) 100vw, 4564px\" \/><\/figure>\n\n\n\n<p><\/p>\n\n\n\n<h2 class=\"wp-block-heading has-text-align-center\"><strong>\u201eSage es mir \u2013 und ich werde es vergessen,&nbsp;<\/strong><\/h2>\n\n\n\n<h2 class=\"wp-block-heading has-text-align-center\"><strong>zeige es mir \u2013 und ich werde es vielleicht behalten,&nbsp;<\/strong><\/h2>\n\n\n\n<h2 class=\"wp-block-heading has-text-align-center\"><strong>lass es mich tun \u2013 und ich werde es k\u00f6nnen.\u201c&nbsp;<\/strong><\/h2>\n\n\n\n<h3 class=\"wp-block-heading has-text-align-center\"><em>(Konfuzius)&nbsp;<\/em>&nbsp;<\/h3>\n\n\n\n<h3>Liebe Eltern,&nbsp;&nbsp;<\/h3>\n\n\n\n<p>wir m\u00f6chten Ihnen mit unserer Homepage einen ersten Eindruck von unserer Einrichtung und unserer t\u00e4glichen Arbeit erm\u00f6glichen. Wir laden Sie deshalb dazu ein, sich auf den folgenden Seiten \u00fcber unsere Arbeit und unser Konzept zu informieren.&nbsp;<\/p>\n\n\n\n<p>Selbstverst\u00e4ndlich haben Sie auch jederzeit die M\u00f6glichkeit, sich vor Ort ein eigenes Bild von unserer Arbeit zu machen. Wir freuen uns auf Ihre Kontaktaufnahme!&nbsp;&nbsp;<\/p>\n\n\n\n<p>Freundliche Gr\u00fc\u00dfe&nbsp;&nbsp;<\/p>\n\n\n\n<h5 class=\"wp-block-heading\">Greta Schr\u00f6der<br><br><em>-Einrichtungsleitung-\u00a0<\/em>\u00a0<\/h5>\n\n\n\n<p><\/p>\n\n\n\n<p><\/p>\n\n\n\n<div class=\"wp-block-columns is-layout-flex wp-container-core-columns-is-layout-9d6595d7 wp-block-columns-is-layout-flex\">\n<div class=\"wp-block-column is-layout-flow wp-block-column-is-layout-flow\" style=\"flex-basis:33.33%\"><\/div>\n\n\n\n<div class=\"wp-block-column is-layout-flow wp-block-column-is-layout-flow\" style=\"flex-basis:33.34%\">\n<h2><a href=\"https:\/\/familienzentrum-st-elisabeth.info\/wp-content\/uploads\/2025\/03\/Konzept-St.Elisabeth-Kindergarten.pdf\" target=\"_blank\" rel=\"noopener\"><span style=\"color: #99cc00;\">Konzeption<\/span><\/a><\/h2>\n<\/div>\n\n\n\n<div class=\"wp-block-column is-layout-flow wp-block-column-is-layout-flow\" style=\"flex-basis:33.34%\">\n<h2><a href=\"https:\/\/familienzentrum-st-elisabeth.info\/wp-content\/uploads\/2025\/03\/Schutzkonzept-St.Elisabeth-Kindergarten.pdf\" target=\"_blank\" rel=\"noopener\"><span style=\"color: #99cc00;\">Schutzkonzept<\/span><\/a><\/h2>\n<\/div>\n<\/div>\n\n\n\n<p><\/p>\n\n\n\n<div class=\"wp-block-group is-layout-constrained wp-block-group-is-layout-constrained\">\n<h1 class=\"wp-block-heading\"><em><a href=\"https:\/\/www.instagram.com\/kitas_st_otger\/\">Folgt uns jetzt auch auf Instagram !<\/a><\/em><\/h1>\n\n\n\n<div class=\"wp-block-columns is-layout-flex wp-container-core-columns-is-layout-9d6595d7 wp-block-columns-is-layout-flex\">\n<div class=\"wp-block-column is-layout-flow wp-block-column-is-layout-flow\">\n<figure class=\"wp-block-image size-medium\"><img loading=\"lazy\" decoding=\"async\" width=\"261\" height=\"300\" src=\"https:\/\/familienzentrum-st-elisabeth.info\/wp-content\/uploads\/2024\/08\/Instagram-QR-Kitas-St-Otger-261x300.png\" alt=\"\" class=\"wp-image-802\" srcset=\"https:\/\/familienzentrum-st-elisabeth.info\/wp-content\/uploads\/2024\/08\/Instagram-QR-Kitas-St-Otger-261x300.png 261w, https:\/\/familienzentrum-st-elisabeth.info\/wp-content\/uploads\/2024\/08\/Instagram-QR-Kitas-St-Otger.png 660w\" sizes=\"auto, (max-width: 261px) 100vw, 261px\" \/><\/figure>\n<\/div>\n\n\n\n<div class=\"wp-block-column is-layout-flow wp-block-column-is-layout-flow\">\n<figure class=\"wp-block-image size-full\"><img loading=\"lazy\" decoding=\"async\" width=\"720\" height=\"526\" src=\"https:\/\/familienzentrum-st-elisabeth.info\/wp-content\/uploads\/2024\/08\/Instagram-Kitas-St-Otger.png.jpg\" alt=\"\" class=\"wp-image-804\" srcset=\"https:\/\/familienzentrum-st-elisabeth.info\/wp-content\/uploads\/2024\/08\/Instagram-Kitas-St-Otger.png.jpg 720w, https:\/\/familienzentrum-st-elisabeth.info\/wp-content\/uploads\/2024\/08\/Instagram-Kitas-St-Otger.png-300x219.jpg 300w\" sizes=\"auto, (max-width: 720px) 100vw, 720px\" \/><\/figure>\n<\/div>\n\n\n\n<div class=\"wp-block-column is-layout-flow wp-block-column-is-layout-flow\"><\/div>\n<\/div>\n<\/div>\n","protected":false},"excerpt":{"rendered":"<p>\u201eSage es mir \u2013 und ich werde es vergessen,&nbsp; zeige es mir \u2013 und ich werde es vielleicht behalten,&nbsp; lass es mich tun \u2013 und ich werde es k\u00f6nnen.\u201c&nbsp; (Konfuzius)&nbsp;&nbsp; Liebe Eltern,&nbsp;&nbsp; wir m\u00f6chten Ihnen mit unserer Homepage einen ersten Eindruck von unserer Einrichtung und unserer t\u00e4glichen Arbeit erm\u00f6glichen. Wir laden Sie deshalb dazu ein, <a class=\"read-more\" href=\"https:\/\/familienzentrum-st-elisabeth.info\/\">Read More<\/a><\/p>\n","protected":false},"author":1,"featured_media":0,"parent":0,"menu_order":0,"comment_status":"closed","ping_status":"closed","template":"template-full-width.php","meta":{"footnotes":""},"class_list":["post-23","page","type-page","status-publish","hentry"],"yoast_head":"<!-- This site is optimized with the Yoast SEO plugin v27.5 - https:\/\/yoast.com\/product\/yoast-seo-wordpress\/ -->\n<title>Startseite - Familienzentrum St. Elisabeth<\/title>\n<meta name=\"robots\" content=\"index, follow, max-snippet:-1, max-image-preview:large, max-video-preview:-1\" \/>\n<link rel=\"canonical\" href=\"https:\/\/familienzentrum-st-elisabeth.info\/\" \/>\n<meta property=\"og:locale\" content=\"de_DE\" \/>\n<meta property=\"og:type\" content=\"article\" \/>\n<meta property=\"og:title\" content=\"Startseite - Familienzentrum St. Elisabeth\" \/>\n<meta property=\"og:description\" content=\"\u201eSage es mir \u2013 und ich werde es vergessen,&nbsp; zeige es mir \u2013 und ich werde es vielleicht behalten,&nbsp; lass es mich tun \u2013 und ich werde es k\u00f6nnen.\u201c&nbsp; (Konfuzius)&nbsp;&nbsp; Liebe Eltern,&nbsp;&nbsp; wir m\u00f6chten Ihnen mit unserer Homepage einen ersten Eindruck von unserer Einrichtung und unserer t\u00e4glichen Arbeit erm\u00f6glichen. Wir laden Sie deshalb dazu ein, Read More\" \/>\n<meta property=\"og:url\" content=\"https:\/\/familienzentrum-st-elisabeth.info\/\" \/>\n<meta property=\"og:site_name\" content=\"Familienzentrum St. Elisabeth\" \/>\n<meta property=\"article:modified_time\" content=\"2026-05-05T08:10:16+00:00\" \/>\n<meta property=\"og:image\" content=\"https:\/\/familienzentrum-st-elisabeth.info\/wp-content\/uploads\/2023\/09\/Kita_Webseite_neu-1024x345.png\" \/>\n\t<meta property=\"og:image:width\" content=\"1024\" \/>\n\t<meta property=\"og:image:height\" content=\"345\" \/>\n\t<meta property=\"og:image:type\" content=\"image\/png\" \/>\n<meta name=\"twitter:card\" content=\"summary_large_image\" \/>\n<meta name=\"twitter:label1\" content=\"Gesch\u00e4tzte Lesezeit\" \/>\n\t<meta name=\"twitter:data1\" content=\"2\u00a0Minuten\" \/>\n<script type=\"application\/ld+json\" class=\"yoast-schema-graph\">{\"@context\":\"https:\\\/\\\/schema.org\",\"@graph\":[{\"@type\":\"WebPage\",\"@id\":\"https:\\\/\\\/familienzentrum-st-elisabeth.info\\\/\",\"url\":\"https:\\\/\\\/familienzentrum-st-elisabeth.info\\\/\",\"name\":\"Startseite - Familienzentrum St. Elisabeth\",\"isPartOf\":{\"@id\":\"https:\\\/\\\/familienzentrum-st-elisabeth.info\\\/#website\"},\"primaryImageOfPage\":{\"@id\":\"https:\\\/\\\/familienzentrum-st-elisabeth.info\\\/#primaryimage\"},\"image\":{\"@id\":\"https:\\\/\\\/familienzentrum-st-elisabeth.info\\\/#primaryimage\"},\"thumbnailUrl\":\"http:\\\/\\\/wordpress-elisabeth.p604061.webspaceconfig.de\\\/wp-content\\\/uploads\\\/2023\\\/09\\\/Kita_Webseite_neu.png\",\"datePublished\":\"2022-11-23T09:03:13+00:00\",\"dateModified\":\"2026-05-05T08:10:16+00:00\",\"breadcrumb\":{\"@id\":\"https:\\\/\\\/familienzentrum-st-elisabeth.info\\\/#breadcrumb\"},\"inLanguage\":\"de\",\"potentialAction\":[{\"@type\":\"ReadAction\",\"target\":[\"https:\\\/\\\/familienzentrum-st-elisabeth.info\\\/\"]}]},{\"@type\":\"ImageObject\",\"inLanguage\":\"de\",\"@id\":\"https:\\\/\\\/familienzentrum-st-elisabeth.info\\\/#primaryimage\",\"url\":\"http:\\\/\\\/wordpress-elisabeth.p604061.webspaceconfig.de\\\/wp-content\\\/uploads\\\/2023\\\/09\\\/Kita_Webseite_neu.png\",\"contentUrl\":\"http:\\\/\\\/wordpress-elisabeth.p604061.webspaceconfig.de\\\/wp-content\\\/uploads\\\/2023\\\/09\\\/Kita_Webseite_neu.png\"},{\"@type\":\"BreadcrumbList\",\"@id\":\"https:\\\/\\\/familienzentrum-st-elisabeth.info\\\/#breadcrumb\",\"itemListElement\":[{\"@type\":\"ListItem\",\"position\":1,\"name\":\"Startseite\",\"item\":\"https:\\\/\\\/familienzentrum-st-elisabeth.info\\\/\"},{\"@type\":\"ListItem\",\"position\":2,\"name\":\"Startseite\"}]},{\"@type\":\"WebSite\",\"@id\":\"https:\\\/\\\/familienzentrum-st-elisabeth.info\\\/#website\",\"url\":\"https:\\\/\\\/familienzentrum-st-elisabeth.info\\\/\",\"name\":\"Familienzentrum St. Elisabeth\",\"description\":\"Stadtlohn\",\"publisher\":{\"@id\":\"https:\\\/\\\/familienzentrum-st-elisabeth.info\\\/#organization\"},\"potentialAction\":[{\"@type\":\"SearchAction\",\"target\":{\"@type\":\"EntryPoint\",\"urlTemplate\":\"https:\\\/\\\/familienzentrum-st-elisabeth.info\\\/?s={search_term_string}\"},\"query-input\":{\"@type\":\"PropertyValueSpecification\",\"valueRequired\":true,\"valueName\":\"search_term_string\"}}],\"inLanguage\":\"de\"},{\"@type\":\"Organization\",\"@id\":\"https:\\\/\\\/familienzentrum-st-elisabeth.info\\\/#organization\",\"name\":\"Familienzentrum St. Elisabeth\",\"url\":\"https:\\\/\\\/familienzentrum-st-elisabeth.info\\\/\",\"logo\":{\"@type\":\"ImageObject\",\"inLanguage\":\"de\",\"@id\":\"https:\\\/\\\/familienzentrum-st-elisabeth.info\\\/#\\\/schema\\\/logo\\\/image\\\/\",\"url\":\"https:\\\/\\\/familienzentrum-st-elisabeth.info\\\/wp-content\\\/uploads\\\/2022\\\/11\\\/cropped-image008-1-e1669193012284.png\",\"contentUrl\":\"https:\\\/\\\/familienzentrum-st-elisabeth.info\\\/wp-content\\\/uploads\\\/2022\\\/11\\\/cropped-image008-1-e1669193012284.png\",\"width\":100,\"height\":100,\"caption\":\"Familienzentrum St. Elisabeth\"},\"image\":{\"@id\":\"https:\\\/\\\/familienzentrum-st-elisabeth.info\\\/#\\\/schema\\\/logo\\\/image\\\/\"}}]}<\/script>\n<!-- \/ Yoast SEO plugin. -->","yoast_head_json":{"title":"Startseite - Familienzentrum St. Elisabeth","robots":{"index":"index","follow":"follow","max-snippet":"max-snippet:-1","max-image-preview":"max-image-preview:large","max-video-preview":"max-video-preview:-1"},"canonical":"https:\/\/familienzentrum-st-elisabeth.info\/","og_locale":"de_DE","og_type":"article","og_title":"Startseite - Familienzentrum St. Elisabeth","og_description":"\u201eSage es mir \u2013 und ich werde es vergessen,&nbsp; zeige es mir \u2013 und ich werde es vielleicht behalten,&nbsp; lass es mich tun \u2013 und ich werde es k\u00f6nnen.\u201c&nbsp; (Konfuzius)&nbsp;&nbsp; Liebe Eltern,&nbsp;&nbsp; wir m\u00f6chten Ihnen mit unserer Homepage einen ersten Eindruck von unserer Einrichtung und unserer t\u00e4glichen Arbeit erm\u00f6glichen. Wir laden Sie deshalb dazu ein, Read More","og_url":"https:\/\/familienzentrum-st-elisabeth.info\/","og_site_name":"Familienzentrum St. Elisabeth","article_modified_time":"2026-05-05T08:10:16+00:00","og_image":[{"width":1024,"height":345,"url":"https:\/\/familienzentrum-st-elisabeth.info\/wp-content\/uploads\/2023\/09\/Kita_Webseite_neu-1024x345.png","type":"image\/png"}],"twitter_card":"summary_large_image","twitter_misc":{"Gesch\u00e4tzte Lesezeit":"2\u00a0Minuten"},"schema":{"@context":"https:\/\/schema.org","@graph":[{"@type":"WebPage","@id":"https:\/\/familienzentrum-st-elisabeth.info\/","url":"https:\/\/familienzentrum-st-elisabeth.info\/","name":"Startseite - Familienzentrum St. Elisabeth","isPartOf":{"@id":"https:\/\/familienzentrum-st-elisabeth.info\/#website"},"primaryImageOfPage":{"@id":"https:\/\/familienzentrum-st-elisabeth.info\/#primaryimage"},"image":{"@id":"https:\/\/familienzentrum-st-elisabeth.info\/#primaryimage"},"thumbnailUrl":"http:\/\/wordpress-elisabeth.p604061.webspaceconfig.de\/wp-content\/uploads\/2023\/09\/Kita_Webseite_neu.png","datePublished":"2022-11-23T09:03:13+00:00","dateModified":"2026-05-05T08:10:16+00:00","breadcrumb":{"@id":"https:\/\/familienzentrum-st-elisabeth.info\/#breadcrumb"},"inLanguage":"de","potentialAction":[{"@type":"ReadAction","target":["https:\/\/familienzentrum-st-elisabeth.info\/"]}]},{"@type":"ImageObject","inLanguage":"de","@id":"https:\/\/familienzentrum-st-elisabeth.info\/#primaryimage","url":"http:\/\/wordpress-elisabeth.p604061.webspaceconfig.de\/wp-content\/uploads\/2023\/09\/Kita_Webseite_neu.png","contentUrl":"http:\/\/wordpress-elisabeth.p604061.webspaceconfig.de\/wp-content\/uploads\/2023\/09\/Kita_Webseite_neu.png"},{"@type":"BreadcrumbList","@id":"https:\/\/familienzentrum-st-elisabeth.info\/#breadcrumb","itemListElement":[{"@type":"ListItem","position":1,"name":"Startseite","item":"https:\/\/familienzentrum-st-elisabeth.info\/"},{"@type":"ListItem","position":2,"name":"Startseite"}]},{"@type":"WebSite","@id":"https:\/\/familienzentrum-st-elisabeth.info\/#website","url":"https:\/\/familienzentrum-st-elisabeth.info\/","name":"Familienzentrum St. Elisabeth","description":"Stadtlohn","publisher":{"@id":"https:\/\/familienzentrum-st-elisabeth.info\/#organization"},"potentialAction":[{"@type":"SearchAction","target":{"@type":"EntryPoint","urlTemplate":"https:\/\/familienzentrum-st-elisabeth.info\/?s={search_term_string}"},"query-input":{"@type":"PropertyValueSpecification","valueRequired":true,"valueName":"search_term_string"}}],"inLanguage":"de"},{"@type":"Organization","@id":"https:\/\/familienzentrum-st-elisabeth.info\/#organization","name":"Familienzentrum St. Elisabeth","url":"https:\/\/familienzentrum-st-elisabeth.info\/","logo":{"@type":"ImageObject","inLanguage":"de","@id":"https:\/\/familienzentrum-st-elisabeth.info\/#\/schema\/logo\/image\/","url":"https:\/\/familienzentrum-st-elisabeth.info\/wp-content\/uploads\/2022\/11\/cropped-image008-1-e1669193012284.png","contentUrl":"https:\/\/familienzentrum-st-elisabeth.info\/wp-content\/uploads\/2022\/11\/cropped-image008-1-e1669193012284.png","width":100,"height":100,"caption":"Familienzentrum St. Elisabeth"},"image":{"@id":"https:\/\/familienzentrum-st-elisabeth.info\/#\/schema\/logo\/image\/"}}]}},"_links":{"self":[{"href":"https:\/\/familienzentrum-st-elisabeth.info\/index.php?rest_route=\/wp\/v2\/pages\/23","targetHints":{"allow":["GET"]}}],"collection":[{"href":"https:\/\/familienzentrum-st-elisabeth.info\/index.php?rest_route=\/wp\/v2\/pages"}],"about":[{"href":"https:\/\/familienzentrum-st-elisabeth.info\/index.php?rest_route=\/wp\/v2\/types\/page"}],"author":[{"embeddable":true,"href":"https:\/\/familienzentrum-st-elisabeth.info\/index.php?rest_route=\/wp\/v2\/users\/1"}],"replies":[{"embeddable":true,"href":"https:\/\/familienzentrum-st-elisabeth.info\/index.php?rest_route=%2Fwp%2Fv2%2Fcomments&post=23"}],"version-history":[{"count":55,"href":"https:\/\/familienzentrum-st-elisabeth.info\/index.php?rest_route=\/wp\/v2\/pages\/23\/revisions"}],"predecessor-version":[{"id":1006,"href":"https:\/\/familienzentrum-st-elisabeth.info\/index.php?rest_route=\/wp\/v2\/pages\/23\/revisions\/1006"}],"wp:attachment":[{"href":"https:\/\/familienzentrum-st-elisabeth.info\/index.php?rest_route=%2Fwp%2Fv2%2Fmedia&parent=23"}],"curies":[{"name":"wp","href":"https:\/\/api.w.org\/{rel}","templated":true}]}}