{"id":145,"date":"2023-01-09T13:46:48","date_gmt":"2023-01-09T12:46:48","guid":{"rendered":"http:\/\/wordpress-elisabeth.p604061.webspaceconfig.de\/?page_id=145"},"modified":"2024-07-03T08:16:35","modified_gmt":"2024-07-03T06:16:35","slug":"schulvorbereitung","status":"publish","type":"page","link":"https:\/\/familienzentrum-st-elisabeth.info\/?page_id=145","title":{"rendered":"Schulvorbereitung"},"content":{"rendered":"<div class=\"n2-section-smartslider fitvidsignore  n2_clear\" data-ssid=\"21\"><div id=\"n2-ss-21-align\" class=\"n2-ss-align\"><div class=\"n2-padding\"><div id=\"n2-ss-21\" data-creator=\"Smart Slider 3\" data-responsive=\"auto\" class=\"n2-ss-slider n2-ow n2-has-hover n2notransition  \"><div class=\"n2-ss-slider-wrapper-inside\">\n        <div class=\"n2-ss-slider-1 n2_ss__touch_element n2-ow\">\n            <div class=\"n2-ss-slider-2 n2-ow\">\n                                                <div class=\"n2-ss-slider-3 n2-ow\">\n\n                    <div class=\"n2-ss-slide-backgrounds n2-ow-all\"><div class=\"n2-ss-slide-background\" data-public-id=\"1\" data-mode=\"fill\" aria-hidden=\"true\"><div class=\"n2-ss-slide-background-image\" data-blur=\"0\" data-opacity=\"100\" data-x=\"54\" data-y=\"72\" data-alt=\"\" data-title=\"\" style=\"--ss-o-pos-x:54%;--ss-o-pos-y:72%\"><picture class=\"skip-lazy\" data-skip-lazy=\"1\"><img decoding=\"async\" src=\"\/\/familienzentrum-st-elisabeth.info\/wp-content\/uploads\/2023\/08\/Schulvorbereitung-2-scaled.jpg\" alt=\"\" title=\"\" loading=\"lazy\" class=\"skip-lazy\" data-skip-lazy=\"1\"><\/picture><\/div><div data-color=\"RGBA(255,255,255,0)\" style=\"background-color: RGBA(255,255,255,0);\" class=\"n2-ss-slide-background-color\"><\/div><\/div><div class=\"n2-ss-slide-background\" data-public-id=\"2\" data-mode=\"fill\"><div class=\"n2-ss-slide-background-image\" data-blur=\"0\" data-opacity=\"100\" data-x=\"63\" data-y=\"70\" data-alt=\"\" data-title=\"\" style=\"--ss-o-pos-x:63%;--ss-o-pos-y:70%\"><picture class=\"skip-lazy\" data-skip-lazy=\"1\"><img decoding=\"async\" src=\"\/\/familienzentrum-st-elisabeth.info\/wp-content\/uploads\/2023\/08\/Schulvorbereitung-scaled.jpg\" alt=\"\" title=\"\" loading=\"lazy\" class=\"skip-lazy\" data-skip-lazy=\"1\"><\/picture><\/div><div data-color=\"RGBA(255,255,255,0)\" style=\"background-color: RGBA(255,255,255,0);\" class=\"n2-ss-slide-background-color\"><\/div><\/div><\/div>                    <div class=\"n2-ss-slider-4 n2-ow\">\n                        <svg xmlns=\"http:\/\/www.w3.org\/2000\/svg\" viewBox=\"0 0 1200 400\" data-related-device=\"desktopPortrait\" class=\"n2-ow n2-ss-preserve-size n2-ss-preserve-size--slider n2-ss-slide-limiter\"><\/svg><div data-slide-duration=\"0\" data-id=\"133\" data-slide-public-id=\"1\" aria-hidden=\"true\" data-title=\"Schulvorbereitung 2\" class=\"n2-ss-slide n2-ow  n2-ss-slide-133\"><div role=\"note\" class=\"n2-ss-slide--focus\" tabindex=\"-1\">Schulvorbereitung 2<\/div><div class=\"n2-ss-layers-container n2-ss-slide-limiter n2-ow\"><div class=\"n2-ss-layer n2-ow n-uc-8O7oYAnE5GNx\" data-sstype=\"slide\" data-pm=\"default\"><\/div><\/div><\/div><div data-first=\"1\" data-slide-duration=\"0\" data-id=\"134\" data-slide-public-id=\"2\" data-title=\"Schulvorbereitung\" class=\"n2-ss-slide n2-ow  n2-ss-slide-134\"><div role=\"note\" class=\"n2-ss-slide--focus\" tabindex=\"-1\">Schulvorbereitung<\/div><div class=\"n2-ss-layers-container n2-ss-slide-limiter n2-ow\"><div class=\"n2-ss-layer n2-ow n-uc-ktOSHC43PtOk\" data-sstype=\"slide\" data-pm=\"default\"><\/div><\/div><\/div>                    <\/div>\n\n                                    <\/div>\n            <\/div>\n        <\/div>\n        <div class=\"n2-ss-slider-controls n2-ss-slider-controls-absolute-left-center\"><div style=\"--widget-offset:15px;\" class=\"n2-ss-widget nextend-arrow n2-ow-all nextend-arrow-previous  nextend-arrow-animated-fade\" data-hide-mobileportrait=\"1\" id=\"n2-ss-21-arrow-previous\" role=\"button\" aria-label=\"previous arrow\" tabindex=\"0\"><img loading=\"lazy\" decoding=\"async\" width=\"32\" height=\"32\" class=\"skip-lazy\" data-skip-lazy=\"1\" src=\"data:image\/svg+xml;base64,PHN2ZyB3aWR0aD0iMzIiIGhlaWdodD0iMzIiIHZpZXdCb3g9IjAgMCAzMiAzMiIgeG1sbnM9Imh0dHA6Ly93d3cudzMub3JnLzIwMDAvc3ZnIj4KICAgIDxwYXRoIGQ9Ik0xMS40MzMgMTUuOTkyTDIyLjY5IDUuNzEyYy4zOTMtLjM5LjM5My0xLjAzIDAtMS40Mi0uMzkzLS4zOS0xLjAzLS4zOS0xLjQyMyAwbC0xMS45OCAxMC45NGMtLjIxLjIxLS4zLjQ5LS4yODUuNzYtLjAxNS4yOC4wNzUuNTYuMjg0Ljc3bDExLjk4IDEwLjk0Yy4zOTMuMzkgMS4wMy4zOSAxLjQyNCAwIC4zOTMtLjQuMzkzLTEuMDMgMC0xLjQybC0xMS4yNTctMTAuMjkiCiAgICAgICAgICBmaWxsPSIjZmZmZmZmIiBvcGFjaXR5PSIwLjgiIGZpbGwtcnVsZT0iZXZlbm9kZCIvPgo8L3N2Zz4=\" alt=\"previous arrow\"><\/div><\/div><div class=\"n2-ss-slider-controls n2-ss-slider-controls-absolute-right-center\"><div style=\"--widget-offset:15px;\" class=\"n2-ss-widget nextend-arrow n2-ow-all nextend-arrow-next  nextend-arrow-animated-fade\" data-hide-mobileportrait=\"1\" id=\"n2-ss-21-arrow-next\" role=\"button\" aria-label=\"next arrow\" tabindex=\"0\"><img loading=\"lazy\" decoding=\"async\" width=\"32\" height=\"32\" class=\"skip-lazy\" data-skip-lazy=\"1\" src=\"data:image\/svg+xml;base64,PHN2ZyB3aWR0aD0iMzIiIGhlaWdodD0iMzIiIHZpZXdCb3g9IjAgMCAzMiAzMiIgeG1sbnM9Imh0dHA6Ly93d3cudzMub3JnLzIwMDAvc3ZnIj4KICAgIDxwYXRoIGQ9Ik0xMC43MjIgNC4yOTNjLS4zOTQtLjM5LTEuMDMyLS4zOS0xLjQyNyAwLS4zOTMuMzktLjM5MyAxLjAzIDAgMS40MmwxMS4yODMgMTAuMjgtMTEuMjgzIDEwLjI5Yy0uMzkzLjM5LS4zOTMgMS4wMiAwIDEuNDIuMzk1LjM5IDEuMDMzLjM5IDEuNDI3IDBsMTIuMDA3LTEwLjk0Yy4yMS0uMjEuMy0uNDkuMjg0LS43Ny4wMTQtLjI3LS4wNzYtLjU1LS4yODYtLjc2TDEwLjcyIDQuMjkzeiIKICAgICAgICAgIGZpbGw9IiNmZmZmZmYiIG9wYWNpdHk9IjAuOCIgZmlsbC1ydWxlPSJldmVub2RkIi8+Cjwvc3ZnPg==\" alt=\"next arrow\"><\/div><\/div><\/div><\/div><ss3-loader><\/ss3-loader><\/div><\/div><div class=\"n2_clear\"><\/div><\/div>\n\n\n<p><\/p>\n\n\n\n<p>Die Vorbereitung auf die Schule beginnt bereits mit der Aufnahme des Kindes, im ersten Kindergartenjahr. Wir m\u00f6chten die Kinder emotional st\u00e4rken und sie bei Charakterentwicklungen unterst\u00fctzen. Dabei lehren wir den Kindern keine schulischen Inhalte<br>sondern versuchen aus ihnen selbstbewusste, selbstbestimmte und selbstsichere Kinder werden zu lassen (vgl. Ziele p\u00e4d. Arbeit)<\/p>\n\n\n\n<p><br>Die Gruppe der Vorschulkinder tr\u00e4gt bei uns den Namen \u201ePfiffikuskinder\u201c. Diese besuchen aufgrund der altershomogenen Gruppen alle gemeinsam die Rote Gruppe. In der Roten Gruppe werden Pfiffikuskinder gemeinsam mit Kindern die ein Jahr sp\u00e4ter eingeschult werden, betreut. Der prozentuale Anteil der Pfiffikuskinder an der Belegung imn der Roten Gruppe h\u00e4ngt dabei von der Gesamtbelegung der Einrichtung ab und variiert j\u00e4hrlich.<\/p>\n\n\n\n<p><br>Die Gruppe der Pfiffikuskinder \u00fcberlegt sich in geplanten Zusammenk\u00fcnften Aktionen, die sie in ihrem letzten Kindergartenjahr als Vorschulkinder erleben m\u00f6chten. Diese Aktionen werden dann, soweit dies m\u00f6glich ist, in den Alltag mit eingegliedert und im Laufe des<br>Kindergartenjahres umgesetzt. Zum festen Programm f\u00fcr die Vorschulkinder geh\u00f6ren BibFit (Bibliotheksf\u00fchrerschein in der B\u00fccherei in Stadtlohn), Verkehrserziehung durch die Polizei und das gemeinsame Schult\u00fctenbasteln, bei dem die Kinder \u00fcber einen l\u00e4ngeren Zeitraum Ideen entwickeln k\u00f6nnen und diese dann eigenst\u00e4ndig umsetzen. Ebenfalls zum festgelegten Programm geh\u00f6rt ein Abschiedsgottesdienst, an dem die Kinder gemeinsam mit den Eltern teilnehmen k\u00f6nnen und ein Abschiedsfest oder auch Pfiffikusabend genannt, den die p\u00e4dagogischen Fachkr\u00e4fte mit den Kindern gemeinsam erleben. <\/p>\n\n\n\n<p><br>Von den Grundschulen gibt es im Laufe des letzten Kindergartenjahres eine Einladung f\u00fcr einen Schnuppervormittag. Diesen Schnuppertag versuchen wir, solange dies m\u00f6glich ist, p\u00e4dagogisch zu begleiten. Begleitungen durch die Eltern sind aber auch jederzeit m\u00f6glich! <\/p>\n","protected":false},"excerpt":{"rendered":"<p>Die Vorbereitung auf die Schule beginnt bereits mit der Aufnahme des Kindes, im ersten Kindergartenjahr. Wir m\u00f6chten die Kinder emotional st\u00e4rken und sie bei Charakterentwicklungen unterst\u00fctzen. Dabei lehren wir den Kindern keine schulischen Inhaltesondern versuchen aus ihnen selbstbewusste, selbstbestimmte und selbstsichere Kinder werden zu lassen (vgl. Ziele p\u00e4d. Arbeit) Die Gruppe der Vorschulkinder tr\u00e4gt bei <a class=\"read-more\" href=\"https:\/\/familienzentrum-st-elisabeth.info\/?page_id=145\">Read More<\/a><\/p>\n","protected":false},"author":1,"featured_media":0,"parent":0,"menu_order":0,"comment_status":"closed","ping_status":"closed","template":"template-full-width.php","meta":{"footnotes":""},"class_list":["post-145","page","type-page","status-publish","hentry"],"yoast_head":"<!-- This site is optimized with the Yoast SEO plugin v27.4 - https:\/\/yoast.com\/product\/yoast-seo-wordpress\/ -->\n<title>Schulvorbereitung - Familienzentrum St. Elisabeth<\/title>\n<meta name=\"robots\" content=\"index, follow, max-snippet:-1, max-image-preview:large, max-video-preview:-1\" \/>\n<link rel=\"canonical\" href=\"https:\/\/familienzentrum-st-elisabeth.info\/?page_id=145\" \/>\n<meta property=\"og:locale\" content=\"de_DE\" \/>\n<meta property=\"og:type\" content=\"article\" \/>\n<meta property=\"og:title\" content=\"Schulvorbereitung - Familienzentrum St. Elisabeth\" \/>\n<meta property=\"og:description\" content=\"Die Vorbereitung auf die Schule beginnt bereits mit der Aufnahme des Kindes, im ersten Kindergartenjahr. Wir m\u00f6chten die Kinder emotional st\u00e4rken und sie bei Charakterentwicklungen unterst\u00fctzen. Dabei lehren wir den Kindern keine schulischen Inhaltesondern versuchen aus ihnen selbstbewusste, selbstbestimmte und selbstsichere Kinder werden zu lassen (vgl. Ziele p\u00e4d. Arbeit) Die Gruppe der Vorschulkinder tr\u00e4gt bei Read More\" \/>\n<meta property=\"og:url\" content=\"https:\/\/familienzentrum-st-elisabeth.info\/?page_id=145\" \/>\n<meta property=\"og:site_name\" content=\"Familienzentrum St. Elisabeth\" \/>\n<meta property=\"article:modified_time\" content=\"2024-07-03T06:16:35+00:00\" \/>\n<meta name=\"twitter:card\" content=\"summary_large_image\" \/>\n<meta name=\"twitter:label1\" content=\"Gesch\u00e4tzte Lesezeit\" \/>\n\t<meta name=\"twitter:data1\" content=\"2\u00a0Minuten\" \/>\n<script type=\"application\/ld+json\" class=\"yoast-schema-graph\">{\"@context\":\"https:\\\/\\\/schema.org\",\"@graph\":[{\"@type\":\"WebPage\",\"@id\":\"https:\\\/\\\/familienzentrum-st-elisabeth.info\\\/?page_id=145\",\"url\":\"https:\\\/\\\/familienzentrum-st-elisabeth.info\\\/?page_id=145\",\"name\":\"Schulvorbereitung - Familienzentrum St. Elisabeth\",\"isPartOf\":{\"@id\":\"https:\\\/\\\/familienzentrum-st-elisabeth.info\\\/#website\"},\"datePublished\":\"2023-01-09T12:46:48+00:00\",\"dateModified\":\"2024-07-03T06:16:35+00:00\",\"breadcrumb\":{\"@id\":\"https:\\\/\\\/familienzentrum-st-elisabeth.info\\\/?page_id=145#breadcrumb\"},\"inLanguage\":\"de\",\"potentialAction\":[{\"@type\":\"ReadAction\",\"target\":[\"https:\\\/\\\/familienzentrum-st-elisabeth.info\\\/?page_id=145\"]}]},{\"@type\":\"BreadcrumbList\",\"@id\":\"https:\\\/\\\/familienzentrum-st-elisabeth.info\\\/?page_id=145#breadcrumb\",\"itemListElement\":[{\"@type\":\"ListItem\",\"position\":1,\"name\":\"Startseite\",\"item\":\"https:\\\/\\\/familienzentrum-st-elisabeth.info\\\/\"},{\"@type\":\"ListItem\",\"position\":2,\"name\":\"Schulvorbereitung\"}]},{\"@type\":\"WebSite\",\"@id\":\"https:\\\/\\\/familienzentrum-st-elisabeth.info\\\/#website\",\"url\":\"https:\\\/\\\/familienzentrum-st-elisabeth.info\\\/\",\"name\":\"Familienzentrum St. Elisabeth\",\"description\":\"Stadtlohn\",\"publisher\":{\"@id\":\"https:\\\/\\\/familienzentrum-st-elisabeth.info\\\/#organization\"},\"potentialAction\":[{\"@type\":\"SearchAction\",\"target\":{\"@type\":\"EntryPoint\",\"urlTemplate\":\"https:\\\/\\\/familienzentrum-st-elisabeth.info\\\/?s={search_term_string}\"},\"query-input\":{\"@type\":\"PropertyValueSpecification\",\"valueRequired\":true,\"valueName\":\"search_term_string\"}}],\"inLanguage\":\"de\"},{\"@type\":\"Organization\",\"@id\":\"https:\\\/\\\/familienzentrum-st-elisabeth.info\\\/#organization\",\"name\":\"Familienzentrum St. Elisabeth\",\"url\":\"https:\\\/\\\/familienzentrum-st-elisabeth.info\\\/\",\"logo\":{\"@type\":\"ImageObject\",\"inLanguage\":\"de\",\"@id\":\"https:\\\/\\\/familienzentrum-st-elisabeth.info\\\/#\\\/schema\\\/logo\\\/image\\\/\",\"url\":\"https:\\\/\\\/familienzentrum-st-elisabeth.info\\\/wp-content\\\/uploads\\\/2022\\\/11\\\/cropped-image008-1-e1669193012284.png\",\"contentUrl\":\"https:\\\/\\\/familienzentrum-st-elisabeth.info\\\/wp-content\\\/uploads\\\/2022\\\/11\\\/cropped-image008-1-e1669193012284.png\",\"width\":100,\"height\":100,\"caption\":\"Familienzentrum St. Elisabeth\"},\"image\":{\"@id\":\"https:\\\/\\\/familienzentrum-st-elisabeth.info\\\/#\\\/schema\\\/logo\\\/image\\\/\"}}]}<\/script>\n<!-- \/ Yoast SEO plugin. -->","yoast_head_json":{"title":"Schulvorbereitung - Familienzentrum St. Elisabeth","robots":{"index":"index","follow":"follow","max-snippet":"max-snippet:-1","max-image-preview":"max-image-preview:large","max-video-preview":"max-video-preview:-1"},"canonical":"https:\/\/familienzentrum-st-elisabeth.info\/?page_id=145","og_locale":"de_DE","og_type":"article","og_title":"Schulvorbereitung - Familienzentrum St. Elisabeth","og_description":"Die Vorbereitung auf die Schule beginnt bereits mit der Aufnahme des Kindes, im ersten Kindergartenjahr. Wir m\u00f6chten die Kinder emotional st\u00e4rken und sie bei Charakterentwicklungen unterst\u00fctzen. Dabei lehren wir den Kindern keine schulischen Inhaltesondern versuchen aus ihnen selbstbewusste, selbstbestimmte und selbstsichere Kinder werden zu lassen (vgl. Ziele p\u00e4d. Arbeit) Die Gruppe der Vorschulkinder tr\u00e4gt bei Read More","og_url":"https:\/\/familienzentrum-st-elisabeth.info\/?page_id=145","og_site_name":"Familienzentrum St. Elisabeth","article_modified_time":"2024-07-03T06:16:35+00:00","twitter_card":"summary_large_image","twitter_misc":{"Gesch\u00e4tzte Lesezeit":"2\u00a0Minuten"},"schema":{"@context":"https:\/\/schema.org","@graph":[{"@type":"WebPage","@id":"https:\/\/familienzentrum-st-elisabeth.info\/?page_id=145","url":"https:\/\/familienzentrum-st-elisabeth.info\/?page_id=145","name":"Schulvorbereitung - Familienzentrum St. Elisabeth","isPartOf":{"@id":"https:\/\/familienzentrum-st-elisabeth.info\/#website"},"datePublished":"2023-01-09T12:46:48+00:00","dateModified":"2024-07-03T06:16:35+00:00","breadcrumb":{"@id":"https:\/\/familienzentrum-st-elisabeth.info\/?page_id=145#breadcrumb"},"inLanguage":"de","potentialAction":[{"@type":"ReadAction","target":["https:\/\/familienzentrum-st-elisabeth.info\/?page_id=145"]}]},{"@type":"BreadcrumbList","@id":"https:\/\/familienzentrum-st-elisabeth.info\/?page_id=145#breadcrumb","itemListElement":[{"@type":"ListItem","position":1,"name":"Startseite","item":"https:\/\/familienzentrum-st-elisabeth.info\/"},{"@type":"ListItem","position":2,"name":"Schulvorbereitung"}]},{"@type":"WebSite","@id":"https:\/\/familienzentrum-st-elisabeth.info\/#website","url":"https:\/\/familienzentrum-st-elisabeth.info\/","name":"Familienzentrum St. Elisabeth","description":"Stadtlohn","publisher":{"@id":"https:\/\/familienzentrum-st-elisabeth.info\/#organization"},"potentialAction":[{"@type":"SearchAction","target":{"@type":"EntryPoint","urlTemplate":"https:\/\/familienzentrum-st-elisabeth.info\/?s={search_term_string}"},"query-input":{"@type":"PropertyValueSpecification","valueRequired":true,"valueName":"search_term_string"}}],"inLanguage":"de"},{"@type":"Organization","@id":"https:\/\/familienzentrum-st-elisabeth.info\/#organization","name":"Familienzentrum St. Elisabeth","url":"https:\/\/familienzentrum-st-elisabeth.info\/","logo":{"@type":"ImageObject","inLanguage":"de","@id":"https:\/\/familienzentrum-st-elisabeth.info\/#\/schema\/logo\/image\/","url":"https:\/\/familienzentrum-st-elisabeth.info\/wp-content\/uploads\/2022\/11\/cropped-image008-1-e1669193012284.png","contentUrl":"https:\/\/familienzentrum-st-elisabeth.info\/wp-content\/uploads\/2022\/11\/cropped-image008-1-e1669193012284.png","width":100,"height":100,"caption":"Familienzentrum St. Elisabeth"},"image":{"@id":"https:\/\/familienzentrum-st-elisabeth.info\/#\/schema\/logo\/image\/"}}]}},"_links":{"self":[{"href":"https:\/\/familienzentrum-st-elisabeth.info\/index.php?rest_route=\/wp\/v2\/pages\/145","targetHints":{"allow":["GET"]}}],"collection":[{"href":"https:\/\/familienzentrum-st-elisabeth.info\/index.php?rest_route=\/wp\/v2\/pages"}],"about":[{"href":"https:\/\/familienzentrum-st-elisabeth.info\/index.php?rest_route=\/wp\/v2\/types\/page"}],"author":[{"embeddable":true,"href":"https:\/\/familienzentrum-st-elisabeth.info\/index.php?rest_route=\/wp\/v2\/users\/1"}],"replies":[{"embeddable":true,"href":"https:\/\/familienzentrum-st-elisabeth.info\/index.php?rest_route=%2Fwp%2Fv2%2Fcomments&post=145"}],"version-history":[{"count":4,"href":"https:\/\/familienzentrum-st-elisabeth.info\/index.php?rest_route=\/wp\/v2\/pages\/145\/revisions"}],"predecessor-version":[{"id":773,"href":"https:\/\/familienzentrum-st-elisabeth.info\/index.php?rest_route=\/wp\/v2\/pages\/145\/revisions\/773"}],"wp:attachment":[{"href":"https:\/\/familienzentrum-st-elisabeth.info\/index.php?rest_route=%2Fwp%2Fv2%2Fmedia&parent=145"}],"curies":[{"name":"wp","href":"https:\/\/api.w.org\/{rel}","templated":true}]}}