{"id":141,"date":"2023-01-09T13:45:22","date_gmt":"2023-01-09T12:45:22","guid":{"rendered":"http:\/\/wordpress-elisabeth.p604061.webspaceconfig.de\/?page_id=141"},"modified":"2023-10-30T14:48:16","modified_gmt":"2023-10-30T13:48:16","slug":"ernaehrung","status":"publish","type":"page","link":"https:\/\/familienzentrum-st-elisabeth.info\/?page_id=141","title":{"rendered":"Ern\u00e4hrung"},"content":{"rendered":"<div class=\"n2-section-smartslider fitvidsignore  n2_clear\" data-ssid=\"19\"><div id=\"n2-ss-19-align\" class=\"n2-ss-align\"><div class=\"n2-padding\"><div id=\"n2-ss-19\" data-creator=\"Smart Slider 3\" data-responsive=\"auto\" class=\"n2-ss-slider n2-ow n2-has-hover n2notransition  \"><div class=\"n2-ss-slider-wrapper-inside\">\n        <div class=\"n2-ss-slider-1 n2_ss__touch_element n2-ow\">\n            <div class=\"n2-ss-slider-2 n2-ow\">\n                                                <div class=\"n2-ss-slider-3 n2-ow\">\n\n                    <div class=\"n2-ss-slide-backgrounds n2-ow-all\"><div class=\"n2-ss-slide-background\" data-public-id=\"1\" data-mode=\"fill\"><div class=\"n2-ss-slide-background-image\" data-blur=\"0\" data-opacity=\"100\" data-x=\"38\" data-y=\"45\" data-alt=\"\" data-title=\"\" style=\"--ss-o-pos-x:38%;--ss-o-pos-y:45%\"><picture class=\"skip-lazy\" data-skip-lazy=\"1\"><img decoding=\"async\" src=\"\/\/familienzentrum-st-elisabeth.info\/wp-content\/uploads\/2023\/08\/Ernaehrung-1-scaled.jpg\" alt=\"\" title=\"\" loading=\"lazy\" class=\"skip-lazy\" data-skip-lazy=\"1\"><\/picture><\/div><div data-color=\"RGBA(255,255,255,0)\" style=\"background-color: RGBA(255,255,255,0);\" class=\"n2-ss-slide-background-color\"><\/div><\/div><div class=\"n2-ss-slide-background\" data-public-id=\"2\" data-mode=\"fill\" aria-hidden=\"true\"><div class=\"n2-ss-slide-background-image\" data-blur=\"0\" data-opacity=\"100\" data-x=\"46\" data-y=\"64\" data-alt=\"\" data-title=\"\" style=\"--ss-o-pos-x:46%;--ss-o-pos-y:64%\"><picture class=\"skip-lazy\" data-skip-lazy=\"1\"><img decoding=\"async\" src=\"\/\/familienzentrum-st-elisabeth.info\/wp-content\/uploads\/2023\/08\/Ernaehrung-2-scaled.jpg\" alt=\"\" title=\"\" loading=\"lazy\" class=\"skip-lazy\" data-skip-lazy=\"1\"><\/picture><\/div><div data-color=\"RGBA(255,255,255,0)\" style=\"background-color: RGBA(255,255,255,0);\" class=\"n2-ss-slide-background-color\"><\/div><\/div><div class=\"n2-ss-slide-background\" data-public-id=\"3\" data-mode=\"fill\" aria-hidden=\"true\"><div class=\"n2-ss-slide-background-image\" data-blur=\"0\" data-opacity=\"100\" data-x=\"66\" data-y=\"13\" data-alt=\"\" data-title=\"\" style=\"--ss-o-pos-x:66%;--ss-o-pos-y:13%\"><picture class=\"skip-lazy\" data-skip-lazy=\"1\"><img decoding=\"async\" src=\"\/\/familienzentrum-st-elisabeth.info\/wp-content\/uploads\/2023\/08\/Ernaehrung-scaled.jpg\" alt=\"\" title=\"\" loading=\"lazy\" class=\"skip-lazy\" data-skip-lazy=\"1\"><\/picture><\/div><div data-color=\"RGBA(255,255,255,0)\" style=\"background-color: RGBA(255,255,255,0);\" class=\"n2-ss-slide-background-color\"><\/div><\/div><\/div>                    <div class=\"n2-ss-slider-4 n2-ow\">\n                        <svg xmlns=\"http:\/\/www.w3.org\/2000\/svg\" viewBox=\"0 0 1200 400\" data-related-device=\"desktopPortrait\" class=\"n2-ow n2-ss-preserve-size n2-ss-preserve-size--slider n2-ss-slide-limiter\"><\/svg><div data-first=\"1\" data-slide-duration=\"0\" data-id=\"124\" data-slide-public-id=\"1\" data-title=\"Ern\u00e4hrung 1\" class=\"n2-ss-slide n2-ow  n2-ss-slide-124\"><div role=\"note\" class=\"n2-ss-slide--focus\" tabindex=\"-1\">Ern\u00e4hrung 1<\/div><div class=\"n2-ss-layers-container n2-ss-slide-limiter n2-ow\"><div class=\"n2-ss-layer n2-ow n-uc-CMVy2RllHOwr\" data-sstype=\"slide\" data-pm=\"default\"><\/div><\/div><\/div><div data-slide-duration=\"0\" data-id=\"125\" data-slide-public-id=\"2\" aria-hidden=\"true\" data-title=\"Ern\u00e4hrung 2\" class=\"n2-ss-slide n2-ow  n2-ss-slide-125\"><div role=\"note\" class=\"n2-ss-slide--focus\" tabindex=\"-1\">Ern\u00e4hrung 2<\/div><div class=\"n2-ss-layers-container n2-ss-slide-limiter n2-ow\"><div class=\"n2-ss-layer n2-ow n-uc-ibS4eEYtGuiZ\" data-sstype=\"slide\" data-pm=\"default\"><\/div><\/div><\/div><div data-slide-duration=\"0\" data-id=\"127\" data-slide-public-id=\"3\" aria-hidden=\"true\" data-title=\"Ern\u00e4hrung\" class=\"n2-ss-slide n2-ow  n2-ss-slide-127\"><div role=\"note\" class=\"n2-ss-slide--focus\" tabindex=\"-1\">Ern\u00e4hrung<\/div><div class=\"n2-ss-layers-container n2-ss-slide-limiter n2-ow\"><div class=\"n2-ss-layer n2-ow n-uc-RMSvd1AKMaCp\" data-sstype=\"slide\" data-pm=\"default\"><\/div><\/div><\/div>                    <\/div>\n\n                                    <\/div>\n            <\/div>\n        <\/div>\n        <div class=\"n2-ss-slider-controls n2-ss-slider-controls-absolute-left-center\"><div style=\"--widget-offset:15px;\" class=\"n2-ss-widget nextend-arrow n2-ow-all nextend-arrow-previous  nextend-arrow-animated-fade\" data-hide-mobileportrait=\"1\" id=\"n2-ss-19-arrow-previous\" role=\"button\" aria-label=\"previous arrow\" tabindex=\"0\"><img loading=\"lazy\" decoding=\"async\" width=\"32\" height=\"32\" class=\"skip-lazy\" data-skip-lazy=\"1\" src=\"data:image\/svg+xml;base64,PHN2ZyB3aWR0aD0iMzIiIGhlaWdodD0iMzIiIHZpZXdCb3g9IjAgMCAzMiAzMiIgeG1sbnM9Imh0dHA6Ly93d3cudzMub3JnLzIwMDAvc3ZnIj4KICAgIDxwYXRoIGQ9Ik0xMS40MzMgMTUuOTkyTDIyLjY5IDUuNzEyYy4zOTMtLjM5LjM5My0xLjAzIDAtMS40Mi0uMzkzLS4zOS0xLjAzLS4zOS0xLjQyMyAwbC0xMS45OCAxMC45NGMtLjIxLjIxLS4zLjQ5LS4yODUuNzYtLjAxNS4yOC4wNzUuNTYuMjg0Ljc3bDExLjk4IDEwLjk0Yy4zOTMuMzkgMS4wMy4zOSAxLjQyNCAwIC4zOTMtLjQuMzkzLTEuMDMgMC0xLjQybC0xMS4yNTctMTAuMjkiCiAgICAgICAgICBmaWxsPSIjZmZmZmZmIiBvcGFjaXR5PSIwLjgiIGZpbGwtcnVsZT0iZXZlbm9kZCIvPgo8L3N2Zz4=\" alt=\"previous arrow\"><\/div><\/div><div class=\"n2-ss-slider-controls n2-ss-slider-controls-absolute-right-center\"><div style=\"--widget-offset:15px;\" class=\"n2-ss-widget nextend-arrow n2-ow-all nextend-arrow-next  nextend-arrow-animated-fade\" data-hide-mobileportrait=\"1\" id=\"n2-ss-19-arrow-next\" role=\"button\" aria-label=\"next arrow\" tabindex=\"0\"><img loading=\"lazy\" decoding=\"async\" width=\"32\" height=\"32\" class=\"skip-lazy\" data-skip-lazy=\"1\" src=\"data:image\/svg+xml;base64,PHN2ZyB3aWR0aD0iMzIiIGhlaWdodD0iMzIiIHZpZXdCb3g9IjAgMCAzMiAzMiIgeG1sbnM9Imh0dHA6Ly93d3cudzMub3JnLzIwMDAvc3ZnIj4KICAgIDxwYXRoIGQ9Ik0xMC43MjIgNC4yOTNjLS4zOTQtLjM5LTEuMDMyLS4zOS0xLjQyNyAwLS4zOTMuMzktLjM5MyAxLjAzIDAgMS40MmwxMS4yODMgMTAuMjgtMTEuMjgzIDEwLjI5Yy0uMzkzLjM5LS4zOTMgMS4wMiAwIDEuNDIuMzk1LjM5IDEuMDMzLjM5IDEuNDI3IDBsMTIuMDA3LTEwLjk0Yy4yMS0uMjEuMy0uNDkuMjg0LS43Ny4wMTQtLjI3LS4wNzYtLjU1LS4yODYtLjc2TDEwLjcyIDQuMjkzeiIKICAgICAgICAgIGZpbGw9IiNmZmZmZmYiIG9wYWNpdHk9IjAuOCIgZmlsbC1ydWxlPSJldmVub2RkIi8+Cjwvc3ZnPg==\" alt=\"next arrow\"><\/div><\/div><\/div><\/div><ss3-loader><\/ss3-loader><\/div><\/div><div class=\"n2_clear\"><\/div><\/div>\n\n\n<p><\/p>\n\n\n\n<p><\/p>\n\n\n\n<div class=\"wp-block-columns is-layout-flex wp-container-core-columns-is-layout-9d6595d7 wp-block-columns-is-layout-flex\">\n<div class=\"wp-block-column is-layout-flow wp-block-column-is-layout-flow\" style=\"flex-basis:66.66%\">\n<p>Bei uns im Kindergarten bekommen die Kinder t\u00e4glich ein ausgewogenes, frisches Mittagessen das von unseren Hauswirtschaftskr\u00e4ften und unserer K\u00f6chin zubereitet wird. Stilles- und Sprudelwasser ist f\u00fcr die Kinder den ganzen Tag zug\u00e4nglich und muss nicht erst erfragt werden. Die Kinder d\u00fcrfen bei einigen Vorbereitungen, unter p\u00e4dagogischer Begleitung, mithelfen<\/p>\n\n\n\n<p>Wir verwenden saisonale, gesunde und frische Produkte und ber\u00fccksichtigen dabei Allergien, Unvertr\u00e4glichkeiten oder religi\u00f6se Essverhalten. Die Eltern haben beim Mittagessen die M\u00f6glichkeit zwischen den Varianten \u201eMittagessen U3\/\u00dc3, Mittagessen ohne Schwein und Mittagessen vegetarisch\u201c zu w\u00e4hlen. Um dem Prinzip der Gleichheit nachzukommen, verzichten wir in der Regel auf Schweinefleisch und kochen insgesamt nur selten Gerichte mit Fleischbeilagen. Wir bieten den Kindern t\u00e4glich eine Nachspeise an, die in Ma\u00dfen f\u00fcr alle Kinder zug\u00e4nglich ist.<\/p>\n<\/div>\n\n\n\n<div class=\"wp-block-column is-layout-flow wp-block-column-is-layout-flow\" style=\"flex-basis:33.33%\">\n<figure class=\"wp-block-image size-large\"><img loading=\"lazy\" decoding=\"async\" width=\"1024\" height=\"683\" src=\"http:\/\/wordpress-elisabeth.p604061.webspaceconfig.de\/wp-content\/uploads\/2023\/08\/Ernaehrung-3-1024x683.jpg\" alt=\"\" class=\"wp-image-399\" srcset=\"https:\/\/familienzentrum-st-elisabeth.info\/wp-content\/uploads\/2023\/08\/Ernaehrung-3-1024x683.jpg 1024w, https:\/\/familienzentrum-st-elisabeth.info\/wp-content\/uploads\/2023\/08\/Ernaehrung-3-300x200.jpg 300w, https:\/\/familienzentrum-st-elisabeth.info\/wp-content\/uploads\/2023\/08\/Ernaehrung-3-768x512.jpg 768w, https:\/\/familienzentrum-st-elisabeth.info\/wp-content\/uploads\/2023\/08\/Ernaehrung-3-1536x1024.jpg 1536w, https:\/\/familienzentrum-st-elisabeth.info\/wp-content\/uploads\/2023\/08\/Ernaehrung-3-2048x1365.jpg 2048w\" sizes=\"auto, (max-width: 1024px) 100vw, 1024px\" \/><\/figure>\n<\/div>\n<\/div>\n\n\n\n<p>Beim Fr\u00fchst\u00fcck wird den Kindern, die sich ohne Schweinefleisch oder vegetarisch ern\u00e4hren die M\u00f6glichkeit geboten, sich vegetarischen Aufschnitt auf das Brot zu legen. Selbstverst\u00e4ndlich d\u00fcrfen auch alle anderen Kinder diesen vegetarischen Aufschnitt essen. Durch das umfangreiche Angebot m\u00f6chten wir die Kinder motivieren andere oder neue Nahrungsmittel kennenzulernen und auszuprobieren. Die Kinder entscheiden dabei selber, was und wie viel sie essen, die p\u00e4dagogischen Fachkr\u00e4fte begleiten die Kinder dabei.<\/p>\n\n\n\n<p>Derzeit belaufen sich die Kosten auf:<\/p>\n\n\n\n<ul class=\"wp-block-list\">\n<li>10 \u20ac Fr\u00fchst\u00fcckspauschale \/ Monat<\/li>\n\n\n\n<li>4 \u20ac pro Mittagessen (individuell buchbar)<\/li>\n<\/ul>\n","protected":false},"excerpt":{"rendered":"<p>Bei uns im Kindergarten bekommen die Kinder t\u00e4glich ein ausgewogenes, frisches Mittagessen das von unseren Hauswirtschaftskr\u00e4ften und unserer K\u00f6chin zubereitet wird. Stilles- und Sprudelwasser ist f\u00fcr die Kinder den ganzen Tag zug\u00e4nglich und muss nicht erst erfragt werden. Die Kinder d\u00fcrfen bei einigen Vorbereitungen, unter p\u00e4dagogischer Begleitung, mithelfen Wir verwenden saisonale, gesunde und frische Produkte <a class=\"read-more\" href=\"https:\/\/familienzentrum-st-elisabeth.info\/?page_id=141\">Read More<\/a><\/p>\n","protected":false},"author":1,"featured_media":0,"parent":0,"menu_order":0,"comment_status":"closed","ping_status":"closed","template":"template-full-width.php","meta":{"footnotes":""},"class_list":["post-141","page","type-page","status-publish","hentry"],"yoast_head":"<!-- This site is optimized with the Yoast SEO plugin v27.4 - https:\/\/yoast.com\/product\/yoast-seo-wordpress\/ -->\n<title>Ern\u00e4hrung - Familienzentrum St. Elisabeth<\/title>\n<meta name=\"robots\" content=\"index, follow, max-snippet:-1, max-image-preview:large, max-video-preview:-1\" \/>\n<link rel=\"canonical\" href=\"https:\/\/familienzentrum-st-elisabeth.info\/?page_id=141\" \/>\n<meta property=\"og:locale\" content=\"de_DE\" \/>\n<meta property=\"og:type\" content=\"article\" \/>\n<meta property=\"og:title\" content=\"Ern\u00e4hrung - Familienzentrum St. Elisabeth\" \/>\n<meta property=\"og:description\" content=\"Bei uns im Kindergarten bekommen die Kinder t\u00e4glich ein ausgewogenes, frisches Mittagessen das von unseren Hauswirtschaftskr\u00e4ften und unserer K\u00f6chin zubereitet wird. Stilles- und Sprudelwasser ist f\u00fcr die Kinder den ganzen Tag zug\u00e4nglich und muss nicht erst erfragt werden. Die Kinder d\u00fcrfen bei einigen Vorbereitungen, unter p\u00e4dagogischer Begleitung, mithelfen Wir verwenden saisonale, gesunde und frische Produkte Read More\" \/>\n<meta property=\"og:url\" content=\"https:\/\/familienzentrum-st-elisabeth.info\/?page_id=141\" \/>\n<meta property=\"og:site_name\" content=\"Familienzentrum St. Elisabeth\" \/>\n<meta property=\"article:modified_time\" content=\"2023-10-30T13:48:16+00:00\" \/>\n<meta property=\"og:image\" content=\"http:\/\/wordpress-elisabeth.p604061.webspaceconfig.de\/wp-content\/uploads\/2023\/08\/Ernaehrung-3-1024x683.jpg\" \/>\n<meta name=\"twitter:card\" content=\"summary_large_image\" \/>\n<meta name=\"twitter:label1\" content=\"Gesch\u00e4tzte Lesezeit\" \/>\n\t<meta name=\"twitter:data1\" content=\"2\u00a0Minuten\" \/>\n<script type=\"application\/ld+json\" class=\"yoast-schema-graph\">{\"@context\":\"https:\\\/\\\/schema.org\",\"@graph\":[{\"@type\":\"WebPage\",\"@id\":\"https:\\\/\\\/familienzentrum-st-elisabeth.info\\\/?page_id=141\",\"url\":\"https:\\\/\\\/familienzentrum-st-elisabeth.info\\\/?page_id=141\",\"name\":\"Ern\u00e4hrung - Familienzentrum St. Elisabeth\",\"isPartOf\":{\"@id\":\"https:\\\/\\\/familienzentrum-st-elisabeth.info\\\/#website\"},\"primaryImageOfPage\":{\"@id\":\"https:\\\/\\\/familienzentrum-st-elisabeth.info\\\/?page_id=141#primaryimage\"},\"image\":{\"@id\":\"https:\\\/\\\/familienzentrum-st-elisabeth.info\\\/?page_id=141#primaryimage\"},\"thumbnailUrl\":\"http:\\\/\\\/wordpress-elisabeth.p604061.webspaceconfig.de\\\/wp-content\\\/uploads\\\/2023\\\/08\\\/Ernaehrung-3-1024x683.jpg\",\"datePublished\":\"2023-01-09T12:45:22+00:00\",\"dateModified\":\"2023-10-30T13:48:16+00:00\",\"breadcrumb\":{\"@id\":\"https:\\\/\\\/familienzentrum-st-elisabeth.info\\\/?page_id=141#breadcrumb\"},\"inLanguage\":\"de\",\"potentialAction\":[{\"@type\":\"ReadAction\",\"target\":[\"https:\\\/\\\/familienzentrum-st-elisabeth.info\\\/?page_id=141\"]}]},{\"@type\":\"ImageObject\",\"inLanguage\":\"de\",\"@id\":\"https:\\\/\\\/familienzentrum-st-elisabeth.info\\\/?page_id=141#primaryimage\",\"url\":\"http:\\\/\\\/wordpress-elisabeth.p604061.webspaceconfig.de\\\/wp-content\\\/uploads\\\/2023\\\/08\\\/Ernaehrung-3-1024x683.jpg\",\"contentUrl\":\"http:\\\/\\\/wordpress-elisabeth.p604061.webspaceconfig.de\\\/wp-content\\\/uploads\\\/2023\\\/08\\\/Ernaehrung-3-1024x683.jpg\"},{\"@type\":\"BreadcrumbList\",\"@id\":\"https:\\\/\\\/familienzentrum-st-elisabeth.info\\\/?page_id=141#breadcrumb\",\"itemListElement\":[{\"@type\":\"ListItem\",\"position\":1,\"name\":\"Startseite\",\"item\":\"https:\\\/\\\/familienzentrum-st-elisabeth.info\\\/\"},{\"@type\":\"ListItem\",\"position\":2,\"name\":\"Ern\u00e4hrung\"}]},{\"@type\":\"WebSite\",\"@id\":\"https:\\\/\\\/familienzentrum-st-elisabeth.info\\\/#website\",\"url\":\"https:\\\/\\\/familienzentrum-st-elisabeth.info\\\/\",\"name\":\"Familienzentrum St. Elisabeth\",\"description\":\"Stadtlohn\",\"publisher\":{\"@id\":\"https:\\\/\\\/familienzentrum-st-elisabeth.info\\\/#organization\"},\"potentialAction\":[{\"@type\":\"SearchAction\",\"target\":{\"@type\":\"EntryPoint\",\"urlTemplate\":\"https:\\\/\\\/familienzentrum-st-elisabeth.info\\\/?s={search_term_string}\"},\"query-input\":{\"@type\":\"PropertyValueSpecification\",\"valueRequired\":true,\"valueName\":\"search_term_string\"}}],\"inLanguage\":\"de\"},{\"@type\":\"Organization\",\"@id\":\"https:\\\/\\\/familienzentrum-st-elisabeth.info\\\/#organization\",\"name\":\"Familienzentrum St. Elisabeth\",\"url\":\"https:\\\/\\\/familienzentrum-st-elisabeth.info\\\/\",\"logo\":{\"@type\":\"ImageObject\",\"inLanguage\":\"de\",\"@id\":\"https:\\\/\\\/familienzentrum-st-elisabeth.info\\\/#\\\/schema\\\/logo\\\/image\\\/\",\"url\":\"https:\\\/\\\/familienzentrum-st-elisabeth.info\\\/wp-content\\\/uploads\\\/2022\\\/11\\\/cropped-image008-1-e1669193012284.png\",\"contentUrl\":\"https:\\\/\\\/familienzentrum-st-elisabeth.info\\\/wp-content\\\/uploads\\\/2022\\\/11\\\/cropped-image008-1-e1669193012284.png\",\"width\":100,\"height\":100,\"caption\":\"Familienzentrum St. Elisabeth\"},\"image\":{\"@id\":\"https:\\\/\\\/familienzentrum-st-elisabeth.info\\\/#\\\/schema\\\/logo\\\/image\\\/\"}}]}<\/script>\n<!-- \/ Yoast SEO plugin. -->","yoast_head_json":{"title":"Ern\u00e4hrung - Familienzentrum St. Elisabeth","robots":{"index":"index","follow":"follow","max-snippet":"max-snippet:-1","max-image-preview":"max-image-preview:large","max-video-preview":"max-video-preview:-1"},"canonical":"https:\/\/familienzentrum-st-elisabeth.info\/?page_id=141","og_locale":"de_DE","og_type":"article","og_title":"Ern\u00e4hrung - Familienzentrum St. Elisabeth","og_description":"Bei uns im Kindergarten bekommen die Kinder t\u00e4glich ein ausgewogenes, frisches Mittagessen das von unseren Hauswirtschaftskr\u00e4ften und unserer K\u00f6chin zubereitet wird. Stilles- und Sprudelwasser ist f\u00fcr die Kinder den ganzen Tag zug\u00e4nglich und muss nicht erst erfragt werden. Die Kinder d\u00fcrfen bei einigen Vorbereitungen, unter p\u00e4dagogischer Begleitung, mithelfen Wir verwenden saisonale, gesunde und frische Produkte Read More","og_url":"https:\/\/familienzentrum-st-elisabeth.info\/?page_id=141","og_site_name":"Familienzentrum St. Elisabeth","article_modified_time":"2023-10-30T13:48:16+00:00","og_image":[{"url":"http:\/\/wordpress-elisabeth.p604061.webspaceconfig.de\/wp-content\/uploads\/2023\/08\/Ernaehrung-3-1024x683.jpg","type":"","width":"","height":""}],"twitter_card":"summary_large_image","twitter_misc":{"Gesch\u00e4tzte Lesezeit":"2\u00a0Minuten"},"schema":{"@context":"https:\/\/schema.org","@graph":[{"@type":"WebPage","@id":"https:\/\/familienzentrum-st-elisabeth.info\/?page_id=141","url":"https:\/\/familienzentrum-st-elisabeth.info\/?page_id=141","name":"Ern\u00e4hrung - Familienzentrum St. Elisabeth","isPartOf":{"@id":"https:\/\/familienzentrum-st-elisabeth.info\/#website"},"primaryImageOfPage":{"@id":"https:\/\/familienzentrum-st-elisabeth.info\/?page_id=141#primaryimage"},"image":{"@id":"https:\/\/familienzentrum-st-elisabeth.info\/?page_id=141#primaryimage"},"thumbnailUrl":"http:\/\/wordpress-elisabeth.p604061.webspaceconfig.de\/wp-content\/uploads\/2023\/08\/Ernaehrung-3-1024x683.jpg","datePublished":"2023-01-09T12:45:22+00:00","dateModified":"2023-10-30T13:48:16+00:00","breadcrumb":{"@id":"https:\/\/familienzentrum-st-elisabeth.info\/?page_id=141#breadcrumb"},"inLanguage":"de","potentialAction":[{"@type":"ReadAction","target":["https:\/\/familienzentrum-st-elisabeth.info\/?page_id=141"]}]},{"@type":"ImageObject","inLanguage":"de","@id":"https:\/\/familienzentrum-st-elisabeth.info\/?page_id=141#primaryimage","url":"http:\/\/wordpress-elisabeth.p604061.webspaceconfig.de\/wp-content\/uploads\/2023\/08\/Ernaehrung-3-1024x683.jpg","contentUrl":"http:\/\/wordpress-elisabeth.p604061.webspaceconfig.de\/wp-content\/uploads\/2023\/08\/Ernaehrung-3-1024x683.jpg"},{"@type":"BreadcrumbList","@id":"https:\/\/familienzentrum-st-elisabeth.info\/?page_id=141#breadcrumb","itemListElement":[{"@type":"ListItem","position":1,"name":"Startseite","item":"https:\/\/familienzentrum-st-elisabeth.info\/"},{"@type":"ListItem","position":2,"name":"Ern\u00e4hrung"}]},{"@type":"WebSite","@id":"https:\/\/familienzentrum-st-elisabeth.info\/#website","url":"https:\/\/familienzentrum-st-elisabeth.info\/","name":"Familienzentrum St. Elisabeth","description":"Stadtlohn","publisher":{"@id":"https:\/\/familienzentrum-st-elisabeth.info\/#organization"},"potentialAction":[{"@type":"SearchAction","target":{"@type":"EntryPoint","urlTemplate":"https:\/\/familienzentrum-st-elisabeth.info\/?s={search_term_string}"},"query-input":{"@type":"PropertyValueSpecification","valueRequired":true,"valueName":"search_term_string"}}],"inLanguage":"de"},{"@type":"Organization","@id":"https:\/\/familienzentrum-st-elisabeth.info\/#organization","name":"Familienzentrum St. Elisabeth","url":"https:\/\/familienzentrum-st-elisabeth.info\/","logo":{"@type":"ImageObject","inLanguage":"de","@id":"https:\/\/familienzentrum-st-elisabeth.info\/#\/schema\/logo\/image\/","url":"https:\/\/familienzentrum-st-elisabeth.info\/wp-content\/uploads\/2022\/11\/cropped-image008-1-e1669193012284.png","contentUrl":"https:\/\/familienzentrum-st-elisabeth.info\/wp-content\/uploads\/2022\/11\/cropped-image008-1-e1669193012284.png","width":100,"height":100,"caption":"Familienzentrum St. Elisabeth"},"image":{"@id":"https:\/\/familienzentrum-st-elisabeth.info\/#\/schema\/logo\/image\/"}}]}},"_links":{"self":[{"href":"https:\/\/familienzentrum-st-elisabeth.info\/index.php?rest_route=\/wp\/v2\/pages\/141","targetHints":{"allow":["GET"]}}],"collection":[{"href":"https:\/\/familienzentrum-st-elisabeth.info\/index.php?rest_route=\/wp\/v2\/pages"}],"about":[{"href":"https:\/\/familienzentrum-st-elisabeth.info\/index.php?rest_route=\/wp\/v2\/types\/page"}],"author":[{"embeddable":true,"href":"https:\/\/familienzentrum-st-elisabeth.info\/index.php?rest_route=\/wp\/v2\/users\/1"}],"replies":[{"embeddable":true,"href":"https:\/\/familienzentrum-st-elisabeth.info\/index.php?rest_route=%2Fwp%2Fv2%2Fcomments&post=141"}],"version-history":[{"count":4,"href":"https:\/\/familienzentrum-st-elisabeth.info\/index.php?rest_route=\/wp\/v2\/pages\/141\/revisions"}],"predecessor-version":[{"id":529,"href":"https:\/\/familienzentrum-st-elisabeth.info\/index.php?rest_route=\/wp\/v2\/pages\/141\/revisions\/529"}],"wp:attachment":[{"href":"https:\/\/familienzentrum-st-elisabeth.info\/index.php?rest_route=%2Fwp%2Fv2%2Fmedia&parent=141"}],"curies":[{"name":"wp","href":"https:\/\/api.w.org\/{rel}","templated":true}]}}