{"id":139,"date":"2023-01-09T13:44:41","date_gmt":"2023-01-09T12:44:41","guid":{"rendered":"http:\/\/wordpress-elisabeth.p604061.webspaceconfig.de\/?page_id=139"},"modified":"2024-07-03T08:11:43","modified_gmt":"2024-07-03T06:11:43","slug":"inklusion","status":"publish","type":"page","link":"https:\/\/familienzentrum-st-elisabeth.info\/?page_id=139","title":{"rendered":"Inklusion"},"content":{"rendered":"<div class=\"n2-section-smartslider fitvidsignore  n2_clear\" data-ssid=\"18\"><div id=\"n2-ss-18-align\" class=\"n2-ss-align\"><div class=\"n2-padding\"><div id=\"n2-ss-18\" data-creator=\"Smart Slider 3\" data-responsive=\"auto\" class=\"n2-ss-slider n2-ow n2-has-hover n2notransition  \"><div class=\"n2-ss-slider-wrapper-inside\">\n        <div class=\"n2-ss-slider-1 n2_ss__touch_element n2-ow\">\n            <div class=\"n2-ss-slider-2 n2-ow\">\n                                                <div class=\"n2-ss-slider-3 n2-ow\">\n\n                    <div class=\"n2-ss-slide-backgrounds n2-ow-all\"><div class=\"n2-ss-slide-background\" data-public-id=\"1\" data-mode=\"fill\"><div class=\"n2-ss-slide-background-image\" data-blur=\"0\" data-opacity=\"100\" data-x=\"53\" data-y=\"29\" data-alt=\"\" data-title=\"\" style=\"--ss-o-pos-x:53%;--ss-o-pos-y:29%\"><picture class=\"skip-lazy\" data-skip-lazy=\"1\"><img decoding=\"async\" src=\"\/\/familienzentrum-st-elisabeth.info\/wp-content\/uploads\/2023\/08\/Inklusion-1-scaled.jpg\" alt=\"\" title=\"\" loading=\"lazy\" class=\"skip-lazy\" data-skip-lazy=\"1\"><\/picture><\/div><div data-color=\"RGBA(255,255,255,0)\" style=\"background-color: RGBA(255,255,255,0);\" class=\"n2-ss-slide-background-color\"><\/div><\/div><div class=\"n2-ss-slide-background\" data-public-id=\"2\" data-mode=\"fill\" aria-hidden=\"true\"><div class=\"n2-ss-slide-background-image\" data-blur=\"0\" data-opacity=\"100\" data-x=\"50\" data-y=\"50\" data-alt=\"\" data-title=\"\"><picture class=\"skip-lazy\" data-skip-lazy=\"1\"><img decoding=\"async\" src=\"\/\/familienzentrum-st-elisabeth.info\/wp-content\/uploads\/2023\/09\/Kita_Webseite_neu.png\" alt=\"\" title=\"\" loading=\"lazy\" class=\"skip-lazy\" data-skip-lazy=\"1\"><\/picture><\/div><div data-color=\"RGBA(255,255,255,0)\" style=\"background-color: RGBA(255,255,255,0);\" class=\"n2-ss-slide-background-color\"><\/div><\/div><\/div>                    <div class=\"n2-ss-slider-4 n2-ow\">\n                        <svg xmlns=\"http:\/\/www.w3.org\/2000\/svg\" viewBox=\"0 0 1200 400\" data-related-device=\"desktopPortrait\" class=\"n2-ow n2-ss-preserve-size n2-ss-preserve-size--slider n2-ss-slide-limiter\"><\/svg><div data-first=\"1\" data-slide-duration=\"0\" data-id=\"121\" data-slide-public-id=\"1\" data-title=\"Inklusion 1\" class=\"n2-ss-slide n2-ow  n2-ss-slide-121\"><div role=\"note\" class=\"n2-ss-slide--focus\" tabindex=\"-1\">Inklusion 1<\/div><div class=\"n2-ss-layers-container n2-ss-slide-limiter n2-ow\"><div class=\"n2-ss-layer n2-ow n-uc-wwCQlMD0IxB8\" data-sstype=\"slide\" data-pm=\"default\"><\/div><\/div><\/div><div data-slide-duration=\"0\" data-id=\"165\" data-slide-public-id=\"2\" aria-hidden=\"true\" data-title=\"Kita_Webseite_neu\" class=\"n2-ss-slide n2-ow  n2-ss-slide-165\"><div role=\"note\" class=\"n2-ss-slide--focus\" tabindex=\"-1\">Kita_Webseite_neu<\/div><div class=\"n2-ss-layers-container n2-ss-slide-limiter n2-ow\"><div class=\"n2-ss-layer n2-ow n-uc-0rk2fpqNXcpt\" data-sstype=\"slide\" data-pm=\"default\"><\/div><\/div><\/div>                    <\/div>\n\n                                    <\/div>\n            <\/div>\n        <\/div>\n        <div class=\"n2-ss-slider-controls n2-ss-slider-controls-absolute-left-center\"><div style=\"--widget-offset:15px;\" class=\"n2-ss-widget nextend-arrow n2-ow-all nextend-arrow-previous  nextend-arrow-animated-fade\" data-hide-mobileportrait=\"1\" id=\"n2-ss-18-arrow-previous\" role=\"button\" aria-label=\"previous arrow\" tabindex=\"0\"><img loading=\"lazy\" decoding=\"async\" width=\"32\" height=\"32\" class=\"skip-lazy\" data-skip-lazy=\"1\" src=\"data:image\/svg+xml;base64,PHN2ZyB3aWR0aD0iMzIiIGhlaWdodD0iMzIiIHZpZXdCb3g9IjAgMCAzMiAzMiIgeG1sbnM9Imh0dHA6Ly93d3cudzMub3JnLzIwMDAvc3ZnIj4KICAgIDxwYXRoIGQ9Ik0xMS40MzMgMTUuOTkyTDIyLjY5IDUuNzEyYy4zOTMtLjM5LjM5My0xLjAzIDAtMS40Mi0uMzkzLS4zOS0xLjAzLS4zOS0xLjQyMyAwbC0xMS45OCAxMC45NGMtLjIxLjIxLS4zLjQ5LS4yODUuNzYtLjAxNS4yOC4wNzUuNTYuMjg0Ljc3bDExLjk4IDEwLjk0Yy4zOTMuMzkgMS4wMy4zOSAxLjQyNCAwIC4zOTMtLjQuMzkzLTEuMDMgMC0xLjQybC0xMS4yNTctMTAuMjkiCiAgICAgICAgICBmaWxsPSIjZmZmZmZmIiBvcGFjaXR5PSIwLjgiIGZpbGwtcnVsZT0iZXZlbm9kZCIvPgo8L3N2Zz4=\" alt=\"previous arrow\"><\/div><\/div><div class=\"n2-ss-slider-controls n2-ss-slider-controls-absolute-right-center\"><div style=\"--widget-offset:15px;\" class=\"n2-ss-widget nextend-arrow n2-ow-all nextend-arrow-next  nextend-arrow-animated-fade\" data-hide-mobileportrait=\"1\" id=\"n2-ss-18-arrow-next\" role=\"button\" aria-label=\"next arrow\" tabindex=\"0\"><img loading=\"lazy\" decoding=\"async\" width=\"32\" height=\"32\" class=\"skip-lazy\" data-skip-lazy=\"1\" src=\"data:image\/svg+xml;base64,PHN2ZyB3aWR0aD0iMzIiIGhlaWdodD0iMzIiIHZpZXdCb3g9IjAgMCAzMiAzMiIgeG1sbnM9Imh0dHA6Ly93d3cudzMub3JnLzIwMDAvc3ZnIj4KICAgIDxwYXRoIGQ9Ik0xMC43MjIgNC4yOTNjLS4zOTQtLjM5LTEuMDMyLS4zOS0xLjQyNyAwLS4zOTMuMzktLjM5MyAxLjAzIDAgMS40MmwxMS4yODMgMTAuMjgtMTEuMjgzIDEwLjI5Yy0uMzkzLjM5LS4zOTMgMS4wMiAwIDEuNDIuMzk1LjM5IDEuMDMzLjM5IDEuNDI3IDBsMTIuMDA3LTEwLjk0Yy4yMS0uMjEuMy0uNDkuMjg0LS43Ny4wMTQtLjI3LS4wNzYtLjU1LS4yODYtLjc2TDEwLjcyIDQuMjkzeiIKICAgICAgICAgIGZpbGw9IiNmZmZmZmYiIG9wYWNpdHk9IjAuOCIgZmlsbC1ydWxlPSJldmVub2RkIi8+Cjwvc3ZnPg==\" alt=\"next arrow\"><\/div><\/div><\/div><\/div><ss3-loader><\/ss3-loader><\/div><\/div><div class=\"n2_clear\"><\/div><\/div>\n\n\n<p><\/p>\n\n\n\n<p><\/p>\n\n\n\n<div class=\"wp-block-columns is-layout-flex wp-container-core-columns-is-layout-9d6595d7 wp-block-columns-is-layout-flex\">\n<div class=\"wp-block-column is-layout-flow wp-block-column-is-layout-flow\" style=\"flex-basis:66.66%\">\n<p><\/p>\n\n\n\n<p><\/p>\n\n\n\n<p>Uns ist es wichtig jedem Kind die M\u00f6glichkeit zu schaffen, sich vollst\u00e4ndig und gleichberechtigt an allen Prozessen in der Einrichtung zu beteiligen. Dieses sollte von Anfang an unabh\u00e4ngig von m\u00f6glichen Behinderungen, ethischer wie sozialer Herkunft, Geschlecht oder Alter geschehen. Dabei stehen die pers\u00f6nlichen Ressourcen des Kindes zu jeder Zeit im Vordergrund. Die Anerkennung jedes einzelnen Kindes mit seinen individuellen F\u00e4higkeiten hat hierbei oberste Priorit\u00e4t.<\/p>\n<\/div>\n\n\n\n<div class=\"wp-block-column is-layout-flow wp-block-column-is-layout-flow\" style=\"flex-basis:33.33%\">\n<figure class=\"wp-block-image size-large\"><img loading=\"lazy\" decoding=\"async\" width=\"1024\" height=\"683\" src=\"http:\/\/wordpress-elisabeth.p604061.webspaceconfig.de\/wp-content\/uploads\/2023\/08\/Inklusion2-1024x683.jpg\" alt=\"\" class=\"wp-image-394\" srcset=\"https:\/\/familienzentrum-st-elisabeth.info\/wp-content\/uploads\/2023\/08\/Inklusion2-1024x683.jpg 1024w, https:\/\/familienzentrum-st-elisabeth.info\/wp-content\/uploads\/2023\/08\/Inklusion2-300x200.jpg 300w, https:\/\/familienzentrum-st-elisabeth.info\/wp-content\/uploads\/2023\/08\/Inklusion2-768x512.jpg 768w, https:\/\/familienzentrum-st-elisabeth.info\/wp-content\/uploads\/2023\/08\/Inklusion2-1536x1024.jpg 1536w, https:\/\/familienzentrum-st-elisabeth.info\/wp-content\/uploads\/2023\/08\/Inklusion2-2048x1365.jpg 2048w\" sizes=\"auto, (max-width: 1024px) 100vw, 1024px\" \/><\/figure>\n<\/div>\n<\/div>\n\n\n\n<p>Wir verstehen Inklusion als Teamaufgabe\/ Teamarbeit. Wir unterst\u00fctzen und begleiten die betreffenden Kinder in ihren individuellen Entwicklungsprozessen und stehen den inklusiven Kindern unterst\u00fctzend zur Seite, damit sie den Alltag bestm\u00f6glich meistern k\u00f6nnen. Dabei legen wir einen besonderes Augenmerk auf die soziale Inklusion der Kinder, damit sie von Beginn an als ein Teil der Gemeinschaft in unserem Kindergarten gesehen und akzeptiert werden. <\/p>\n\n\n\n<p>Inklusionsarbeit bedarf einer erweiterten Zusammenarbeit unterschiedlicher Institutionen. Das beinhaltet die enge Kooperation von p\u00e4dagogischen Fachkr\u00e4ften und au\u00dfenstehenden Einrichtungen. Dazu z\u00e4hlen bspw. Kinder\u00e4rzte, Logop\u00e4den, Ergotherapeuten oder die Psychomotorik.&nbsp; Ein kontinuierlicher Austausch zwischen allen Beteiligten bildet dabei die Basis der Zusammenarbeit.<\/p>\n\n\n\n<p class=\"has-text-align-center\"><strong>Im Rahmen des Familienzentrums k\u00f6nnen wir zur Zeit psychomotorisches Turnen (dienstagsnachmittags) <\/strong><br><strong>und Logop\u00e4die (freitagsmorgens) bei uns in der Einrichtung anbieten. \u00a0<\/strong><\/p>\n","protected":false},"excerpt":{"rendered":"<p>Uns ist es wichtig jedem Kind die M\u00f6glichkeit zu schaffen, sich vollst\u00e4ndig und gleichberechtigt an allen Prozessen in der Einrichtung zu beteiligen. Dieses sollte von Anfang an unabh\u00e4ngig von m\u00f6glichen Behinderungen, ethischer wie sozialer Herkunft, Geschlecht oder Alter geschehen. Dabei stehen die pers\u00f6nlichen Ressourcen des Kindes zu jeder Zeit im Vordergrund. Die Anerkennung jedes einzelnen <a class=\"read-more\" href=\"https:\/\/familienzentrum-st-elisabeth.info\/?page_id=139\">Read More<\/a><\/p>\n","protected":false},"author":1,"featured_media":0,"parent":0,"menu_order":0,"comment_status":"closed","ping_status":"closed","template":"template-full-width.php","meta":{"footnotes":""},"class_list":["post-139","page","type-page","status-publish","hentry"],"yoast_head":"<!-- This site is optimized with the Yoast SEO plugin v27.5 - https:\/\/yoast.com\/product\/yoast-seo-wordpress\/ -->\n<title>Inklusion - Familienzentrum St. Elisabeth<\/title>\n<meta name=\"robots\" content=\"index, follow, max-snippet:-1, max-image-preview:large, max-video-preview:-1\" \/>\n<link rel=\"canonical\" href=\"https:\/\/familienzentrum-st-elisabeth.info\/?page_id=139\" \/>\n<meta property=\"og:locale\" content=\"de_DE\" \/>\n<meta property=\"og:type\" content=\"article\" \/>\n<meta property=\"og:title\" content=\"Inklusion - Familienzentrum St. Elisabeth\" \/>\n<meta property=\"og:description\" content=\"Uns ist es wichtig jedem Kind die M\u00f6glichkeit zu schaffen, sich vollst\u00e4ndig und gleichberechtigt an allen Prozessen in der Einrichtung zu beteiligen. Dieses sollte von Anfang an unabh\u00e4ngig von m\u00f6glichen Behinderungen, ethischer wie sozialer Herkunft, Geschlecht oder Alter geschehen. Dabei stehen die pers\u00f6nlichen Ressourcen des Kindes zu jeder Zeit im Vordergrund. Die Anerkennung jedes einzelnen Read More\" \/>\n<meta property=\"og:url\" content=\"https:\/\/familienzentrum-st-elisabeth.info\/?page_id=139\" \/>\n<meta property=\"og:site_name\" content=\"Familienzentrum St. Elisabeth\" \/>\n<meta property=\"article:modified_time\" content=\"2024-07-03T06:11:43+00:00\" \/>\n<meta property=\"og:image\" content=\"http:\/\/wordpress-elisabeth.p604061.webspaceconfig.de\/wp-content\/uploads\/2023\/08\/Inklusion2-1024x683.jpg\" \/>\n<meta name=\"twitter:card\" content=\"summary_large_image\" \/>\n<meta name=\"twitter:label1\" content=\"Gesch\u00e4tzte Lesezeit\" \/>\n\t<meta name=\"twitter:data1\" content=\"2\u00a0Minuten\" \/>\n<script type=\"application\/ld+json\" class=\"yoast-schema-graph\">{\"@context\":\"https:\\\/\\\/schema.org\",\"@graph\":[{\"@type\":\"WebPage\",\"@id\":\"https:\\\/\\\/familienzentrum-st-elisabeth.info\\\/?page_id=139\",\"url\":\"https:\\\/\\\/familienzentrum-st-elisabeth.info\\\/?page_id=139\",\"name\":\"Inklusion - Familienzentrum St. Elisabeth\",\"isPartOf\":{\"@id\":\"https:\\\/\\\/familienzentrum-st-elisabeth.info\\\/#website\"},\"primaryImageOfPage\":{\"@id\":\"https:\\\/\\\/familienzentrum-st-elisabeth.info\\\/?page_id=139#primaryimage\"},\"image\":{\"@id\":\"https:\\\/\\\/familienzentrum-st-elisabeth.info\\\/?page_id=139#primaryimage\"},\"thumbnailUrl\":\"http:\\\/\\\/wordpress-elisabeth.p604061.webspaceconfig.de\\\/wp-content\\\/uploads\\\/2023\\\/08\\\/Inklusion2-1024x683.jpg\",\"datePublished\":\"2023-01-09T12:44:41+00:00\",\"dateModified\":\"2024-07-03T06:11:43+00:00\",\"breadcrumb\":{\"@id\":\"https:\\\/\\\/familienzentrum-st-elisabeth.info\\\/?page_id=139#breadcrumb\"},\"inLanguage\":\"de\",\"potentialAction\":[{\"@type\":\"ReadAction\",\"target\":[\"https:\\\/\\\/familienzentrum-st-elisabeth.info\\\/?page_id=139\"]}]},{\"@type\":\"ImageObject\",\"inLanguage\":\"de\",\"@id\":\"https:\\\/\\\/familienzentrum-st-elisabeth.info\\\/?page_id=139#primaryimage\",\"url\":\"http:\\\/\\\/wordpress-elisabeth.p604061.webspaceconfig.de\\\/wp-content\\\/uploads\\\/2023\\\/08\\\/Inklusion2-1024x683.jpg\",\"contentUrl\":\"http:\\\/\\\/wordpress-elisabeth.p604061.webspaceconfig.de\\\/wp-content\\\/uploads\\\/2023\\\/08\\\/Inklusion2-1024x683.jpg\"},{\"@type\":\"BreadcrumbList\",\"@id\":\"https:\\\/\\\/familienzentrum-st-elisabeth.info\\\/?page_id=139#breadcrumb\",\"itemListElement\":[{\"@type\":\"ListItem\",\"position\":1,\"name\":\"Startseite\",\"item\":\"https:\\\/\\\/familienzentrum-st-elisabeth.info\\\/\"},{\"@type\":\"ListItem\",\"position\":2,\"name\":\"Inklusion\"}]},{\"@type\":\"WebSite\",\"@id\":\"https:\\\/\\\/familienzentrum-st-elisabeth.info\\\/#website\",\"url\":\"https:\\\/\\\/familienzentrum-st-elisabeth.info\\\/\",\"name\":\"Familienzentrum St. Elisabeth\",\"description\":\"Stadtlohn\",\"publisher\":{\"@id\":\"https:\\\/\\\/familienzentrum-st-elisabeth.info\\\/#organization\"},\"potentialAction\":[{\"@type\":\"SearchAction\",\"target\":{\"@type\":\"EntryPoint\",\"urlTemplate\":\"https:\\\/\\\/familienzentrum-st-elisabeth.info\\\/?s={search_term_string}\"},\"query-input\":{\"@type\":\"PropertyValueSpecification\",\"valueRequired\":true,\"valueName\":\"search_term_string\"}}],\"inLanguage\":\"de\"},{\"@type\":\"Organization\",\"@id\":\"https:\\\/\\\/familienzentrum-st-elisabeth.info\\\/#organization\",\"name\":\"Familienzentrum St. Elisabeth\",\"url\":\"https:\\\/\\\/familienzentrum-st-elisabeth.info\\\/\",\"logo\":{\"@type\":\"ImageObject\",\"inLanguage\":\"de\",\"@id\":\"https:\\\/\\\/familienzentrum-st-elisabeth.info\\\/#\\\/schema\\\/logo\\\/image\\\/\",\"url\":\"https:\\\/\\\/familienzentrum-st-elisabeth.info\\\/wp-content\\\/uploads\\\/2022\\\/11\\\/cropped-image008-1-e1669193012284.png\",\"contentUrl\":\"https:\\\/\\\/familienzentrum-st-elisabeth.info\\\/wp-content\\\/uploads\\\/2022\\\/11\\\/cropped-image008-1-e1669193012284.png\",\"width\":100,\"height\":100,\"caption\":\"Familienzentrum St. Elisabeth\"},\"image\":{\"@id\":\"https:\\\/\\\/familienzentrum-st-elisabeth.info\\\/#\\\/schema\\\/logo\\\/image\\\/\"}}]}<\/script>\n<!-- \/ Yoast SEO plugin. -->","yoast_head_json":{"title":"Inklusion - Familienzentrum St. Elisabeth","robots":{"index":"index","follow":"follow","max-snippet":"max-snippet:-1","max-image-preview":"max-image-preview:large","max-video-preview":"max-video-preview:-1"},"canonical":"https:\/\/familienzentrum-st-elisabeth.info\/?page_id=139","og_locale":"de_DE","og_type":"article","og_title":"Inklusion - Familienzentrum St. Elisabeth","og_description":"Uns ist es wichtig jedem Kind die M\u00f6glichkeit zu schaffen, sich vollst\u00e4ndig und gleichberechtigt an allen Prozessen in der Einrichtung zu beteiligen. Dieses sollte von Anfang an unabh\u00e4ngig von m\u00f6glichen Behinderungen, ethischer wie sozialer Herkunft, Geschlecht oder Alter geschehen. Dabei stehen die pers\u00f6nlichen Ressourcen des Kindes zu jeder Zeit im Vordergrund. Die Anerkennung jedes einzelnen Read More","og_url":"https:\/\/familienzentrum-st-elisabeth.info\/?page_id=139","og_site_name":"Familienzentrum St. Elisabeth","article_modified_time":"2024-07-03T06:11:43+00:00","og_image":[{"url":"http:\/\/wordpress-elisabeth.p604061.webspaceconfig.de\/wp-content\/uploads\/2023\/08\/Inklusion2-1024x683.jpg","type":"","width":"","height":""}],"twitter_card":"summary_large_image","twitter_misc":{"Gesch\u00e4tzte Lesezeit":"2\u00a0Minuten"},"schema":{"@context":"https:\/\/schema.org","@graph":[{"@type":"WebPage","@id":"https:\/\/familienzentrum-st-elisabeth.info\/?page_id=139","url":"https:\/\/familienzentrum-st-elisabeth.info\/?page_id=139","name":"Inklusion - Familienzentrum St. Elisabeth","isPartOf":{"@id":"https:\/\/familienzentrum-st-elisabeth.info\/#website"},"primaryImageOfPage":{"@id":"https:\/\/familienzentrum-st-elisabeth.info\/?page_id=139#primaryimage"},"image":{"@id":"https:\/\/familienzentrum-st-elisabeth.info\/?page_id=139#primaryimage"},"thumbnailUrl":"http:\/\/wordpress-elisabeth.p604061.webspaceconfig.de\/wp-content\/uploads\/2023\/08\/Inklusion2-1024x683.jpg","datePublished":"2023-01-09T12:44:41+00:00","dateModified":"2024-07-03T06:11:43+00:00","breadcrumb":{"@id":"https:\/\/familienzentrum-st-elisabeth.info\/?page_id=139#breadcrumb"},"inLanguage":"de","potentialAction":[{"@type":"ReadAction","target":["https:\/\/familienzentrum-st-elisabeth.info\/?page_id=139"]}]},{"@type":"ImageObject","inLanguage":"de","@id":"https:\/\/familienzentrum-st-elisabeth.info\/?page_id=139#primaryimage","url":"http:\/\/wordpress-elisabeth.p604061.webspaceconfig.de\/wp-content\/uploads\/2023\/08\/Inklusion2-1024x683.jpg","contentUrl":"http:\/\/wordpress-elisabeth.p604061.webspaceconfig.de\/wp-content\/uploads\/2023\/08\/Inklusion2-1024x683.jpg"},{"@type":"BreadcrumbList","@id":"https:\/\/familienzentrum-st-elisabeth.info\/?page_id=139#breadcrumb","itemListElement":[{"@type":"ListItem","position":1,"name":"Startseite","item":"https:\/\/familienzentrum-st-elisabeth.info\/"},{"@type":"ListItem","position":2,"name":"Inklusion"}]},{"@type":"WebSite","@id":"https:\/\/familienzentrum-st-elisabeth.info\/#website","url":"https:\/\/familienzentrum-st-elisabeth.info\/","name":"Familienzentrum St. Elisabeth","description":"Stadtlohn","publisher":{"@id":"https:\/\/familienzentrum-st-elisabeth.info\/#organization"},"potentialAction":[{"@type":"SearchAction","target":{"@type":"EntryPoint","urlTemplate":"https:\/\/familienzentrum-st-elisabeth.info\/?s={search_term_string}"},"query-input":{"@type":"PropertyValueSpecification","valueRequired":true,"valueName":"search_term_string"}}],"inLanguage":"de"},{"@type":"Organization","@id":"https:\/\/familienzentrum-st-elisabeth.info\/#organization","name":"Familienzentrum St. Elisabeth","url":"https:\/\/familienzentrum-st-elisabeth.info\/","logo":{"@type":"ImageObject","inLanguage":"de","@id":"https:\/\/familienzentrum-st-elisabeth.info\/#\/schema\/logo\/image\/","url":"https:\/\/familienzentrum-st-elisabeth.info\/wp-content\/uploads\/2022\/11\/cropped-image008-1-e1669193012284.png","contentUrl":"https:\/\/familienzentrum-st-elisabeth.info\/wp-content\/uploads\/2022\/11\/cropped-image008-1-e1669193012284.png","width":100,"height":100,"caption":"Familienzentrum St. Elisabeth"},"image":{"@id":"https:\/\/familienzentrum-st-elisabeth.info\/#\/schema\/logo\/image\/"}}]}},"_links":{"self":[{"href":"https:\/\/familienzentrum-st-elisabeth.info\/index.php?rest_route=\/wp\/v2\/pages\/139","targetHints":{"allow":["GET"]}}],"collection":[{"href":"https:\/\/familienzentrum-st-elisabeth.info\/index.php?rest_route=\/wp\/v2\/pages"}],"about":[{"href":"https:\/\/familienzentrum-st-elisabeth.info\/index.php?rest_route=\/wp\/v2\/types\/page"}],"author":[{"embeddable":true,"href":"https:\/\/familienzentrum-st-elisabeth.info\/index.php?rest_route=\/wp\/v2\/users\/1"}],"replies":[{"embeddable":true,"href":"https:\/\/familienzentrum-st-elisabeth.info\/index.php?rest_route=%2Fwp%2Fv2%2Fcomments&post=139"}],"version-history":[{"count":9,"href":"https:\/\/familienzentrum-st-elisabeth.info\/index.php?rest_route=\/wp\/v2\/pages\/139\/revisions"}],"predecessor-version":[{"id":771,"href":"https:\/\/familienzentrum-st-elisabeth.info\/index.php?rest_route=\/wp\/v2\/pages\/139\/revisions\/771"}],"wp:attachment":[{"href":"https:\/\/familienzentrum-st-elisabeth.info\/index.php?rest_route=%2Fwp%2Fv2%2Fmedia&parent=139"}],"curies":[{"name":"wp","href":"https:\/\/api.w.org\/{rel}","templated":true}]}}