{"id":133,"date":"2023-01-09T13:42:28","date_gmt":"2023-01-09T12:42:28","guid":{"rendered":"http:\/\/wordpress-elisabeth.p604061.webspaceconfig.de\/?page_id=133"},"modified":"2023-08-30T10:38:54","modified_gmt":"2023-08-30T08:38:54","slug":"eingewoehnung","status":"publish","type":"page","link":"https:\/\/familienzentrum-st-elisabeth.info\/?page_id=133","title":{"rendered":"Eingew\u00f6hnung"},"content":{"rendered":"<div class=\"n2-section-smartslider fitvidsignore  n2_clear\" data-ssid=\"15\" tabindex=\"0\" role=\"region\" aria-label=\"Slider\"><div id=\"n2-ss-15-align\" class=\"n2-ss-align\"><div class=\"n2-padding\"><div id=\"n2-ss-15\" data-creator=\"Smart Slider 3\" data-responsive=\"auto\" class=\"n2-ss-slider n2-ow n2-has-hover n2notransition  \"><div class=\"n2-ss-slider-wrapper-inside\">\n        <div class=\"n2-ss-slider-1 n2_ss__touch_element n2-ow\">\n            <div class=\"n2-ss-slider-2 n2-ow\">\n                                                <div class=\"n2-ss-slider-3 n2-ow\">\n\n                    <div class=\"n2-ss-slide-backgrounds n2-ow-all\"><div class=\"n2-ss-slide-background\" data-public-id=\"1\" data-mode=\"fill\"><div class=\"n2-ss-slide-background-image\" data-blur=\"0\" data-opacity=\"100\" data-x=\"58\" data-y=\"20\" data-alt=\"\" data-title=\"\" style=\"--ss-o-pos-x:58%;--ss-o-pos-y:20%\"><picture class=\"skip-lazy\" data-skip-lazy=\"1\"><img decoding=\"async\" src=\"\/\/familienzentrum-st-elisabeth.info\/wp-content\/uploads\/2023\/08\/Eingewoehnung-1-scaled.jpg\" alt=\"\" title=\"\" loading=\"lazy\" class=\"skip-lazy\" data-skip-lazy=\"1\"><\/picture><\/div><div data-color=\"RGBA(255,255,255,0)\" style=\"background-color: RGBA(255,255,255,0);\" class=\"n2-ss-slide-background-color\"><\/div><\/div><div class=\"n2-ss-slide-background\" data-public-id=\"2\" data-mode=\"fill\" aria-hidden=\"true\"><div class=\"n2-ss-slide-background-image\" data-blur=\"0\" data-opacity=\"100\" data-x=\"53\" data-y=\"65\" data-alt=\"\" data-title=\"\" style=\"--ss-o-pos-x:53%;--ss-o-pos-y:65%\"><picture class=\"skip-lazy\" data-skip-lazy=\"1\"><img decoding=\"async\" src=\"\/\/familienzentrum-st-elisabeth.info\/wp-content\/uploads\/2023\/08\/Eingewoehnung-scaled.jpg\" alt=\"\" title=\"\" loading=\"lazy\" class=\"skip-lazy\" data-skip-lazy=\"1\"><\/picture><\/div><div data-color=\"RGBA(255,255,255,0)\" style=\"background-color: RGBA(255,255,255,0);\" class=\"n2-ss-slide-background-color\"><\/div><\/div><\/div>                    <div class=\"n2-ss-slider-4 n2-ow\">\n                        <svg xmlns=\"http:\/\/www.w3.org\/2000\/svg\" viewBox=\"0 0 1200 400\" data-related-device=\"desktopPortrait\" class=\"n2-ow n2-ss-preserve-size n2-ss-preserve-size--slider n2-ss-slide-limiter\"><\/svg><div data-first=\"1\" data-slide-duration=\"0\" data-id=\"119\" data-slide-public-id=\"1\" data-title=\"Eingew\u00f6hnung 1\" class=\"n2-ss-slide n2-ow  n2-ss-slide-119\"><div role=\"note\" class=\"n2-ss-slide--focus\" tabindex=\"-1\">Eingew\u00f6hnung 1<\/div><div class=\"n2-ss-layers-container n2-ss-slide-limiter n2-ow\"><div class=\"n2-ss-layer n2-ow n-uc-H5mni1SnLmAh\" data-sstype=\"slide\" data-pm=\"default\"><\/div><\/div><\/div><div data-slide-duration=\"0\" data-id=\"120\" data-slide-public-id=\"2\" aria-hidden=\"true\" data-title=\"Eingew\u00f6hnung\" class=\"n2-ss-slide n2-ow  n2-ss-slide-120\"><div role=\"note\" class=\"n2-ss-slide--focus\" tabindex=\"-1\">Eingew\u00f6hnung<\/div><div class=\"n2-ss-layers-container n2-ss-slide-limiter n2-ow\"><div class=\"n2-ss-layer n2-ow n-uc-inc4k2R8E6Mp\" data-sstype=\"slide\" data-pm=\"default\"><\/div><\/div><\/div>                    <\/div>\n\n                                    <\/div>\n            <\/div>\n        <\/div>\n        <div class=\"n2-ss-slider-controls n2-ss-slider-controls-absolute-left-center\"><div style=\"--widget-offset:15px;\" class=\"n2-ss-widget nextend-arrow n2-ow-all nextend-arrow-previous  nextend-arrow-animated-fade\" data-hide-mobileportrait=\"1\" id=\"n2-ss-15-arrow-previous\" role=\"button\" aria-label=\"previous arrow\" tabindex=\"0\"><img loading=\"lazy\" decoding=\"async\" width=\"32\" height=\"32\" class=\"skip-lazy\" data-skip-lazy=\"1\" src=\"data:image\/svg+xml;base64,PHN2ZyB3aWR0aD0iMzIiIGhlaWdodD0iMzIiIHZpZXdCb3g9IjAgMCAzMiAzMiIgeG1sbnM9Imh0dHA6Ly93d3cudzMub3JnLzIwMDAvc3ZnIj4KICAgIDxwYXRoIGQ9Ik0xMS40MzMgMTUuOTkyTDIyLjY5IDUuNzEyYy4zOTMtLjM5LjM5My0xLjAzIDAtMS40Mi0uMzkzLS4zOS0xLjAzLS4zOS0xLjQyMyAwbC0xMS45OCAxMC45NGMtLjIxLjIxLS4zLjQ5LS4yODUuNzYtLjAxNS4yOC4wNzUuNTYuMjg0Ljc3bDExLjk4IDEwLjk0Yy4zOTMuMzkgMS4wMy4zOSAxLjQyNCAwIC4zOTMtLjQuMzkzLTEuMDMgMC0xLjQybC0xMS4yNTctMTAuMjkiCiAgICAgICAgICBmaWxsPSIjZmZmZmZmIiBvcGFjaXR5PSIwLjgiIGZpbGwtcnVsZT0iZXZlbm9kZCIvPgo8L3N2Zz4=\" alt=\"previous arrow\"><\/div><\/div><div class=\"n2-ss-slider-controls n2-ss-slider-controls-absolute-right-center\"><div style=\"--widget-offset:15px;\" class=\"n2-ss-widget nextend-arrow n2-ow-all nextend-arrow-next  nextend-arrow-animated-fade\" data-hide-mobileportrait=\"1\" id=\"n2-ss-15-arrow-next\" role=\"button\" aria-label=\"next arrow\" tabindex=\"0\"><img loading=\"lazy\" decoding=\"async\" width=\"32\" height=\"32\" class=\"skip-lazy\" data-skip-lazy=\"1\" src=\"data:image\/svg+xml;base64,PHN2ZyB3aWR0aD0iMzIiIGhlaWdodD0iMzIiIHZpZXdCb3g9IjAgMCAzMiAzMiIgeG1sbnM9Imh0dHA6Ly93d3cudzMub3JnLzIwMDAvc3ZnIj4KICAgIDxwYXRoIGQ9Ik0xMC43MjIgNC4yOTNjLS4zOTQtLjM5LTEuMDMyLS4zOS0xLjQyNyAwLS4zOTMuMzktLjM5MyAxLjAzIDAgMS40MmwxMS4yODMgMTAuMjgtMTEuMjgzIDEwLjI5Yy0uMzkzLjM5LS4zOTMgMS4wMiAwIDEuNDIuMzk1LjM5IDEuMDMzLjM5IDEuNDI3IDBsMTIuMDA3LTEwLjk0Yy4yMS0uMjEuMy0uNDkuMjg0LS43Ny4wMTQtLjI3LS4wNzYtLjU1LS4yODYtLjc2TDEwLjcyIDQuMjkzeiIKICAgICAgICAgIGZpbGw9IiNmZmZmZmYiIG9wYWNpdHk9IjAuOCIgZmlsbC1ydWxlPSJldmVub2RkIi8+Cjwvc3ZnPg==\" alt=\"next arrow\"><\/div><\/div><\/div><\/div><ss3-loader><\/ss3-loader><\/div><\/div><div class=\"n2_clear\"><\/div><\/div>\n\n\n<p><\/p>\n\n\n\n<h3 class=\"wp-block-heading has-text-align-center\">\u201eGeborgenheit ist eine wesentliche Voraussetzung, <\/h3>\n\n\n\n<h3 class=\"wp-block-heading has-text-align-center\">dass sich das Kind mit Freude bewegt und selbstst\u00e4ndig spielt.\u201c (Pikler)<\/h3>\n\n\n\n<p><\/p>\n\n\n\n<p>Ein wichtiges Anliegen ist es uns, dass sich das Kind in unserer Einrichtung wohlf\u00fchlt. Hierf\u00fcr ist ein guter Start und somit eine gute Eingew\u00f6hnung von besonderer Bedeutung. Die Eingew\u00f6hnung gestalten wir angelehnt an das Berliner Eingew\u00f6hnungsmodell bei dem wir besondere R\u00fccksicht auf die Bed\u00fcrfnisse des Kindes legen. Auch auf das Zeitmanagement der Eltern versuchen wir R\u00fccksicht zu nehmen, allerdings sollte sich eine Bezugsperson des Kindes mindestens zwei bis drei Wochen Zeit f\u00fcr die Eingew\u00f6hnung nehmen.<\/p>\n\n\n\n<p>W\u00e4hrend der Eingew\u00f6hnungszeit wird das Kind von einer Bezugserzieherin \/ einem Bezugserzieher begleitet. Von gro\u00dfer Bedeutung ist uns aber dass das Kind auch alle anderen Fachkr\u00e4fte der Gruppe, sowie im weiteren Verlauf der Kindergartenzeit auch alle anderen Fachkr\u00e4fte der Einrichtung, gut kennenlernt.<\/p>\n\n\n\n<p>Bevor die Eingew\u00f6hnung startet lernen sich die Bezugserzieherin \/ der Bezugserzieher und das Kind bei einem Hausbesuch &#8211; in dem Zuhause der Kinder &#8211; und einem Kennenlernnachmittag \u2013 in unserem Kindergarten \u2013 kennen.<\/p>\n\n\n\n<p>Die Eingew\u00f6hnung ist in 5 Phasen unterteilt. Wenn das Kind die 5. Phase erreicht hat gilt die Eingew\u00f6hnung als abgeschlossen und die Betreuungszeiten k\u00f6nnen von den Erziehungsberechtigten des Kindes individuell genutzt und nach vertraglicher Vereinbarung komplett ausgesch\u00f6pft werden. W\u00e4hrend der Phasen 1-4 werden die Betreuungszeiten in der Einrichtung individuell mit den Erzieher\/Innen, bzw. mit der Bezugserzieherin\/ dem Bezugserzieher abgesprochen. Dabei ist es von gro\u00dfer Bedeutung, dass sich alle Beteiligten an diese Absprachen halten. Die Phasen gestalten sich wie folgt:<\/p>\n\n\n\n<ol class=\"wp-block-list\" type=\"1\">\n<li>Phase:&nbsp; Das Kind besucht, gemeinsam mit einer Bezugsperson, die Gruppe f\u00fcr eine Stunde. Nach Ablauf dieser Stunde verlassen das Kind sowie die Bezugsperson die Einrichtung und die Eingew\u00f6hnung wird am n\u00e4chsten Werktag fortgesetzt.<\/li>\n\n\n\n<li>Phase: Es folgt ein erster Trennungsversuche zwischen der Bezugsperson und dem Kind, die Bezugsperson verweilt nach einer Trennung aber weiterhin in der Einrichtung.<\/li>\n\n\n\n<li>Phase: Diese Phase l\u00e4sst dann schon l\u00e4nger andauernde Trennungen zwischen Bezugsperson und Kind zu. W\u00e4hrend dieser Trennungen verl\u00e4sst die Bezugsperson den Kindergarten f\u00fcr einen abgesprochenen Zeitraum, der aber noch nicht den gesamten Vormittag bzw. die gesamte Betreuungszeit des Kindes umfasst. In dieser Phase k\u00f6nnen die Zeiten der Trennungen langsam immer weiter ausgebaut und verl\u00e4ngert werden.<\/li>\n\n\n\n<li>Phase: In dieser Phase wird das Kind langsam an die Teilnahme beim Mittagessen \u2013 wenn es vertraglich so vereinbart wurde \u2013 gew\u00f6hnt. Zu Beginn dieser Phase wird das Kind aber direkt nach der Mahlzeit von einer Bezugsperson abgeholt, es verbringt noch nicht die Mittagsruhe in der Einrichtung.<\/li>\n\n\n\n<li>Phase: Die Eingew\u00f6hnung gilt als abgeschlossen, wenn sich das Kind von einer Erzieherin\/ einem Erzieher tr\u00f6sten l\u00e4sst. Die Betreuungszeiten k\u00f6nnen nun vollst\u00e4ndig ausgenutzt werden und auch die Teilnahme an der Mittagruhe sowie dem Spiel am Nachmittag ist nun m\u00f6glich.<\/li>\n<\/ol>\n","protected":false},"excerpt":{"rendered":"<p>\u201eGeborgenheit ist eine wesentliche Voraussetzung, dass sich das Kind mit Freude bewegt und selbstst\u00e4ndig spielt.\u201c (Pikler) Ein wichtiges Anliegen ist es uns, dass sich das Kind in unserer Einrichtung wohlf\u00fchlt. Hierf\u00fcr ist ein guter Start und somit eine gute Eingew\u00f6hnung von besonderer Bedeutung. Die Eingew\u00f6hnung gestalten wir angelehnt an das Berliner Eingew\u00f6hnungsmodell bei dem wir <a class=\"read-more\" href=\"https:\/\/familienzentrum-st-elisabeth.info\/?page_id=133\">Read More<\/a><\/p>\n","protected":false},"author":1,"featured_media":0,"parent":0,"menu_order":0,"comment_status":"closed","ping_status":"closed","template":"template-full-width.php","meta":{"footnotes":""},"class_list":["post-133","page","type-page","status-publish","hentry"],"yoast_head":"<!-- This site is optimized with the Yoast SEO plugin v27.5 - https:\/\/yoast.com\/product\/yoast-seo-wordpress\/ -->\n<title>Eingew\u00f6hnung - Familienzentrum St. Elisabeth<\/title>\n<meta name=\"robots\" content=\"index, follow, max-snippet:-1, max-image-preview:large, max-video-preview:-1\" \/>\n<link rel=\"canonical\" href=\"https:\/\/familienzentrum-st-elisabeth.info\/?page_id=133\" \/>\n<meta property=\"og:locale\" content=\"de_DE\" \/>\n<meta property=\"og:type\" content=\"article\" \/>\n<meta property=\"og:title\" content=\"Eingew\u00f6hnung - Familienzentrum St. Elisabeth\" \/>\n<meta property=\"og:description\" content=\"\u201eGeborgenheit ist eine wesentliche Voraussetzung, dass sich das Kind mit Freude bewegt und selbstst\u00e4ndig spielt.\u201c (Pikler) Ein wichtiges Anliegen ist es uns, dass sich das Kind in unserer Einrichtung wohlf\u00fchlt. Hierf\u00fcr ist ein guter Start und somit eine gute Eingew\u00f6hnung von besonderer Bedeutung. Die Eingew\u00f6hnung gestalten wir angelehnt an das Berliner Eingew\u00f6hnungsmodell bei dem wir Read More\" \/>\n<meta property=\"og:url\" content=\"https:\/\/familienzentrum-st-elisabeth.info\/?page_id=133\" \/>\n<meta property=\"og:site_name\" content=\"Familienzentrum St. Elisabeth\" \/>\n<meta property=\"article:modified_time\" content=\"2023-08-30T08:38:54+00:00\" \/>\n<meta name=\"twitter:card\" content=\"summary_large_image\" \/>\n<meta name=\"twitter:label1\" content=\"Gesch\u00e4tzte Lesezeit\" \/>\n\t<meta name=\"twitter:data1\" content=\"3\u00a0Minuten\" \/>\n<script type=\"application\/ld+json\" class=\"yoast-schema-graph\">{\"@context\":\"https:\\\/\\\/schema.org\",\"@graph\":[{\"@type\":\"WebPage\",\"@id\":\"https:\\\/\\\/familienzentrum-st-elisabeth.info\\\/?page_id=133\",\"url\":\"https:\\\/\\\/familienzentrum-st-elisabeth.info\\\/?page_id=133\",\"name\":\"Eingew\u00f6hnung - Familienzentrum St. Elisabeth\",\"isPartOf\":{\"@id\":\"https:\\\/\\\/familienzentrum-st-elisabeth.info\\\/#website\"},\"datePublished\":\"2023-01-09T12:42:28+00:00\",\"dateModified\":\"2023-08-30T08:38:54+00:00\",\"breadcrumb\":{\"@id\":\"https:\\\/\\\/familienzentrum-st-elisabeth.info\\\/?page_id=133#breadcrumb\"},\"inLanguage\":\"de\",\"potentialAction\":[{\"@type\":\"ReadAction\",\"target\":[\"https:\\\/\\\/familienzentrum-st-elisabeth.info\\\/?page_id=133\"]}]},{\"@type\":\"BreadcrumbList\",\"@id\":\"https:\\\/\\\/familienzentrum-st-elisabeth.info\\\/?page_id=133#breadcrumb\",\"itemListElement\":[{\"@type\":\"ListItem\",\"position\":1,\"name\":\"Startseite\",\"item\":\"https:\\\/\\\/familienzentrum-st-elisabeth.info\\\/\"},{\"@type\":\"ListItem\",\"position\":2,\"name\":\"Eingew\u00f6hnung\"}]},{\"@type\":\"WebSite\",\"@id\":\"https:\\\/\\\/familienzentrum-st-elisabeth.info\\\/#website\",\"url\":\"https:\\\/\\\/familienzentrum-st-elisabeth.info\\\/\",\"name\":\"Familienzentrum St. Elisabeth\",\"description\":\"Stadtlohn\",\"publisher\":{\"@id\":\"https:\\\/\\\/familienzentrum-st-elisabeth.info\\\/#organization\"},\"potentialAction\":[{\"@type\":\"SearchAction\",\"target\":{\"@type\":\"EntryPoint\",\"urlTemplate\":\"https:\\\/\\\/familienzentrum-st-elisabeth.info\\\/?s={search_term_string}\"},\"query-input\":{\"@type\":\"PropertyValueSpecification\",\"valueRequired\":true,\"valueName\":\"search_term_string\"}}],\"inLanguage\":\"de\"},{\"@type\":\"Organization\",\"@id\":\"https:\\\/\\\/familienzentrum-st-elisabeth.info\\\/#organization\",\"name\":\"Familienzentrum St. Elisabeth\",\"url\":\"https:\\\/\\\/familienzentrum-st-elisabeth.info\\\/\",\"logo\":{\"@type\":\"ImageObject\",\"inLanguage\":\"de\",\"@id\":\"https:\\\/\\\/familienzentrum-st-elisabeth.info\\\/#\\\/schema\\\/logo\\\/image\\\/\",\"url\":\"https:\\\/\\\/familienzentrum-st-elisabeth.info\\\/wp-content\\\/uploads\\\/2022\\\/11\\\/cropped-image008-1-e1669193012284.png\",\"contentUrl\":\"https:\\\/\\\/familienzentrum-st-elisabeth.info\\\/wp-content\\\/uploads\\\/2022\\\/11\\\/cropped-image008-1-e1669193012284.png\",\"width\":100,\"height\":100,\"caption\":\"Familienzentrum St. Elisabeth\"},\"image\":{\"@id\":\"https:\\\/\\\/familienzentrum-st-elisabeth.info\\\/#\\\/schema\\\/logo\\\/image\\\/\"}}]}<\/script>\n<!-- \/ Yoast SEO plugin. -->","yoast_head_json":{"title":"Eingew\u00f6hnung - Familienzentrum St. Elisabeth","robots":{"index":"index","follow":"follow","max-snippet":"max-snippet:-1","max-image-preview":"max-image-preview:large","max-video-preview":"max-video-preview:-1"},"canonical":"https:\/\/familienzentrum-st-elisabeth.info\/?page_id=133","og_locale":"de_DE","og_type":"article","og_title":"Eingew\u00f6hnung - Familienzentrum St. Elisabeth","og_description":"\u201eGeborgenheit ist eine wesentliche Voraussetzung, dass sich das Kind mit Freude bewegt und selbstst\u00e4ndig spielt.\u201c (Pikler) Ein wichtiges Anliegen ist es uns, dass sich das Kind in unserer Einrichtung wohlf\u00fchlt. Hierf\u00fcr ist ein guter Start und somit eine gute Eingew\u00f6hnung von besonderer Bedeutung. Die Eingew\u00f6hnung gestalten wir angelehnt an das Berliner Eingew\u00f6hnungsmodell bei dem wir Read More","og_url":"https:\/\/familienzentrum-st-elisabeth.info\/?page_id=133","og_site_name":"Familienzentrum St. Elisabeth","article_modified_time":"2023-08-30T08:38:54+00:00","twitter_card":"summary_large_image","twitter_misc":{"Gesch\u00e4tzte Lesezeit":"3\u00a0Minuten"},"schema":{"@context":"https:\/\/schema.org","@graph":[{"@type":"WebPage","@id":"https:\/\/familienzentrum-st-elisabeth.info\/?page_id=133","url":"https:\/\/familienzentrum-st-elisabeth.info\/?page_id=133","name":"Eingew\u00f6hnung - Familienzentrum St. Elisabeth","isPartOf":{"@id":"https:\/\/familienzentrum-st-elisabeth.info\/#website"},"datePublished":"2023-01-09T12:42:28+00:00","dateModified":"2023-08-30T08:38:54+00:00","breadcrumb":{"@id":"https:\/\/familienzentrum-st-elisabeth.info\/?page_id=133#breadcrumb"},"inLanguage":"de","potentialAction":[{"@type":"ReadAction","target":["https:\/\/familienzentrum-st-elisabeth.info\/?page_id=133"]}]},{"@type":"BreadcrumbList","@id":"https:\/\/familienzentrum-st-elisabeth.info\/?page_id=133#breadcrumb","itemListElement":[{"@type":"ListItem","position":1,"name":"Startseite","item":"https:\/\/familienzentrum-st-elisabeth.info\/"},{"@type":"ListItem","position":2,"name":"Eingew\u00f6hnung"}]},{"@type":"WebSite","@id":"https:\/\/familienzentrum-st-elisabeth.info\/#website","url":"https:\/\/familienzentrum-st-elisabeth.info\/","name":"Familienzentrum St. Elisabeth","description":"Stadtlohn","publisher":{"@id":"https:\/\/familienzentrum-st-elisabeth.info\/#organization"},"potentialAction":[{"@type":"SearchAction","target":{"@type":"EntryPoint","urlTemplate":"https:\/\/familienzentrum-st-elisabeth.info\/?s={search_term_string}"},"query-input":{"@type":"PropertyValueSpecification","valueRequired":true,"valueName":"search_term_string"}}],"inLanguage":"de"},{"@type":"Organization","@id":"https:\/\/familienzentrum-st-elisabeth.info\/#organization","name":"Familienzentrum St. Elisabeth","url":"https:\/\/familienzentrum-st-elisabeth.info\/","logo":{"@type":"ImageObject","inLanguage":"de","@id":"https:\/\/familienzentrum-st-elisabeth.info\/#\/schema\/logo\/image\/","url":"https:\/\/familienzentrum-st-elisabeth.info\/wp-content\/uploads\/2022\/11\/cropped-image008-1-e1669193012284.png","contentUrl":"https:\/\/familienzentrum-st-elisabeth.info\/wp-content\/uploads\/2022\/11\/cropped-image008-1-e1669193012284.png","width":100,"height":100,"caption":"Familienzentrum St. Elisabeth"},"image":{"@id":"https:\/\/familienzentrum-st-elisabeth.info\/#\/schema\/logo\/image\/"}}]}},"_links":{"self":[{"href":"https:\/\/familienzentrum-st-elisabeth.info\/index.php?rest_route=\/wp\/v2\/pages\/133","targetHints":{"allow":["GET"]}}],"collection":[{"href":"https:\/\/familienzentrum-st-elisabeth.info\/index.php?rest_route=\/wp\/v2\/pages"}],"about":[{"href":"https:\/\/familienzentrum-st-elisabeth.info\/index.php?rest_route=\/wp\/v2\/types\/page"}],"author":[{"embeddable":true,"href":"https:\/\/familienzentrum-st-elisabeth.info\/index.php?rest_route=\/wp\/v2\/users\/1"}],"replies":[{"embeddable":true,"href":"https:\/\/familienzentrum-st-elisabeth.info\/index.php?rest_route=%2Fwp%2Fv2%2Fcomments&post=133"}],"version-history":[{"count":3,"href":"https:\/\/familienzentrum-st-elisabeth.info\/index.php?rest_route=\/wp\/v2\/pages\/133\/revisions"}],"predecessor-version":[{"id":389,"href":"https:\/\/familienzentrum-st-elisabeth.info\/index.php?rest_route=\/wp\/v2\/pages\/133\/revisions\/389"}],"wp:attachment":[{"href":"https:\/\/familienzentrum-st-elisabeth.info\/index.php?rest_route=%2Fwp%2Fv2%2Fmedia&parent=133"}],"curies":[{"name":"wp","href":"https:\/\/api.w.org\/{rel}","templated":true}]}}