{"id":127,"date":"2023-01-09T13:40:09","date_gmt":"2023-01-09T12:40:09","guid":{"rendered":"http:\/\/wordpress-elisabeth.p604061.webspaceconfig.de\/?page_id=127"},"modified":"2023-11-15T13:58:45","modified_gmt":"2023-11-15T12:58:45","slug":"verbundfamilienzentrum-st-elisabeth-st-nikolaus","status":"publish","type":"page","link":"https:\/\/familienzentrum-st-elisabeth.info\/?page_id=127","title":{"rendered":"Verbundfamilienzentrum St. Elisabeth \/ St. Nikolaus"},"content":{"rendered":"<div class=\"n2-section-smartslider fitvidsignore  n2_clear\" data-ssid=\"24\"><div id=\"n2-ss-24-align\" class=\"n2-ss-align\"><div class=\"n2-padding\"><div id=\"n2-ss-24\" data-creator=\"Smart Slider 3\" data-responsive=\"auto\" class=\"n2-ss-slider n2-ow n2-has-hover n2notransition  \">\n        <div class=\"n2-ss-slider-1 n2_ss__touch_element n2-ow\">\n            <div class=\"n2-ss-slider-2 n2-ow\">\n                                                <div class=\"n2-ss-slider-3 n2-ow\">\n\n                    <div class=\"n2-ss-slide-backgrounds n2-ow-all\"><div class=\"n2-ss-slide-background\" data-public-id=\"1\" data-mode=\"fill\"><div class=\"n2-ss-slide-background-image\" data-blur=\"0\" data-opacity=\"100\" data-x=\"50\" data-y=\"50\" data-alt=\"\" data-title=\"\"><picture class=\"skip-lazy\" data-skip-lazy=\"1\"><img decoding=\"async\" src=\"\/\/familienzentrum-st-elisabeth.info\/wp-content\/uploads\/2023\/10\/wirzusammen.png\" alt=\"\" title=\"\" loading=\"lazy\" class=\"skip-lazy\" data-skip-lazy=\"1\"><\/picture><\/div><div data-color=\"RGBA(255,255,255,0)\" style=\"background-color: RGBA(255,255,255,0);\" class=\"n2-ss-slide-background-color\"><\/div><\/div><\/div>                    <div class=\"n2-ss-slider-4 n2-ow\">\n                        <svg xmlns=\"http:\/\/www.w3.org\/2000\/svg\" viewBox=\"0 0 1200 400\" data-related-device=\"desktopPortrait\" class=\"n2-ow n2-ss-preserve-size n2-ss-preserve-size--slider n2-ss-slide-limiter\"><\/svg><div data-first=\"1\" data-slide-duration=\"0\" data-id=\"151\" data-slide-public-id=\"1\" data-title=\"wirzusammen\" class=\"n2-ss-slide n2-ow  n2-ss-slide-151\"><div role=\"note\" class=\"n2-ss-slide--focus\" tabindex=\"-1\">wirzusammen<\/div><div class=\"n2-ss-layers-container n2-ss-slide-limiter n2-ow\"><div class=\"n2-ss-layer n2-ow n-uc-tchQxqKzBQRA\" data-sstype=\"slide\" data-pm=\"default\"><\/div><\/div><\/div>                    <\/div>\n\n                                    <\/div>\n            <\/div>\n        <\/div>\n        <\/div><ss3-loader><\/ss3-loader><\/div><\/div><div class=\"n2_clear\"><\/div><\/div>\n\n\n<p><\/p>\n\n\n\n<div class=\"wp-block-columns is-layout-flex wp-container-core-columns-is-layout-9d6595d7 wp-block-columns-is-layout-flex\">\n<div class=\"wp-block-column is-layout-flow wp-block-column-is-layout-flow\">\n<p>Unser Familienzentrum&nbsp; besteht aus den beiden katholischen Einrichtungen St. Elisabeth und St. Nikolaus. Beide Einrichtungen liegen etwa in 2km Entfernung voneinander getrennt durch den Westring im s\u00fcdwestlichen Teil Stadtlohns, genannt Breul.<\/p>\n\n\n\n<div class=\"wp-block-columns is-layout-flex wp-container-core-columns-is-layout-9d6595d7 wp-block-columns-is-layout-flex\">\n<div class=\"wp-block-column is-layout-flow wp-block-column-is-layout-flow\">\n<figure class=\"wp-block-image size-full is-resized\"><img loading=\"lazy\" decoding=\"async\" width=\"980\" height=\"491\" src=\"https:\/\/familienzentrum-st-elisabeth.info\/wp-content\/uploads\/2023\/01\/haus.jpg\" alt=\"\" class=\"wp-image-69\" style=\"object-fit:cover;width:400px;height:200px\" srcset=\"https:\/\/familienzentrum-st-elisabeth.info\/wp-content\/uploads\/2023\/01\/haus.jpg 980w, https:\/\/familienzentrum-st-elisabeth.info\/wp-content\/uploads\/2023\/01\/haus-300x150.jpg 300w, https:\/\/familienzentrum-st-elisabeth.info\/wp-content\/uploads\/2023\/01\/haus-768x385.jpg 768w\" sizes=\"auto, (max-width: 980px) 100vw, 980px\" \/><figcaption class=\"wp-element-caption\">Kindertageseinrichtung St. Elisabeth<\/figcaption><\/figure>\n<\/div>\n\n\n\n<div class=\"wp-block-column is-layout-flow wp-block-column-is-layout-flow\">\n<figure class=\"wp-block-image size-full is-resized\"><a href=\"https:\/\/fz-st-nikolaus.info\" target=\"_blank\" rel=\"noreferrer noopener\"><img loading=\"lazy\" decoding=\"async\" width=\"300\" height=\"144\" src=\"https:\/\/familienzentrum-st-elisabeth.info\/wp-content\/uploads\/2023\/10\/haus.jpg\" alt=\"\" class=\"wp-image-581\" style=\"object-fit:cover;width:400px;height:200px\"\/><\/a><figcaption class=\"wp-element-caption\"><a href=\"https:\/\/fz-st-nikolaus.info\">Kindertageseinrichtung St. Nikolaus<\/a><\/figcaption><\/figure>\n<\/div>\n<\/div>\n<\/div>\n<\/div>\n\n\n\n<p><\/p>\n\n\n\n<div class=\"wp-block-columns is-layout-flex wp-container-core-columns-is-layout-9d6595d7 wp-block-columns-is-layout-flex\">\n<div class=\"wp-block-column is-layout-flow wp-block-column-is-layout-flow\" style=\"flex-basis:30%\">\n<figure class=\"wp-block-image size-full\"><img loading=\"lazy\" decoding=\"async\" width=\"314\" height=\"204\" src=\"http:\/\/wordpress-elisabeth.p604061.webspaceconfig.de\/wp-content\/uploads\/2023\/10\/FZ-siegel.jpg\" alt=\"\" class=\"wp-image-580\" srcset=\"https:\/\/familienzentrum-st-elisabeth.info\/wp-content\/uploads\/2023\/10\/FZ-siegel.jpg 314w, https:\/\/familienzentrum-st-elisabeth.info\/wp-content\/uploads\/2023\/10\/FZ-siegel-300x195.jpg 300w\" sizes=\"auto, (max-width: 314px) 100vw, 314px\" \/><\/figure>\n<\/div>\n\n\n\n<div class=\"wp-block-column is-layout-flow wp-block-column-is-layout-flow\" style=\"flex-basis:70%\">\n<p>Im Jahr 2010 wurde unseren beiden Einrichtungen erstmalig das G\u00fctesiegel&nbsp;<strong>\u201eFamilienzentrum<\/strong>&nbsp;<strong>NRW\u201c<\/strong>&nbsp;vom D\u00fcsseldorfer Ministerium f\u00fcr Familie, Kinder, Jugend, Kultur und Sport des Landes NRW und der P\u00e4dQuis gGmbH Berlin (p\u00e4dagogische Qualit\u00e4ts-Informationssysteme) verliehen.<\/p>\n\n\n\n<p>Damit haben wir \u00fcber den Bildungs, Erziehungs- und Betreuungsauftrag hinaus&nbsp; unser Angebot um ortsnahe niedrigschwellige Unterst\u00fctzungsstrukturen f\u00fcr Familien erweitert. Mit einem Netzwerk von Kooperationspartnern und finanziellen Zuwendungen f\u00fcr das Familienzentrum sind&nbsp; bedarfsgerechte r\u00e4umlich nahe, kostenneutrale oder kosteng\u00fcnstige Bildungsangebote, Beratungsangebote und Unterst\u00fctzungsm\u00f6glichkeiten im n\u00e4heren r\u00e4umlichen Umfeld m\u00f6glich. Es ist unser Ziel, m\u00f6glichst viele Menschen \u2013 gerade auch in besonderen Lebenslagen und am Ortsrand von Stadtlohn \u2013 an Betreuung, Bildung und Beratung teilhaben zu lassen, Informationen und ein Netzwerk f\u00fcr F\u00f6rder- und Hilfsm\u00f6glichkeiten zur Verf\u00fcgung zu stellen und die Vereinbarkeit von Familie und Beruf zu unterst\u00fctzen.<\/p>\n\n\n\n<p>Um den Qualit\u00e4tsstandart des Familienzentrums nicht nur zu halten, sondern auch zu verbessern, bilden sich die Mitarbeitenden des Familienzentrums regelm\u00e4\u00dfig fort, f\u00fchren wir Bedarfsabfragen durch, ber\u00fccksichtigen wir die erfragten Bedarfe bei der Angebotsplanung&nbsp; und nehmen regelm\u00e4\u00dfig alle vier Jahre an den Rezertifizierungsma\u00dfnahmen teil.<\/p>\n<\/div>\n<\/div>\n","protected":false},"excerpt":{"rendered":"<p>Unser Familienzentrum&nbsp; besteht aus den beiden katholischen Einrichtungen St. Elisabeth und St. Nikolaus. Beide Einrichtungen liegen etwa in 2km Entfernung voneinander getrennt durch den Westring im s\u00fcdwestlichen Teil Stadtlohns, genannt Breul. Im Jahr 2010 wurde unseren beiden Einrichtungen erstmalig das G\u00fctesiegel&nbsp;\u201eFamilienzentrum&nbsp;NRW\u201c&nbsp;vom D\u00fcsseldorfer Ministerium f\u00fcr Familie, Kinder, Jugend, Kultur und Sport des Landes NRW und der <a class=\"read-more\" href=\"https:\/\/familienzentrum-st-elisabeth.info\/?page_id=127\">Read More<\/a><\/p>\n","protected":false},"author":1,"featured_media":0,"parent":0,"menu_order":0,"comment_status":"closed","ping_status":"closed","template":"template-full-width.php","meta":{"footnotes":""},"class_list":["post-127","page","type-page","status-publish","hentry"],"yoast_head":"<!-- This site is optimized with the Yoast SEO plugin v27.3 - https:\/\/yoast.com\/product\/yoast-seo-wordpress\/ -->\n<title>Verbundfamilienzentrum St. Elisabeth \/ St. Nikolaus - Familienzentrum St. Elisabeth<\/title>\n<meta name=\"robots\" content=\"index, follow, max-snippet:-1, max-image-preview:large, max-video-preview:-1\" \/>\n<link rel=\"canonical\" href=\"https:\/\/familienzentrum-st-elisabeth.info\/?page_id=127\" \/>\n<meta property=\"og:locale\" content=\"de_DE\" \/>\n<meta property=\"og:type\" content=\"article\" \/>\n<meta property=\"og:title\" content=\"Verbundfamilienzentrum St. Elisabeth \/ St. Nikolaus - Familienzentrum St. Elisabeth\" \/>\n<meta property=\"og:description\" content=\"Unser Familienzentrum&nbsp; besteht aus den beiden katholischen Einrichtungen St. Elisabeth und St. Nikolaus. Beide Einrichtungen liegen etwa in 2km Entfernung voneinander getrennt durch den Westring im s\u00fcdwestlichen Teil Stadtlohns, genannt Breul. Im Jahr 2010 wurde unseren beiden Einrichtungen erstmalig das G\u00fctesiegel&nbsp;\u201eFamilienzentrum&nbsp;NRW\u201c&nbsp;vom D\u00fcsseldorfer Ministerium f\u00fcr Familie, Kinder, Jugend, Kultur und Sport des Landes NRW und der Read More\" \/>\n<meta property=\"og:url\" content=\"https:\/\/familienzentrum-st-elisabeth.info\/?page_id=127\" \/>\n<meta property=\"og:site_name\" content=\"Familienzentrum St. Elisabeth\" \/>\n<meta property=\"article:modified_time\" content=\"2023-11-15T12:58:45+00:00\" \/>\n<meta property=\"og:image\" content=\"https:\/\/familienzentrum-st-elisabeth.info\/wp-content\/uploads\/2023\/01\/haus.jpg\" \/>\n<meta name=\"twitter:card\" content=\"summary_large_image\" \/>\n<meta name=\"twitter:label1\" content=\"Gesch\u00e4tzte Lesezeit\" \/>\n\t<meta name=\"twitter:data1\" content=\"2\u00a0Minuten\" \/>\n<script type=\"application\/ld+json\" class=\"yoast-schema-graph\">{\"@context\":\"https:\\\/\\\/schema.org\",\"@graph\":[{\"@type\":\"WebPage\",\"@id\":\"https:\\\/\\\/familienzentrum-st-elisabeth.info\\\/?page_id=127\",\"url\":\"https:\\\/\\\/familienzentrum-st-elisabeth.info\\\/?page_id=127\",\"name\":\"Verbundfamilienzentrum St. Elisabeth \\\/ St. Nikolaus - Familienzentrum St. Elisabeth\",\"isPartOf\":{\"@id\":\"https:\\\/\\\/familienzentrum-st-elisabeth.info\\\/#website\"},\"primaryImageOfPage\":{\"@id\":\"https:\\\/\\\/familienzentrum-st-elisabeth.info\\\/?page_id=127#primaryimage\"},\"image\":{\"@id\":\"https:\\\/\\\/familienzentrum-st-elisabeth.info\\\/?page_id=127#primaryimage\"},\"thumbnailUrl\":\"https:\\\/\\\/familienzentrum-st-elisabeth.info\\\/wp-content\\\/uploads\\\/2023\\\/01\\\/haus.jpg\",\"datePublished\":\"2023-01-09T12:40:09+00:00\",\"dateModified\":\"2023-11-15T12:58:45+00:00\",\"breadcrumb\":{\"@id\":\"https:\\\/\\\/familienzentrum-st-elisabeth.info\\\/?page_id=127#breadcrumb\"},\"inLanguage\":\"de\",\"potentialAction\":[{\"@type\":\"ReadAction\",\"target\":[\"https:\\\/\\\/familienzentrum-st-elisabeth.info\\\/?page_id=127\"]}]},{\"@type\":\"ImageObject\",\"inLanguage\":\"de\",\"@id\":\"https:\\\/\\\/familienzentrum-st-elisabeth.info\\\/?page_id=127#primaryimage\",\"url\":\"https:\\\/\\\/familienzentrum-st-elisabeth.info\\\/wp-content\\\/uploads\\\/2023\\\/01\\\/haus.jpg\",\"contentUrl\":\"https:\\\/\\\/familienzentrum-st-elisabeth.info\\\/wp-content\\\/uploads\\\/2023\\\/01\\\/haus.jpg\",\"width\":980,\"height\":491},{\"@type\":\"BreadcrumbList\",\"@id\":\"https:\\\/\\\/familienzentrum-st-elisabeth.info\\\/?page_id=127#breadcrumb\",\"itemListElement\":[{\"@type\":\"ListItem\",\"position\":1,\"name\":\"Startseite\",\"item\":\"https:\\\/\\\/familienzentrum-st-elisabeth.info\\\/\"},{\"@type\":\"ListItem\",\"position\":2,\"name\":\"Verbundfamilienzentrum St. Elisabeth \\\/ St. Nikolaus\"}]},{\"@type\":\"WebSite\",\"@id\":\"https:\\\/\\\/familienzentrum-st-elisabeth.info\\\/#website\",\"url\":\"https:\\\/\\\/familienzentrum-st-elisabeth.info\\\/\",\"name\":\"Familienzentrum St. Elisabeth\",\"description\":\"Stadtlohn\",\"publisher\":{\"@id\":\"https:\\\/\\\/familienzentrum-st-elisabeth.info\\\/#organization\"},\"potentialAction\":[{\"@type\":\"SearchAction\",\"target\":{\"@type\":\"EntryPoint\",\"urlTemplate\":\"https:\\\/\\\/familienzentrum-st-elisabeth.info\\\/?s={search_term_string}\"},\"query-input\":{\"@type\":\"PropertyValueSpecification\",\"valueRequired\":true,\"valueName\":\"search_term_string\"}}],\"inLanguage\":\"de\"},{\"@type\":\"Organization\",\"@id\":\"https:\\\/\\\/familienzentrum-st-elisabeth.info\\\/#organization\",\"name\":\"Familienzentrum St. Elisabeth\",\"url\":\"https:\\\/\\\/familienzentrum-st-elisabeth.info\\\/\",\"logo\":{\"@type\":\"ImageObject\",\"inLanguage\":\"de\",\"@id\":\"https:\\\/\\\/familienzentrum-st-elisabeth.info\\\/#\\\/schema\\\/logo\\\/image\\\/\",\"url\":\"https:\\\/\\\/familienzentrum-st-elisabeth.info\\\/wp-content\\\/uploads\\\/2022\\\/11\\\/cropped-image008-1-e1669193012284.png\",\"contentUrl\":\"https:\\\/\\\/familienzentrum-st-elisabeth.info\\\/wp-content\\\/uploads\\\/2022\\\/11\\\/cropped-image008-1-e1669193012284.png\",\"width\":100,\"height\":100,\"caption\":\"Familienzentrum St. Elisabeth\"},\"image\":{\"@id\":\"https:\\\/\\\/familienzentrum-st-elisabeth.info\\\/#\\\/schema\\\/logo\\\/image\\\/\"}}]}<\/script>\n<!-- \/ Yoast SEO plugin. -->","yoast_head_json":{"title":"Verbundfamilienzentrum St. Elisabeth \/ St. Nikolaus - Familienzentrum St. Elisabeth","robots":{"index":"index","follow":"follow","max-snippet":"max-snippet:-1","max-image-preview":"max-image-preview:large","max-video-preview":"max-video-preview:-1"},"canonical":"https:\/\/familienzentrum-st-elisabeth.info\/?page_id=127","og_locale":"de_DE","og_type":"article","og_title":"Verbundfamilienzentrum St. Elisabeth \/ St. Nikolaus - Familienzentrum St. Elisabeth","og_description":"Unser Familienzentrum&nbsp; besteht aus den beiden katholischen Einrichtungen St. Elisabeth und St. Nikolaus. Beide Einrichtungen liegen etwa in 2km Entfernung voneinander getrennt durch den Westring im s\u00fcdwestlichen Teil Stadtlohns, genannt Breul. Im Jahr 2010 wurde unseren beiden Einrichtungen erstmalig das G\u00fctesiegel&nbsp;\u201eFamilienzentrum&nbsp;NRW\u201c&nbsp;vom D\u00fcsseldorfer Ministerium f\u00fcr Familie, Kinder, Jugend, Kultur und Sport des Landes NRW und der Read More","og_url":"https:\/\/familienzentrum-st-elisabeth.info\/?page_id=127","og_site_name":"Familienzentrum St. Elisabeth","article_modified_time":"2023-11-15T12:58:45+00:00","og_image":[{"url":"https:\/\/familienzentrum-st-elisabeth.info\/wp-content\/uploads\/2023\/01\/haus.jpg","type":"","width":"","height":""}],"twitter_card":"summary_large_image","twitter_misc":{"Gesch\u00e4tzte Lesezeit":"2\u00a0Minuten"},"schema":{"@context":"https:\/\/schema.org","@graph":[{"@type":"WebPage","@id":"https:\/\/familienzentrum-st-elisabeth.info\/?page_id=127","url":"https:\/\/familienzentrum-st-elisabeth.info\/?page_id=127","name":"Verbundfamilienzentrum St. Elisabeth \/ St. Nikolaus - Familienzentrum St. Elisabeth","isPartOf":{"@id":"https:\/\/familienzentrum-st-elisabeth.info\/#website"},"primaryImageOfPage":{"@id":"https:\/\/familienzentrum-st-elisabeth.info\/?page_id=127#primaryimage"},"image":{"@id":"https:\/\/familienzentrum-st-elisabeth.info\/?page_id=127#primaryimage"},"thumbnailUrl":"https:\/\/familienzentrum-st-elisabeth.info\/wp-content\/uploads\/2023\/01\/haus.jpg","datePublished":"2023-01-09T12:40:09+00:00","dateModified":"2023-11-15T12:58:45+00:00","breadcrumb":{"@id":"https:\/\/familienzentrum-st-elisabeth.info\/?page_id=127#breadcrumb"},"inLanguage":"de","potentialAction":[{"@type":"ReadAction","target":["https:\/\/familienzentrum-st-elisabeth.info\/?page_id=127"]}]},{"@type":"ImageObject","inLanguage":"de","@id":"https:\/\/familienzentrum-st-elisabeth.info\/?page_id=127#primaryimage","url":"https:\/\/familienzentrum-st-elisabeth.info\/wp-content\/uploads\/2023\/01\/haus.jpg","contentUrl":"https:\/\/familienzentrum-st-elisabeth.info\/wp-content\/uploads\/2023\/01\/haus.jpg","width":980,"height":491},{"@type":"BreadcrumbList","@id":"https:\/\/familienzentrum-st-elisabeth.info\/?page_id=127#breadcrumb","itemListElement":[{"@type":"ListItem","position":1,"name":"Startseite","item":"https:\/\/familienzentrum-st-elisabeth.info\/"},{"@type":"ListItem","position":2,"name":"Verbundfamilienzentrum St. Elisabeth \/ St. Nikolaus"}]},{"@type":"WebSite","@id":"https:\/\/familienzentrum-st-elisabeth.info\/#website","url":"https:\/\/familienzentrum-st-elisabeth.info\/","name":"Familienzentrum St. Elisabeth","description":"Stadtlohn","publisher":{"@id":"https:\/\/familienzentrum-st-elisabeth.info\/#organization"},"potentialAction":[{"@type":"SearchAction","target":{"@type":"EntryPoint","urlTemplate":"https:\/\/familienzentrum-st-elisabeth.info\/?s={search_term_string}"},"query-input":{"@type":"PropertyValueSpecification","valueRequired":true,"valueName":"search_term_string"}}],"inLanguage":"de"},{"@type":"Organization","@id":"https:\/\/familienzentrum-st-elisabeth.info\/#organization","name":"Familienzentrum St. Elisabeth","url":"https:\/\/familienzentrum-st-elisabeth.info\/","logo":{"@type":"ImageObject","inLanguage":"de","@id":"https:\/\/familienzentrum-st-elisabeth.info\/#\/schema\/logo\/image\/","url":"https:\/\/familienzentrum-st-elisabeth.info\/wp-content\/uploads\/2022\/11\/cropped-image008-1-e1669193012284.png","contentUrl":"https:\/\/familienzentrum-st-elisabeth.info\/wp-content\/uploads\/2022\/11\/cropped-image008-1-e1669193012284.png","width":100,"height":100,"caption":"Familienzentrum St. Elisabeth"},"image":{"@id":"https:\/\/familienzentrum-st-elisabeth.info\/#\/schema\/logo\/image\/"}}]}},"_links":{"self":[{"href":"https:\/\/familienzentrum-st-elisabeth.info\/index.php?rest_route=\/wp\/v2\/pages\/127","targetHints":{"allow":["GET"]}}],"collection":[{"href":"https:\/\/familienzentrum-st-elisabeth.info\/index.php?rest_route=\/wp\/v2\/pages"}],"about":[{"href":"https:\/\/familienzentrum-st-elisabeth.info\/index.php?rest_route=\/wp\/v2\/types\/page"}],"author":[{"embeddable":true,"href":"https:\/\/familienzentrum-st-elisabeth.info\/index.php?rest_route=\/wp\/v2\/users\/1"}],"replies":[{"embeddable":true,"href":"https:\/\/familienzentrum-st-elisabeth.info\/index.php?rest_route=%2Fwp%2Fv2%2Fcomments&post=127"}],"version-history":[{"count":7,"href":"https:\/\/familienzentrum-st-elisabeth.info\/index.php?rest_route=\/wp\/v2\/pages\/127\/revisions"}],"predecessor-version":[{"id":702,"href":"https:\/\/familienzentrum-st-elisabeth.info\/index.php?rest_route=\/wp\/v2\/pages\/127\/revisions\/702"}],"wp:attachment":[{"href":"https:\/\/familienzentrum-st-elisabeth.info\/index.php?rest_route=%2Fwp%2Fv2%2Fmedia&parent=127"}],"curies":[{"name":"wp","href":"https:\/\/api.w.org\/{rel}","templated":true}]}}